{"id":75196,"date":"2021-02-04T18:22:43","date_gmt":"2021-02-04T18:22:43","guid":{"rendered":"https:\/\/shop.nlq24.eu\/produkt\/spruehflasche-500-ml-verstellbare-spruehduese\/"},"modified":"2026-04-08T09:52:00","modified_gmt":"2026-04-08T09:52:00","slug":"spruehflasche-500-ml-verstellbare-spruehduese-es","status":"publish","type":"product","link":"https:\/\/shop.nlq24.eu\/es\/ producto\/spruehflasche-500-ml-verstellbare-spruehduese-es\/","title":{"rendered":"Botella pulverizadora 500 ml &#8211; boquilla pulverizadora ajustable"},"content":{"rendered":"<p><strong>Esta botella pulverizadora de 500 ml &#8211; boquilla pulverizadora ajustable, con ajuste fino continuo, est\u00e1 fabricada en blanco de PP.<\/strong><\/p>\n<p>Este pr\u00e1ctico frasco pulverizador es plano y se adapta c\u00f3modamente a la mano. Es adecuado para pulverizar l\u00edquidos de baja viscosidad (finos).<\/p>\n<p>Tiene <strong>una altura<\/strong> de aproximadamente 261 mm incluyendo el atomizador y 198 mm sin el cabezal pulverizador. La <strong>longitud aporta<\/strong> unos 103 mm y la <strong>anchura unos<\/strong> 47 mm.<\/p>\n<p>Puede aplicar las <strong>etiquetas<\/strong> de forma excelente a una altura de aproximadamente 65 mm. El peso es de s\u00f3lo unos 76 gramos.<\/p>\n<p>&nbsp;<\/p>\n<h3>Calidad e idoneidad de la botella pulverizadora de 500 ml &#8211; boquilla pulverizadora ajustable<\/h3>\n<p class=\"Normal\">Esta alta calidad <strong>Botella de spray de calidad<\/strong> es <strong>recargable<\/strong> y permite un uso m\u00faltiple.<\/p>\n<p class=\"Normal\">Esta botella de spray es adecuada para los limpiadores dom\u00e9sticos. Sin embargo, s\u00f3lo es condicionalmente adecuado para los productos qu\u00edmicos. Los productos qu\u00edmicos que se evaporan deben ser rociados completamente o devueltos a su ubicaci\u00f3n cerrada.<\/p>\n<h3>Composici\u00f3n del material<\/h3>\n<p class=\"Normal\">La parte inferior de esta botella es de PP. El cabezal de pulverizaci\u00f3n (atomizador) tambi\u00e9n est\u00e1 hecho de PP en el material b\u00e1sico, adem\u00e1s de polietileno y la bola de pulverizaci\u00f3n de acero inoxidable.<\/p>\n<h3>El cabezal de pulverizaci\u00f3n<\/h3>\n<p>Puede ajustar las boquillas de este cabezal pulverizador de forma continua. La boquilla es infinitamente ajustable y ofrece tanto un chorro muy<strong>fino como uno duro<\/strong>. Sin embargo, el pulverizador no se puede apagar con \u00e9l.<\/p>\n<p>La cantidad que se pulveriza por cada pulsaci\u00f3n del cabezal es de 1,2 ml \u00b1 0,1 ml.<\/p>\n<p>Para medir para las mezclas que quiere hacer usted mismo, eche un vistazo a la categor\u00eda: <a href=\"https:\/\/shop.nlq24.eu\/es\/ producto\/mess-cup-100-ml-bribe-pp-blue-scale\/\">en el vaso medidor<\/a> (dosificaci\u00f3n \/ llenado).<\/p>\n","protected":false},"excerpt":{"rendered":"<p>Frasco pulverizador 500 ml<\/p>\n","protected":false},"featured_media":74918,"comment_status":"open","ping_status":"closed","template":"","meta":[],"product_brand":[],"product_cat":[1866,2331,2332],"product_tag":[3060,3082,2622,2637],"class_list":{"0":"post-75196","1":"product","2":"type-product","3":"status-publish","4":"has-post-thumbnail","6":"product_cat-todos-los-productos-resumen","7":"product_cat-botellas-de-pulverizador","8":"product_cat-los-frascos-rociadores-hechos-de-hdpe-o-de-vidrio","9":"product_tag-sprayer-pe-es","10":"product_tag-botella-de-spray","11":"product_tag-rociador","12":"product_tag-botella-de-pulverizador","13":"product_shipping_class-1-paquete-de-envio-con-seguimiento","15":"first","16":"outofstock","17":"taxable","18":"shipping-taxable","19":"purchasable","20":"product-type-simple"},"_links":{"self":[{"href":"https:\/\/shop.nlq24.eu\/es\/wp-json\/wp\/v2\/product\/75196","targetHints":{"allow":["GET"]}}],"collection":[{"href":"https:\/\/shop.nlq24.eu\/es\/wp-json\/wp\/v2\/product"}],"about":[{"href":"https:\/\/shop.nlq24.eu\/es\/wp-json\/wp\/v2\/types\/product"}],"replies":[{"embeddable":true,"href":"https:\/\/shop.nlq24.eu\/es\/wp-json\/wp\/v2\/comments?post=75196"}],"wp:featuredmedia":[{"embeddable":true,"href":"https:\/\/shop.nlq24.eu\/es\/wp-json\/wp\/v2\/media\/74918"}],"wp:attachment":[{"href":"https:\/\/shop.nlq24.eu\/es\/wp-json\/wp\/v2\/media?parent=75196"}],"wp:term":[{"taxonomy":"product_brand","embeddable":true,"href":"https:\/\/shop.nlq24.eu\/es\/wp-json\/wp\/v2\/product_brand?post=75196"},{"taxonomy":"product_cat","embeddable":true,"href":"https:\/\/shop.nlq24.eu\/es\/wp-json\/wp\/v2\/product_cat?post=75196"},{"taxonomy":"product_tag","embeddable":true,"href":"https:\/\/shop.nlq24.eu\/es\/wp-json\/wp\/v2\/product_tag?post=75196"}],"curies":[{"name":"wp","href":"https:\/\/api.w.org\/{rel}","templated":true}]}}