{"id":75237,"date":"2018-11-03T19:57:17","date_gmt":"2018-11-03T19:57:17","guid":{"rendered":"https:\/\/shop.nlq24.eu\/produkt\/dmso100-dimethylsulfoxid\/"},"modified":"2025-06-12T10:14:05","modified_gmt":"2025-06-12T10:14:05","slug":"dmso100-dimethylsulfoxid-es","status":"publish","type":"product","link":"https:\/\/shop.nlq24.eu\/es\/ producto\/dmso100-dimethylsulfoxid-es\/","title":{"rendered":"DMSO100 Dimetilsulf\u00f3xido (DMSO m\u00edn. 99,9%)"},"content":{"rendered":"<p class=\"Normal\"><strong><span class=\"tm5\">DMSO100 &#8211; Dimetilsulf\u00f3xido,<\/span><\/strong> <strong><span class=\"tm5\">es un conocido disolvente con excelentes propiedades. Pureza de grado farmac\u00e9utico<br \/>\n<\/span><\/strong><\/p>\n<p class=\"Normal\">Este DMSO es de muy alta calidad y pureza. La pureza cumple con los requisitos de calidad farmac\u00e9utica (ver <strong><span class=\"tm5\"><a href=\"https:\/\/shop.nlq24.eu\/wp-content\/uploads\/2025\/03\/DMSO100-Analysezertifikat_Dimethylsulfoxid_DE.pdf\">DMSO100 Certificado de An\u00e1lisis<\/a>).<\/span><\/strong> La muy buena calidad tambi\u00e9n la confirman mis clientes satisfechos de muchos a\u00f1os. Este DMSO procede de lotes farmac\u00e9uticos. Por lo tanto, este DMSO <strong>no<\/strong> es de calidad t\u00e9cnica. Esta sustancia es <strong>libre de carcin\u00f3genos<\/strong>, tan cancer\u00edgeno, <strong>Tejidos<\/strong>. La densidad es de 1,099. La pureza oscila entre el 99,99 % y el 99,9 % como m\u00ednimo. El contenido de agua se sit\u00faa s\u00f3lo entre el 0,003% y un m\u00e1ximo del 0,01%. El porcentaje de reducci\u00f3n se sit\u00faa s\u00f3lo entre el 0,003% y un m\u00e1ximo del 0,01%. Se ofrece aqu\u00ed como producto qu\u00edmico puro. El olor y el sabor pueden variar seg\u00fan el lote.<\/p>\n<p class=\"Normal\"><strong><span class=\"tm5\">Notas<\/span><\/strong>: Mantener alejado de fuentes de ignici\u00f3n. Evitar el contacto con los ojos y la piel. A bajas temperaturas (por debajo de <strong><span class=\"tm5\">+<\/span><\/strong>18\u00b0C) el DMSO puede cristalizar. Por ello, debe mantenerse por encima de los 20\u00b0C. Si el DMSO cristaliza porque se ha almacenado demasiado fr\u00edo, simplemente cali\u00e9ntelo en un ba\u00f1o de agua caliente. La temperatura del agua no debe superar los 40\u00b0 C. Este suave calentamiento hace que vuelva a ser l\u00edquido y utilizable. <strong><span class=\"tm5\">Nunca lo<\/span><\/strong> caliente en el microondas&#8230;<\/p>\n<p class=\"Normal\">Es interesante observar que el DMSO no se expande cuando se congela, como lo hace el agua, por ejemplo. No, se contrae y cristaliza.<\/p>\n<p class=\"Normal\">Si est\u00e1 buscando una diluci\u00f3n de DMSO, encontrar\u00e1 <a href=\"https:\/\/shop.nlq24.eu\/es\/Produkt\/dmso-50-verduennung-es\/\"><span style=\"color: #0000ff;\">DMSO 50%<\/span><\/a> o <a href=\"https:\/\/shop.nlq24.eu\/produkt\/dmso-70-prozent\/\"><span style=\"color: #0000ff;\">DMSO 70%<\/span><\/a> en la tienda.<\/p>\n<div>\n<div>\n<div>\n<div>\n<p class=\"Normal\"><strong><span class=\"tm5\">Est\u00e1n disponibles las siguientes variantes:<\/span><\/strong><\/p>\n<p>&nbsp;<\/p>\n<p class=\"Normal\">Frasco cuentagotas de PP de 10 ml irrompible o frasco de vidrio con gotero<br \/>\nFrasco cuentagotas de PP de 50 ml irrompible o frasco de vidrio con gotero<br \/>\nBotella<br \/>\nde vidrio de 100 ml Frasco cuentagotas de HDPE de 200 ml Frasco<br \/>\nde vidrio de 250 ml sin gotero<br \/>\nFrasco de vidrio de 500 ml sin gotero<br \/>\nFrasco de vidrio de 1000 ml sin gotero<\/p>\n<\/div>\n<\/div>\n<\/div>\n<\/div>\n","protected":false},"excerpt":{"rendered":"<p>DMSO100 Dimetilsulf\u00f3xido m\u00edn. 99,9%<\/p>\n","protected":false},"featured_media":87603,"comment_status":"open","ping_status":"closed","template":"","meta":[],"product_brand":[],"product_cat":[1866,1873],"product_tag":[3071,3072,3073,2370,2435,2440],"class_list":{"0":"post-75237","1":"product","2":"type-product","3":"status-publish","4":"has-post-thumbnail","6":"product_cat-todos-los-productos-resumen","7":"product_cat-dmso-dimetil-sulfoxido","8":"product_tag-pharmacharge-es","9":"product_tag-sulfoxido-de-dimetilo","10":"product_tag-pureza-farmaceutica-del-dmso","11":"product_tag-99-es","12":"product_tag-dmso-es","13":"product_tag-dmso100-es","14":"product_shipping_class-1-paquete-de-envio-con-seguimiento","15":"pa_flaschenart-botella-de-vidrio-din18","16":"pa_flaschenart-botella-de-vidrio-pp28","17":"pa_flaschenart-pp-flasche-halbtransparent-es","18":"pa_flaschenart-botella-de-hdpe","19":"pa_milliliter-50-ml-es","20":"pa_milliliter-200-ml-es","21":"pa_milliliter-100-ml-es","22":"pa_milliliter-250-ml-es","23":"pa_milliliter-500-ml-es","24":"pa_milliliter-1000-ml-es","25":"pa_milliliter-10-ml-es","26":"pa_milliliter-30-ml-es","28":"first","29":"instock","30":"taxable","31":"shipping-taxable","32":"purchasable","33":"product-type-variable"},"_links":{"self":[{"href":"https:\/\/shop.nlq24.eu\/es\/wp-json\/wp\/v2\/product\/75237","targetHints":{"allow":["GET"]}}],"collection":[{"href":"https:\/\/shop.nlq24.eu\/es\/wp-json\/wp\/v2\/product"}],"about":[{"href":"https:\/\/shop.nlq24.eu\/es\/wp-json\/wp\/v2\/types\/product"}],"replies":[{"embeddable":true,"href":"https:\/\/shop.nlq24.eu\/es\/wp-json\/wp\/v2\/comments?post=75237"}],"wp:featuredmedia":[{"embeddable":true,"href":"https:\/\/shop.nlq24.eu\/es\/wp-json\/wp\/v2\/media\/87603"}],"wp:attachment":[{"href":"https:\/\/shop.nlq24.eu\/es\/wp-json\/wp\/v2\/media?parent=75237"}],"wp:term":[{"taxonomy":"product_brand","embeddable":true,"href":"https:\/\/shop.nlq24.eu\/es\/wp-json\/wp\/v2\/product_brand?post=75237"},{"taxonomy":"product_cat","embeddable":true,"href":"https:\/\/shop.nlq24.eu\/es\/wp-json\/wp\/v2\/product_cat?post=75237"},{"taxonomy":"product_tag","embeddable":true,"href":"https:\/\/shop.nlq24.eu\/es\/wp-json\/wp\/v2\/product_tag?post=75237"}],"curies":[{"name":"wp","href":"https:\/\/api.w.org\/{rel}","templated":true}]}}