{"id":75408,"date":"2019-05-13T11:28:55","date_gmt":"2019-05-13T11:28:55","guid":{"rendered":"https:\/\/shop.nlq24.eu\/produkt\/pipeta-para-botella-de-vidrio-din18-84-mm-de-longitud-blanca\/"},"modified":"2026-04-08T09:50:19","modified_gmt":"2026-04-08T09:50:19","slug":"pipette-fuer-glasflasche-din18-84-mm","status":"publish","type":"product","link":"https:\/\/shop.nlq24.eu\/es\/ producto\/pipette-fuer-glasflasche-din18-84-mm\/","title":{"rendered":"Pipeta para botella de vidrio DIN18, 84 mm de longitud, negra"},"content":{"rendered":"<p class=\"Normal\"><strong><span class=\"tm6\">Pipeta para botella de vidrio DIN18, 84 mm de longitud<br \/>\n<\/span><\/strong><\/p>\n<p>Color sujeto a disponibilidad.<\/p>\n<p class=\"Normal\">Esta pipeta con tubos de vidrio, es adecuada para botellas de vidrio de la talla DIN18. Puedes enroscarlo simplemente y utilizarlo como tap\u00f3n. Se adapta a los frascos de vidrio DIN18 de <strong>30 y 50 ml.<\/strong> Util\u00edzalo de forma segura para medir gotas.   Con 84 mm, tiene una longitud suficiente para la extracci\u00f3n, aunque no llegue al fondo de la botella. A\u00fan puedes extraer f\u00e1cilmente el l\u00edquido inclinando ligeramente la botella. La capacidad es de aprox. <strong>1,0 ml<\/strong>. Los materiales utilizados son: PE, para el cierre, caucho para el fuelle y vidrio para el tubo. Sin embargo, la pipeta no es adecuada para el frasco de vidrio DIN18 de 10 ml. Hay una <a href=\"https:\/\/shop.nlq24.eu\/es\/ producto\/pipeta-para-10-ml-botella-de-vidrio-din18\/\">pipeta separada para 10 ml <\/a>. El anillo de originalidad garantiza que se puede reconocer una vez que se ha abierto la botella. Se disuelve la primera vez que se abre la botella y luego permanece bajo el cierre. La pipeta tiene un tama\u00f1o de 84 x 7,25 mm.<\/p>\n<p class=\"Normal\">Si necesita una botella con una pipeta que llegue a la parte inferior, haga clic en la<u><a href=\"https:\/\/shop.nlq24.eu\/produkt\/glasflasche-din18-slim-braun\/\"> botella de vidrio SLIM<\/a><\/u>.<\/p>\n","protected":false},"excerpt":{"rendered":"<p><strong>Pipeta para botella de vidrio DIN18, 84 cm de longitud, blanca<\/strong><\/p>\n","protected":false},"featured_media":75934,"comment_status":"open","ping_status":"closed","template":"","meta":[],"product_brand":[],"product_cat":[1866,1876,1883,2323,2333,2359],"product_tag":[2746,2747,2748,2749,2751,3089,2745],"class_list":{"0":"post-75408","1":"product","2":"type-product","3":"status-publish","4":"has-post-thumbnail","6":"product_cat-todos-los-productos-resumen","7":"product_cat-dosificacion-medicion","8":"product_cat-botellas-de-vidrio","9":"product_cat-pipetas","10":"product_cat-cierres-din18-para-botellas-de-vidrio","11":"product_cat-zubehoer-fuer-flaschen","12":"product_tag-pipeta-para-botella-de-vidrio-din18","13":"product_tag-pipeta-de-vidrio","14":"product_tag-pipeta-para-botella-de-vidrio","15":"product_tag-pipeta-gotero","16":"product_tag-estandar-de-pipeta","17":"product_tag-pipeta-para-botella-de-vidrio-84-mm","18":"product_tag-cuentagotas","19":"product_shipping_class-1-paquete-de-envio-con-seguimiento","21":"first","22":"instock","23":"taxable","24":"shipping-taxable","25":"purchasable","26":"product-type-simple"},"_links":{"self":[{"href":"https:\/\/shop.nlq24.eu\/es\/wp-json\/wp\/v2\/product\/75408","targetHints":{"allow":["GET"]}}],"collection":[{"href":"https:\/\/shop.nlq24.eu\/es\/wp-json\/wp\/v2\/product"}],"about":[{"href":"https:\/\/shop.nlq24.eu\/es\/wp-json\/wp\/v2\/types\/product"}],"replies":[{"embeddable":true,"href":"https:\/\/shop.nlq24.eu\/es\/wp-json\/wp\/v2\/comments?post=75408"}],"wp:featuredmedia":[{"embeddable":true,"href":"https:\/\/shop.nlq24.eu\/es\/wp-json\/wp\/v2\/media\/75934"}],"wp:attachment":[{"href":"https:\/\/shop.nlq24.eu\/es\/wp-json\/wp\/v2\/media?parent=75408"}],"wp:term":[{"taxonomy":"product_brand","embeddable":true,"href":"https:\/\/shop.nlq24.eu\/es\/wp-json\/wp\/v2\/product_brand?post=75408"},{"taxonomy":"product_cat","embeddable":true,"href":"https:\/\/shop.nlq24.eu\/es\/wp-json\/wp\/v2\/product_cat?post=75408"},{"taxonomy":"product_tag","embeddable":true,"href":"https:\/\/shop.nlq24.eu\/es\/wp-json\/wp\/v2\/product_tag?post=75408"}],"curies":[{"name":"wp","href":"https:\/\/api.w.org\/{rel}","templated":true}]}}