{"id":75569,"date":"2021-03-11T19:39:28","date_gmt":"2021-03-11T19:39:28","guid":{"rendered":"https:\/\/shop.nlq24.eu\/produkt\/botella-de-cuello-ancho-mironglas-1-litro\/"},"modified":"2024-12-21T11:03:02","modified_gmt":"2024-12-21T11:03:02","slug":"mironglass-botella-de-cuello-ancho-1-litro","status":"publish","type":"product","link":"https:\/\/shop.nlq24.eu\/es\/ producto\/mironglass-botella-de-cuello-ancho-1-litro\/","title":{"rendered":"Botella de cuello ancho Mironglas 1 litro"},"content":{"rendered":"<p><strong>Botella de cuello ancho Mironglas 1 litro<\/strong><\/p>\n<p>Esta botella de vidrio Miron de boca ancha de 1 litro de volumen, tambi\u00e9n se puede utilizar para preparar una soluci\u00f3n de di\u00f3xido de cloro (CDL) seg\u00fan el llamado m\u00e9todo del tarro de pepino. Esta es una variante premium que tiene en cuenta que la luz juega un papel destructivo y reductor en la producci\u00f3n de soluciones de di\u00f3xido de cloro. En el vidrio Miron, la soluci\u00f3n est\u00e1 protegida de la luz de la mejor manera posible durante la activaci\u00f3n y transferencia del gas de di\u00f3xido de cloro.<\/p>\n<p>Esta es su ventaja particular cuando se utiliza esta botella de cuello ancho Mironglas. Tiene una capacidad de 1 litro.<\/p>\n<p>La<strong> peque\u00f1a botella transparente (100 ml) <\/strong>se suministra como <strong>recipiente interior<\/strong>.<\/p>\n<p>El vidrio Miron de alta calidad protege todas las sustancias y productos que se desintegran m\u00e1s r\u00e1pido o ya no permanecen frescos cuando cae la luz. El almacenamiento de hierbas, cremas.<\/p>\n<h3>Botella de cuello ancho Mironglas 1 litro para mayor durabilidad<\/h3>\n<p>Esta botella de farmac\u00e9utico de 1 litro es una botella de vidrio violeta MIRON \u00fanica y lujosa. Ha sido especialmente desarrollado y act\u00faa como un filtro que bloquea los rayos de luz da\u00f1inos. La protecci\u00f3n del vidrio garantiza que el sabor, el olor, el color, la bioenerg\u00eda y las propiedades correspondientes del producto se mantengan durante m\u00e1s tiempo,<\/p>\n<p>Las pruebas han demostrado que los productos almacenados en tales botellas de vidrio violeta Miron pueden conservar sus propiedades \u00fanicas durante un per\u00edodo m\u00e1s largo, a veces incluso a\u00f1os.<\/p>\n<h3>Soluci\u00f3n de di\u00f3xido de cloro seg\u00fan el m\u00e9todo de vidrio de pepino<\/h3>\n<p><strong>Las soluciones de di\u00f3xido de cloro<\/strong> tambi\u00e9n son sensibles a la luz, no solo durante la activaci\u00f3n. Por lo tanto, este vidrio Miron es particularmente adecuado para<strong> la activaci\u00f3n<\/strong> protectora, as\u00ed como para <strong>el almacenamiento<\/strong>.<\/p>\n<p>Un punto d\u00e9bil en el llamado \u00abm\u00e9todo de vidrio de pepino\u00bb para la producci\u00f3n de una soluci\u00f3n de di\u00f3xido de cloro fue el sello de goma, que puede ser atacado por di\u00f3xido de cloro.<\/p>\n<p>Esta botella, por otro lado, est\u00e1 equipada con un tap\u00f3n de vidrio pulido. Este no tiene material org\u00e1nico que pueda ser atacado.<\/p>\n<p>La botella es casi absolutamente resistente al gas. Una sobrepresi\u00f3n no puede ocurrir cuando se activa con \u00e1cido clorh\u00eddrico. Si se utiliza <strong><br \/>\n  <a href=\"https:\/\/shop.nlq24.eu\/de\/produkt\/milchsaeure-21-rechtsdrehend\/\">\u00e1cido l\u00e1ctico al 21%<\/a><br \/>\n<\/strong> para activar, se crea una peque\u00f1a presi\u00f3n de vapor.<\/p>\n<p>Como accesorio, se incluye una botella m\u00e1s peque\u00f1a, en la que puede activar el clorito de sodio con el \u00e1cido clorh\u00eddrico y luego colocarlo inmediatamente en el vidrio miron.<\/p>\n<h3>Activaci\u00f3n seg\u00fan el m\u00e9todo de vidrio de pepino deluxe<\/h3>\n<p>Esta botella de cuello ancho de <strong>vidrio miron protector de luz y frecuencia<\/strong> debe llenarse primero con 700 ml de agua desmineralizada. El agua de tal <strong><br \/>\n  <a href=\"https:\/\/shop.nlq24.eu\/de\/produkt\/umkehrosmoseanlage-7-star-energy\/\">sistema de \u00f3smosis inversa es la m\u00e1s adecuada<\/a><br \/>\n<\/strong> para esto.<\/p>\n<p>Despu\u00e9s de eso, se colocan 30 ml <strong> <a href=\"https:\/\/shop.nlq24.eu\/de\/produkt\/natriumchlorit-25-loesung\/\">de soluci\u00f3n de clorito de sodio al 25%,<\/a> <\/strong>y luego 70 ml <strong><a href=\"https:\/\/shop.nlq24.eu\/de\/produkt\/salzsaeure-4\/\">de \u00e1cido clorh\u00eddrico al 4%<\/a><\/p>\n<p><\/strong> en la botella peque\u00f1a. Tambi\u00e9n puede pedir ambos juntos como un <strong><br \/>\n  <a href=\"https:\/\/shop.nlq24.eu\/de\/produkt\/chlordioxid-set-typ-mms\/\">conjunto de di\u00f3xido de cloro<\/a><br \/>\n<\/strong> . Para medir, recomiendo 2 <strong><br \/>\n  <a href=\"https:\/\/shop.nlq24.eu\/de\/produkt\/messbecher-100-ml-bestaendiges-pp-blaue-skala\/\">tazas medidoras de 100 ml<\/a><br \/>\n<\/strong>.<\/p>\n<p>2 piezas por la raz\u00f3n de que las dos sustancias no est\u00e1n ya activadas en la taza medidora. Adem\u00e1s, puede dosificar con mayor precisi\u00f3n en una taza medidora si mide el l\u00edquido con una <strong><br \/>\n  <a href=\"https:\/\/shop.nlq24.eu\/de\/produkt\/einmalspritze-20-ml-chirana\/\">jeringa<\/a><br \/>\n<\/strong> cada uno.<\/p>\n<p>Si el clorito de sodio y el \u00e1cido clorh\u00eddrico se llenan en el vial peque\u00f1o, se coloca inmediatamente en la botella m\u00e1s grande de cuello ancho. NO cierre la botella peque\u00f1a con clorito de sodio y \u00e1cido clorh\u00eddrico, ya que esto deber\u00eda desgasificar la botella de agua m\u00e1s grande.<\/p>\n<p>Al llenar la botella peque\u00f1a, tambi\u00e9n se detiene en la parte inferior de la botella de cuello ancho. Puede poner bien la botella peque\u00f1a con la mano o una pinza de parrilla en la botella de cuello ancho.<\/p>\n<p>Ahora coloque el tap\u00f3n de vidrio en la botella de vidrio Weithals Miron y cierre la botella de cuello ancho. Despu\u00e9s de un per\u00edodo de espera de 24 horas a temperatura ambiente, el gas de di\u00f3xido de cloro en la botella cerrada pasa al agua de \u00f3smosis presente en ella. Debido a un mayor contenido de \u00e1cido, el gas pasa m\u00e1s r\u00e1pido. El agua absorbe de forma m\u00e1s permanente solo un m\u00e1ximo de 3000 ppm de di\u00f3xido de cloro.<\/p>\n<p>Despu\u00e9s de este proceso, coloque las dos botellas, tal como est\u00e1n una en la otra, en el refrigerador. Luego, la mezcla puede enfriarse por debajo de 9 grados cent\u00edgrados durante aproximadamente 6 horas. Luego, el gas de di\u00f3xido de cloro se disuelve en el agua de la mejor manera posible y los gases salen menos r\u00e1pidamente al aire. El gas de di\u00f3xido de cloro se licua en gran medida por debajo de esta temperatura y, por lo tanto, se puede rellenar sin p\u00e9rdida.<\/p>\n<h4>Procesamiento adicional de la soluci\u00f3n de di\u00f3xido de cloro de acuerdo con el m\u00e9todo de vidrio de pepino<\/h4>\n<p>Ahora la soluci\u00f3n fr\u00eda se puede desllenar. Para hacer esto, abra la botella de vidrio Miron de cuello ancho, retire la botella peque\u00f1a y ci\u00e9rrela nuevamente. Ahora la soluci\u00f3n se puede utilizar o rellenar. Para la transferencia, recomiendo el <a href=\"https:\/\/shop.nlq24.eu\/de\/produkt\/trichter-mini-trichter\/\">embudo de 6 mm.<\/a> Esto cabe en todas las <strong><br \/>\n  <a href=\"https:\/\/shop.nlq24.eu\/de\/produkt\/glasflasche-din18-vario\/\">botellas con cuentagotas<\/a><br \/>\n<\/strong> DIN18 y tambi\u00e9n en las <strong><br \/>\n  <a href=\"https:\/\/shop.nlq24.eu\/de\/produkt\/glasflasche-pp28\/\">botellas de vidrio \u00e1mbar PP28<\/a><br \/>\n<\/strong> m\u00e1s grandes. Despu\u00e9s de la transferencia, cierre las botellas inmediatamente.<\/p>\n<p>Para rellenar, recomiendo las botellas de vidrio Miron con gotero vinculado a continuaci\u00f3n. La botella de vidrio DIN18 miron en 100 ml tambi\u00e9n est\u00e1 disponible con un sistema Dosificador, con el que puede eliminar la soluci\u00f3n de di\u00f3xido de cloro en<strong> gran medida sin la p\u00e9rdida del valioso gas de di\u00f3xido de cloro<\/strong> . \u00a1Y esto incluso si la soluci\u00f3n no se enfr\u00eda!<\/p>\n<p>Aqu\u00ed encontrar\u00e1s los planos de <strong><br \/>\n  <a href=\"https:\/\/shop.nlq24.eu\/de\/produkt\/miron-glasflasche\/\">cristal Miron recomendados<\/a><br \/>\n<\/strong><\/p>\n<p>&nbsp;<\/p>\n<p>&nbsp;<\/p>\n","protected":false},"excerpt":{"rendered":"<p>Mironglas botella de cuello ancho 1 litro de volumen<\/p>\n","protected":false},"featured_media":75496,"comment_status":"open","ping_status":"closed","template":"","meta":[],"product_brand":[],"product_cat":[2344,2359,2829],"product_tag":[2722,2724,3101,3102],"class_list":{"0":"post-75569","1":"product","2":"type-product","3":"status-publish","4":"has-post-thumbnail","6":"product_cat-miron-glasflaschen-es","7":"product_cat-zubehoer-fuer-flaschen","8":"product_cat-iew-es","9":"product_tag-botella-de-vidrio-miron","10":"product_tag-mironglass-es","11":"product_tag-vidrio-de-pepino","12":"product_tag-botella-de-cuello-ancho-mironglas","13":"product_shipping_class-1-paquete-de-envio-con-seguimiento","15":"first","16":"instock","17":"taxable","18":"shipping-taxable","19":"purchasable","20":"product-type-simple"},"_links":{"self":[{"href":"https:\/\/shop.nlq24.eu\/es\/wp-json\/wp\/v2\/product\/75569","targetHints":{"allow":["GET"]}}],"collection":[{"href":"https:\/\/shop.nlq24.eu\/es\/wp-json\/wp\/v2\/product"}],"about":[{"href":"https:\/\/shop.nlq24.eu\/es\/wp-json\/wp\/v2\/types\/product"}],"replies":[{"embeddable":true,"href":"https:\/\/shop.nlq24.eu\/es\/wp-json\/wp\/v2\/comments?post=75569"}],"wp:featuredmedia":[{"embeddable":true,"href":"https:\/\/shop.nlq24.eu\/es\/wp-json\/wp\/v2\/media\/75496"}],"wp:attachment":[{"href":"https:\/\/shop.nlq24.eu\/es\/wp-json\/wp\/v2\/media?parent=75569"}],"wp:term":[{"taxonomy":"product_brand","embeddable":true,"href":"https:\/\/shop.nlq24.eu\/es\/wp-json\/wp\/v2\/product_brand?post=75569"},{"taxonomy":"product_cat","embeddable":true,"href":"https:\/\/shop.nlq24.eu\/es\/wp-json\/wp\/v2\/product_cat?post=75569"},{"taxonomy":"product_tag","embeddable":true,"href":"https:\/\/shop.nlq24.eu\/es\/wp-json\/wp\/v2\/product_tag?post=75569"}],"curies":[{"name":"wp","href":"https:\/\/api.w.org\/{rel}","templated":true}]}}