{"id":75903,"date":"2021-04-14T09:34:47","date_gmt":"2021-04-14T09:34:47","guid":{"rendered":"https:\/\/shop.nlq24.eu\/produkt\/cubierta-de-cierre-pp28-mm-negro-para-sistema-dosificador\/"},"modified":"2025-06-19T07:28:18","modified_gmt":"2025-06-19T07:28:18","slug":"cierre-tapa-pp28-negro","status":"publish","type":"product","link":"https:\/\/shop.nlq24.eu\/es\/ producto\/cierre-tapa-pp28-negro\/","title":{"rendered":"Tapa de cierre, PP28 negro para sistema dosificador"},"content":{"rendered":"<p>Esta tapa de cierre, PP28 en negro de 28 mm es adecuada para el sistema dosificador PP28.<\/p>\n<p>Es una tapa de tornillo negra con un anillo de bloqueo de originalidad. Despu\u00e9s de cerrar la botella por primera vez, se desgarra por primera vez. Por lo tanto, es visible si la botella ya se ha abierto.<\/p>\n<p>La incrustaci\u00f3n de densidad en la tapa est\u00e1 hecha de espuma de PE muy resistente. Le ofrece buenas propiedades de sellado para la mayor\u00eda de los l\u00edquidos. Esta es tambi\u00e9n la raz\u00f3n por la que esta tapa se puede utilizar para soluciones de di\u00f3xido de cloro &lt; 0.3%.<\/p>\n<p>El cierre se adapta no s\u00f3lo a botellas de vidrio con hilos PP28, sino tambi\u00e9n a botellas de PET de este tama\u00f1o de hilo.<\/p>\n<h3>Los datos t\u00e9cnicos del cierre cubren PP28 negro para el sistema dosificador:<\/h3>\n<p>Material: PE<br \/>\nColor: negro<br \/>\nBoca\/rosca: 28 mm (PP28)<br \/>\nEjecuci\u00f3n: con anillo\/desgarro de calidad<br \/>\nSello: Espuma de PE<\/p>\n<p>A juego con el cierre, tambi\u00e9n existe el <strong><br \/>\n  <a href=\"https:\/\/shop.nlq24.eu\/es\/ producto\/doser-cdh-doser-10-ml-es\/\">sistema Doser<\/a><br \/>\n<\/strong>, un <strong><br \/>\n  <a href=\"https:\/\/shop.nlq24.eu\/de\/produkt\/doser-einsatz-fuer-doser-system\/\">inserto dosificador<\/a><br \/>\n<\/strong> para reducir el tama\u00f1o de la abertura. Esto incluso permite una gota del l\u00edquido de una botella PP28.<\/p>\n<p>Localice las botellas que est\u00e1n directamente equipadas con el sistema Doser, elija esta <strong> <a href=\"https:\/\/shop.nlq24.eu\/es\/Produkt\/botella-del-sistema-dosificador\/\">botella del sistema dosificador.<\/a><\/strong><\/p>\n","protected":false},"excerpt":{"rendered":"<p>Cubierta de cierre, PP28 mm negro para sistema dosificador<\/p>\n","protected":false},"featured_media":75917,"comment_status":"open","ping_status":"closed","template":"","meta":[],"product_brand":[],"product_cat":[3744,2317,2320,2326,2334,2359],"product_tag":[3213,3214],"class_list":{"0":"post-75903","1":"product","2":"type-product","3":"status-publish","4":"has-post-thumbnail","6":"product_cat-sistema-de-dosificacion-todos","7":"product_cat-cdh-components-es","8":"product_cat-botellas-de-vidrio-pp28","9":"product_cat-dosificador-para-botellas-pp28","10":"product_cat-tapones-para-botellas-de-vidrio-pp28","11":"product_cat-zubehoer-fuer-flaschen","12":"product_tag-cierre-pp28","13":"product_tag-cierre-28-mm","14":"product_shipping_class-1-paquete-de-envio-con-seguimiento","16":"first","17":"instock","18":"taxable","19":"shipping-taxable","20":"purchasable","21":"product-type-simple"},"_links":{"self":[{"href":"https:\/\/shop.nlq24.eu\/es\/wp-json\/wp\/v2\/product\/75903","targetHints":{"allow":["GET"]}}],"collection":[{"href":"https:\/\/shop.nlq24.eu\/es\/wp-json\/wp\/v2\/product"}],"about":[{"href":"https:\/\/shop.nlq24.eu\/es\/wp-json\/wp\/v2\/types\/product"}],"replies":[{"embeddable":true,"href":"https:\/\/shop.nlq24.eu\/es\/wp-json\/wp\/v2\/comments?post=75903"}],"wp:featuredmedia":[{"embeddable":true,"href":"https:\/\/shop.nlq24.eu\/es\/wp-json\/wp\/v2\/media\/75917"}],"wp:attachment":[{"href":"https:\/\/shop.nlq24.eu\/es\/wp-json\/wp\/v2\/media?parent=75903"}],"wp:term":[{"taxonomy":"product_brand","embeddable":true,"href":"https:\/\/shop.nlq24.eu\/es\/wp-json\/wp\/v2\/product_brand?post=75903"},{"taxonomy":"product_cat","embeddable":true,"href":"https:\/\/shop.nlq24.eu\/es\/wp-json\/wp\/v2\/product_cat?post=75903"},{"taxonomy":"product_tag","embeddable":true,"href":"https:\/\/shop.nlq24.eu\/es\/wp-json\/wp\/v2\/product_tag?post=75903"}],"curies":[{"name":"wp","href":"https:\/\/api.w.org\/{rel}","templated":true}]}}