{"id":75940,"date":"2018-10-31T18:54:43","date_gmt":"2018-10-31T18:54:43","guid":{"rendered":"https:\/\/shop.nlq24.eu\/produkt\/pipette-fuer-glasflasche-din18-77-mm\/"},"modified":"2025-06-19T07:25:56","modified_gmt":"2025-06-19T07:25:56","slug":"pipette-glasflasche-din18-77-mm-es","status":"publish","type":"product","link":"https:\/\/shop.nlq24.eu\/es\/ producto\/pipette-glasflasche-din18-77-mm-es\/","title":{"rendered":"Pipeta para frasco de vidrio DIN18, 77 mm para frascos con un volumen de 30 ml"},"content":{"rendered":"<h3 class=\"Normal\">Pipeta para frasco de vidrio DIN18, 77 mm para frascos con un volumen de 30 ml<\/h3>\n<p class=\"Normal\">Esta pipeta con tubos de vidrio, es adecuada para botellas de vidrio de la talla DIN18. Simplemente puedes arruinarlos y usarlos como cierre.<\/p>\n<h3>Pipeta apta para botella de vidrio DIN18, 77 mm<\/h3>\n<p class=\"Normal\">Se adapta a todas sus botellas de vidrio DIN18. Es adecuado para sus botellas de m\u00e1s de 50 ml de volumen. Encaja perfectamente con el <strong><a href=\"https:\/\/shop.nlq24.eu\/es\/Produkt\/glasflasche-din18-vario\/\">frasco de vidrio \u00e1mbar DIN18<\/a><\/strong> con <strong>un volumen de 30 ml<\/strong>. Se utiliza para medir con seguridad las gotas. Con <strong>77 mm<\/strong>, tiene una longitud suficiente para la extracci\u00f3n, aunque no llegue al fondo de todas las botellas. Al inclinar ligeramente la botella, todav\u00eda se puede quitar el l\u00edquido bien.<\/p>\n<h3>Equipo<\/h3>\n<p class=\"Normal\">La capacidad es de aprox. 0,6 ml.<br \/>\nLos materiales utilizados son: PE, para el cierre, goma para el fuelle y vidrio para el tubo. Sin embargo, la pipeta no es adecuada para la botella de vidrio DIN18 de <strong>10 ml<\/strong>. Hay una <a href=\"https:\/\/shop.nlq24.eu\/es\/Produkt\/pipeta-para-10-ml-botella-de-vidrio-din18\/\">pipeta separada<\/a>para esto. El anillo de originalidad garantiza que se puede reconocer una vez que se ha abierto la botella. Se desprende al abrir la botella por primera vez y se queda debajo del tap\u00f3n.<\/p>\n<p class=\"Normal\">Si necesita una botella equipada con una pipeta al mismo tiempo, haga clic en el bot\u00f3n<u><a href=\"https:\/\/shop.nlq24.eu\/produkt\/glasflasche-din18-slim-braun\/\"> Botella de vidrio SLIM<\/a><\/u>.<\/p>\n","protected":false},"excerpt":{"rendered":"<p><strong>Pipeta para frasco de vidrio DIN18 de 77 mm de largo, fuelle rojo para frascos de 30 ml de volumen<\/strong><\/p>\n","protected":false},"featured_media":10771,"comment_status":"open","ping_status":"closed","template":"","meta":[],"product_brand":[],"product_cat":[1866,1876,1883,2323,2333,2359],"product_tag":[2746,2747,2748,2749,2750,2751,2761,2745],"class_list":{"0":"post-75940","1":"product","2":"type-product","3":"status-publish","4":"has-post-thumbnail","6":"product_cat-todos-los-productos-resumen","7":"product_cat-dosificacion-medicion","8":"product_cat-botellas-de-vidrio","9":"product_cat-pipetas","10":"product_cat-cierres-din18-para-botellas-de-vidrio","11":"product_cat-zubehoer-fuer-flaschen","12":"product_tag-pipeta-para-botella-de-vidrio-din18","13":"product_tag-pipeta-de-vidrio","14":"product_tag-pipeta-para-botella-de-vidrio","15":"product_tag-pipeta-gotero","16":"product_tag-pipette-rojo","17":"product_tag-estandar-de-pipeta","18":"product_tag-pipeta-para-botella-de-vidrio-77-mm","19":"product_tag-cuentagotas","20":"product_shipping_class-1-paquete-de-envio-con-seguimiento","22":"first","23":"instock","24":"taxable","25":"shipping-taxable","26":"purchasable","27":"product-type-simple"},"_links":{"self":[{"href":"https:\/\/shop.nlq24.eu\/es\/wp-json\/wp\/v2\/product\/75940","targetHints":{"allow":["GET"]}}],"collection":[{"href":"https:\/\/shop.nlq24.eu\/es\/wp-json\/wp\/v2\/product"}],"about":[{"href":"https:\/\/shop.nlq24.eu\/es\/wp-json\/wp\/v2\/types\/product"}],"replies":[{"embeddable":true,"href":"https:\/\/shop.nlq24.eu\/es\/wp-json\/wp\/v2\/comments?post=75940"}],"wp:featuredmedia":[{"embeddable":true,"href":"https:\/\/shop.nlq24.eu\/es\/wp-json\/wp\/v2\/media\/10771"}],"wp:attachment":[{"href":"https:\/\/shop.nlq24.eu\/es\/wp-json\/wp\/v2\/media?parent=75940"}],"wp:term":[{"taxonomy":"product_brand","embeddable":true,"href":"https:\/\/shop.nlq24.eu\/es\/wp-json\/wp\/v2\/product_brand?post=75940"},{"taxonomy":"product_cat","embeddable":true,"href":"https:\/\/shop.nlq24.eu\/es\/wp-json\/wp\/v2\/product_cat?post=75940"},{"taxonomy":"product_tag","embeddable":true,"href":"https:\/\/shop.nlq24.eu\/es\/wp-json\/wp\/v2\/product_tag?post=75940"}],"curies":[{"name":"wp","href":"https:\/\/api.w.org\/{rel}","templated":true}]}}