{"id":75956,"date":"2018-11-03T13:29:06","date_gmt":"2018-11-03T13:29:06","guid":{"rendered":"https:\/\/shop.nlq24.eu\/produkt\/cierre-a-prueba-de-ninos-para-botella-de-vidrio-pp28\/"},"modified":"2025-06-19T07:26:04","modified_gmt":"2025-06-19T07:26:04","slug":"cierre-a-prueba-de-ninos-para-vidrio-botella-pp28-gran-apertura","status":"publish","type":"product","link":"https:\/\/shop.nlq24.eu\/es\/ producto\/cierre-a-prueba-de-ninos-para-vidrio-botella-pp28-gran-apertura\/","title":{"rendered":"Cierre, a prueba de ni\u00f1os para botella de vidrio PP28"},"content":{"rendered":"<p><u><strong>Cierre, a prueba de ni\u00f1os para botellas de vidrio PP28<\/strong><\/u><\/p>\n<div>Este cierre tiene una junta de espuma de PE y un cierre de seguridad para ni\u00f1os.<\/div>\n<div><\/div>\n<div>Presione el tap\u00f3n para abrir el frasco. S\u00f3lo entonces se puede abrir.<\/div>\n<div>La tapa de cierre le ofrece una estanqueidad \u00f3ptima, incluso cuando est\u00e1 en movimiento. De este modo, tendr\u00e1 una buena protecci\u00f3n para el material de relleno.<\/div>\n<div><\/div>\n<h3>Idoneidad:<\/h3>\n<div>La tapa es adecuada para botellas PP 28 de vidrio o tambi\u00e9n de PET en los tama\u00f1os de 250, 500 y 1000 ml. El vidrio &#8211; botellas vac\u00edas tambi\u00e9n puede <a href=\"https:\/\/shop.nlq24.eu\/produkt\/glasflasche-pp28-verschiedene-groessen-und-zubehoer\/\">aqu\u00ed<\/a> compra en la tienda.<\/div>\n<div><\/div>\n<h3>Accesorio de dosificaci\u00f3n disponible<\/h3>\n<div>Para reducir el di\u00e1metro de las botellas de PP28, puede utilizar esto<strong><a href=\"https:\/\/shop.nlq24.eu\/de\/produkt\/doser-einsatz-fuer-doser-system\/\"> Doser-Einsatz<\/a><\/strong>.<\/div>\n<div>El inserto del dosificador y este cierre a prueba de ni\u00f1os PP28 est\u00e1n adaptados el uno al otro, de modo que la estanqueidad se da cuando se utiliza el inserto del dosificador.<\/div>\n<div><\/div>\n<div>Tambi\u00e9n es posible que necesite este<strong><br \/>\n  <a href=\"https:\/\/shop.nlq24.eu\/es\/ producto\/doser-cdh-doser-10-ml-es\/\"> sistema dosificador<\/a><br \/>\n<\/strong>completo.<\/div>\n<div>O una botella de vidrio completa con sistema Doser, la <strong><a href=\"https:\/\/shop.nlq24.eu\/es\/Produkt\/botella-del-sistema-dosificador\/\">botella sistema dosificador.<\/a><\/p>\n<p><\/strong><\/div>\n","protected":false},"excerpt":{"rendered":"<p><u><strong>Cierre, a prueba de ni\u00f1os para botellas de vidrio PP28<\/strong><\/u><\/p>\n","protected":false},"featured_media":10556,"comment_status":"open","ping_status":"closed","template":"","meta":[],"product_brand":[],"product_cat":[1866,1883,2334,2359],"product_tag":[2945,3136,2446,2770],"class_list":{"0":"post-75956","1":"product","2":"type-product","3":"status-publish","4":"has-post-thumbnail","6":"product_cat-todos-los-productos-resumen","7":"product_cat-botellas-de-vidrio","8":"product_cat-tapones-para-botellas-de-vidrio-pp28","9":"product_cat-zubehoer-fuer-flaschen","10":"product_tag-pp28-es","11":"product_tag-kindersicherheitsverschluss-pp28-es","12":"product_tag-deckel-fuer-pp28-glasflaschen-es","13":"product_tag-cerradura","14":"product_shipping_class-1-paquete-de-envio-con-seguimiento","16":"first","17":"instock","18":"taxable","19":"shipping-taxable","20":"purchasable","21":"product-type-simple"},"_links":{"self":[{"href":"https:\/\/shop.nlq24.eu\/es\/wp-json\/wp\/v2\/product\/75956","targetHints":{"allow":["GET"]}}],"collection":[{"href":"https:\/\/shop.nlq24.eu\/es\/wp-json\/wp\/v2\/product"}],"about":[{"href":"https:\/\/shop.nlq24.eu\/es\/wp-json\/wp\/v2\/types\/product"}],"replies":[{"embeddable":true,"href":"https:\/\/shop.nlq24.eu\/es\/wp-json\/wp\/v2\/comments?post=75956"}],"wp:featuredmedia":[{"embeddable":true,"href":"https:\/\/shop.nlq24.eu\/es\/wp-json\/wp\/v2\/media\/10556"}],"wp:attachment":[{"href":"https:\/\/shop.nlq24.eu\/es\/wp-json\/wp\/v2\/media?parent=75956"}],"wp:term":[{"taxonomy":"product_brand","embeddable":true,"href":"https:\/\/shop.nlq24.eu\/es\/wp-json\/wp\/v2\/product_brand?post=75956"},{"taxonomy":"product_cat","embeddable":true,"href":"https:\/\/shop.nlq24.eu\/es\/wp-json\/wp\/v2\/product_cat?post=75956"},{"taxonomy":"product_tag","embeddable":true,"href":"https:\/\/shop.nlq24.eu\/es\/wp-json\/wp\/v2\/product_tag?post=75956"}],"curies":[{"name":"wp","href":"https:\/\/api.w.org\/{rel}","templated":true}]}}