{"id":75964,"date":"2018-09-18T12:58:49","date_gmt":"2018-09-18T12:58:49","guid":{"rendered":"https:\/\/shop.nlq24.eu\/produkt\/bentonita-en-polvo-fina-natural\/"},"modified":"2023-01-05T11:08:04","modified_gmt":"2023-01-05T11:08:04","slug":"bentonit-pulver-naturbelassen-es","status":"publish","type":"product","link":"https:\/\/shop.nlq24.eu\/es\/ producto\/bentonit-pulver-naturbelassen-es\/","title":{"rendered":"Bentonita en polvo fina &#8211; natural"},"content":{"rendered":"<p class=\"Normal\">Esta bentonita en polvo fina &#8211; natural de Natao viene de Alemania. As\u00ed que es un polvo fino. <strong>Fabricado en Alemania.<\/strong> No se limpia, sino que se deja en su preciosa naturalidad para usted.<\/p>\n<h4><strong>Aparici\u00f3n y origen<\/strong><\/h4>\n<p class=\"Normal\">La bentonita debe su nombre a Fort Benton, Montana, en Estados Unidos. Sin embargo, la bentonita en polvo fina &#8211; natural que se ofrece aqu\u00ed procede de los yacimientos de Alemania. Las zonas mineras se encuentran en el este de la Alta Baviera y la Baja Baviera. Es una roca, con una mezcla de diferentes minerales de arcilla.<\/p>\n<h4><strong>Componentes<\/strong><\/h4>\n<p class=\"Normal\">El componente m\u00e1s importante es la montmorillonita con un 60-80 %. Tiene la capacidad de absorber mucha agua e hincharse. Se forma por la meteorizaci\u00f3n de las cenizas volc\u00e1nicas. La superficie interior de un gramo es de <strong><span class=\"tm5\">400-600<\/span><\/strong> metros cuadrados. La arcilla normal tiene una superficie interna de s\u00f3lo 2 metros cuadrados. Esta es la raz\u00f3n por la que la bentonita forma complejos de arcilla-humus especialmente valiosos. Por lo tanto, \u00a1una buena adici\u00f3n tambi\u00e9n al compost!<\/p>\n<h4><strong>\u00c1reas de uso<\/strong><\/h4>\n<p class=\"Normal\">Entre otras cosas, la bentonita tambi\u00e9n se utiliza en la tecnolog\u00eda de la construcci\u00f3n. Por ejemplo, en la impermeabilizaci\u00f3n de edificios e incluso en la construcci\u00f3n de diques. Tambi\u00e9n sirve como lubricante al conducir t\u00faneles y tuber\u00edas y al hacer vibrar paredes estrechas. Tambi\u00e9n se utiliza como fluido de apoyo para la perforaci\u00f3n sin soporte. Cuando se recupera la energ\u00eda geot\u00e9rmica mediante sondas geot\u00e9rmicas, los tubos colectores del suelo suelen estar rodeados de bentonita. Esto se debe a que aglutina el agua y evita la formaci\u00f3n de cavidades durante la congelaci\u00f3n. Adem\u00e1s, hay numerosas aplicaciones posibles.<\/p>\n<h4><strong>La bentonita y su carga energ\u00e9tica<\/strong><\/h4>\n<p class=\"Normal\">Las part\u00edculas de bentonita est\u00e1n cargadas negativamente. Estas propiedades conllevan una <strong>capacidad de absorci\u00f3n de sustancias beneficiosas<\/strong> excepcionalmente alta. Las sustancias cargadas positivamente son, por ejemplo, las que pueden ser perjudiciales y poco saludables para nuestro organismo. Entre ellas se encuentran: Metales pesados, \u00e1cidos, residuos de pesticidas, histamina e incluso part\u00edculas radiactivas. Esto significa que otras sustancias se adhieren a la superficie del fino polvo de bentonita natural de <a href=\"http:\/\/www.natao.org\">Natao<\/a> y se acumulan all\u00ed. Si luego lo aclara, desaparecen con \u00e9l.<\/p>\n<p class=\"Normal\"><strong><br \/>\n  <span class=\"tm5\">Variantes:<br \/>\n<\/span><br \/>\n<\/strong> 100 g en bolsa o lata de PE,<br \/>\n250 g en sobre,<br \/>\n500 g en sobre,<br \/>\n400 g en lata de PE,<br \/>\n800 g en un cubo peque\u00f1o<\/p>\n<p>Puedes encontrar m\u00e1s minerales, como el bicarbonato, <a href=\"https:\/\/shop.nlq24.eu\/es\/ producto\/soda-sodio-bicarbonato-finest-powder-various-variants-for-selection\/\">aqu\u00ed<\/a>.<\/p>\n","protected":false},"excerpt":{"rendered":"<p>Bentonita alemana en polvo, natural<\/p>\n","protected":false},"featured_media":87212,"comment_status":"open","ping_status":"closed","template":"","meta":[],"product_brand":[],"product_cat":[1866,1896,2338],"product_tag":[3196,2392,2393,2448],"class_list":{"0":"post-75964","1":"product","2":"type-product","3":"status-publish","4":"has-post-thumbnail","6":"product_cat-todos-los-productos-resumen","7":"product_cat-minerales","8":"product_cat-bentonit-es","9":"product_tag-natuerliches-bentonit-es","10":"product_tag-bentonit-es","11":"product_tag-bentonit-pulver-es","12":"product_tag-deutsches-bentonit-es","13":"product_shipping_class-1-paquete-de-envio-con-seguimiento","14":"pa_dose-oder-beutel-pe-beutel-es","15":"pa_dose-oder-beutel-in-dose-es","16":"pa_gramm-800-g-es","17":"pa_gramm-100-es","18":"pa_gramm-250-es","19":"pa_gramm-400-es","20":"pa_gramm-500-es","21":"pa_gramm-1000-es","23":"first","24":"instock","25":"taxable","26":"shipping-taxable","27":"purchasable","28":"product-type-variable"},"_links":{"self":[{"href":"https:\/\/shop.nlq24.eu\/es\/wp-json\/wp\/v2\/product\/75964","targetHints":{"allow":["GET"]}}],"collection":[{"href":"https:\/\/shop.nlq24.eu\/es\/wp-json\/wp\/v2\/product"}],"about":[{"href":"https:\/\/shop.nlq24.eu\/es\/wp-json\/wp\/v2\/types\/product"}],"replies":[{"embeddable":true,"href":"https:\/\/shop.nlq24.eu\/es\/wp-json\/wp\/v2\/comments?post=75964"}],"wp:featuredmedia":[{"embeddable":true,"href":"https:\/\/shop.nlq24.eu\/es\/wp-json\/wp\/v2\/media\/87212"}],"wp:attachment":[{"href":"https:\/\/shop.nlq24.eu\/es\/wp-json\/wp\/v2\/media?parent=75964"}],"wp:term":[{"taxonomy":"product_brand","embeddable":true,"href":"https:\/\/shop.nlq24.eu\/es\/wp-json\/wp\/v2\/product_brand?post=75964"},{"taxonomy":"product_cat","embeddable":true,"href":"https:\/\/shop.nlq24.eu\/es\/wp-json\/wp\/v2\/product_cat?post=75964"},{"taxonomy":"product_tag","embeddable":true,"href":"https:\/\/shop.nlq24.eu\/es\/wp-json\/wp\/v2\/product_tag?post=75964"}],"curies":[{"name":"wp","href":"https:\/\/api.w.org\/{rel}","templated":true}]}}