{"id":76091,"date":"2021-04-30T10:51:14","date_gmt":"2021-04-30T10:51:14","guid":{"rendered":"https:\/\/shop.nlq24.eu\/?post_type=product&#038;p=76091"},"modified":"2025-06-19T07:32:24","modified_gmt":"2025-06-19T07:32:24","slug":"valvula-de-corte-conexion-de-agua-osmosis-inversa","status":"publish","type":"product","link":"https:\/\/shop.nlq24.eu\/es\/ producto\/valvula-de-corte-conexion-de-agua-osmosis-inversa\/","title":{"rendered":"V\u00e1lvula de apagado Conexi\u00f3n de agua \u00d3smosis inversa 3\/8 #"},"content":{"rendered":"<p>Esta conexi\u00f3n de agua de la v\u00e1lvula de cierre 3\/8 x garantiza que puede abrir o cerrar el suministro de agua a su sistema de \u00f3smosis inversa. Esto es necesario si desea desinstalar el sistema o realizar un cambio de filtro en el que el sistema debe estar sin presi\u00f3n. La v\u00e1lvula de cierre tambi\u00e9n permite desconectar el sistema del suministro de agua si se produce una fuga, por ejemplo, en el <strong><a href=\"https:\/\/shop.nlq24.eu\/es\/Produkt\/diseno-de-acero-inoxidable-de-osmosis-inversa\/\">Grifo de agua de \u00f3smosis inversa<\/a><\/strong> deber\u00eda ocurrir.<\/p>\n<p>Se trata de una <strong>nueva generaci\u00f3n m\u00e1s estable<\/strong> en la que la v\u00e1lvula de cierre ya est\u00e1 integrada en el adaptador. As\u00ed que hay una vulnerabilidad menos para las fugas.<\/p>\n<p>La v\u00e1lvula de cierre se adapta a la conexi\u00f3n de agua de 3\/8 pulgadas y, por lo tanto, a los sistemas comunes de \u00f3smosis inversa. Hay un adaptador para la manguera de \u00f3smosis 1\/4 #<\/p>\n<h3>Conecte la v\u00e1lvula de cierre para el sistema de \u00f3smosis inversa de 3\/8 pulgadas<\/h3>\n<p>Atornille la v\u00e1lvula de apagado con cinta tefl\u00f3n o mejor cinta de c\u00e1\u00f1amo al adaptador de conexi\u00f3n de 3\/8 pulgadas. Este adaptador est\u00e1 conectado previamente a la conexi\u00f3n de agua en el fregadero.<\/p>\n<p>A continuaci\u00f3n, afloje la tuerca de la tapa y empuje <strong><a href=\"https:\/\/shop.nlq24.eu\/es\/Produkt\/schlauch-fuer-umkehrosmoseanlage-1-4-zoll-es\/\">la manguera de \u00f3smosis<\/a><\/strong> inversa hasta el fondo de la abertura y luego apriete la tuerca. El engarce sella la conexi\u00f3n.<\/p>\n<p>Ahora puedes abrir la llave de paso para comprobar la estanqueidad.<\/p>\n","protected":false},"excerpt":{"rendered":"<p>Conexi\u00f3n de agua de la v\u00e1lvula de apagado para sistema de \u00f3smosis inversa de 3\/8 pulgadas a 1\/4 de pulgada.+<\/p>\n","protected":false},"featured_media":76088,"comment_status":"open","ping_status":"closed","template":"","meta":[],"product_brand":[],"product_cat":[2354,2355],"product_tag":[3080,3177],"class_list":{"0":"post-76091","1":"product","2":"type-product","3":"status-publish","4":"has-post-thumbnail","6":"product_cat-umkehrosmose-zubehoer-es","7":"product_cat-grifos-de-osmosis-inversa","8":"product_tag-absperrhahn-fuer-umkehrosmoseanlage-1-4-zoll-es","9":"product_tag-umkehrosmose-absperrhahn-es","10":"product_shipping_class-1-paquete-de-envio-con-seguimiento","12":"first","13":"instock","14":"taxable","15":"shipping-taxable","16":"purchasable","17":"product-type-simple"},"_links":{"self":[{"href":"https:\/\/shop.nlq24.eu\/es\/wp-json\/wp\/v2\/product\/76091","targetHints":{"allow":["GET"]}}],"collection":[{"href":"https:\/\/shop.nlq24.eu\/es\/wp-json\/wp\/v2\/product"}],"about":[{"href":"https:\/\/shop.nlq24.eu\/es\/wp-json\/wp\/v2\/types\/product"}],"replies":[{"embeddable":true,"href":"https:\/\/shop.nlq24.eu\/es\/wp-json\/wp\/v2\/comments?post=76091"}],"wp:featuredmedia":[{"embeddable":true,"href":"https:\/\/shop.nlq24.eu\/es\/wp-json\/wp\/v2\/media\/76088"}],"wp:attachment":[{"href":"https:\/\/shop.nlq24.eu\/es\/wp-json\/wp\/v2\/media?parent=76091"}],"wp:term":[{"taxonomy":"product_brand","embeddable":true,"href":"https:\/\/shop.nlq24.eu\/es\/wp-json\/wp\/v2\/product_brand?post=76091"},{"taxonomy":"product_cat","embeddable":true,"href":"https:\/\/shop.nlq24.eu\/es\/wp-json\/wp\/v2\/product_cat?post=76091"},{"taxonomy":"product_tag","embeddable":true,"href":"https:\/\/shop.nlq24.eu\/es\/wp-json\/wp\/v2\/product_tag?post=76091"}],"curies":[{"name":"wp","href":"https:\/\/api.w.org\/{rel}","templated":true}]}}