{"id":76096,"date":"2019-07-04T12:38:28","date_gmt":"2019-07-04T12:38:28","guid":{"rendered":"https:\/\/shop.nlq24.eu\/?post_type=product&#038;p=76096"},"modified":"2025-06-19T07:28:43","modified_gmt":"2025-06-19T07:28:43","slug":"dosificador-inserto-vidrio-botella","status":"publish","type":"product","link":"https:\/\/shop.nlq24.eu\/es\/ producto\/dosificador-inserto-vidrio-botella\/","title":{"rendered":"Inserto dosificador para botella de vidrio PP28 tambi\u00e9n Miron"},"content":{"rendered":"<p class=\"Normal\">El inserto dosificador para <strong>botellas de vidrio Miron<\/strong> tambi\u00e9n forma parte del sistema dosificador ORIGINAL <strong><span class=\"tm6\">y solo se adapta a la jeringa dosificadora (dosificador) de 10 ml.<br \/>\n<\/span><\/p>\n<p><\/strong> <strong><\/strong><\/p>\n<p class=\"Normal\">Este peque\u00f1o inserto de pl\u00e1stico se llama inserto Doser. Tambi\u00e9n puede presionarlo en las botellas de vidrio Miron con el di\u00e1metro de apertura 28 mm PP28. Despu\u00e9s de pulsar el inserto Doser, ha reducido el cuello de la botella para que el dosificador encaje exactamente en este dispositivo. El Doser, por otro lado, es una especie de jeringa dosificador. Con la plaquita y el dosificador de paso preciso, puede extraer l\u00edquidos de estas botellas. Y esto sin p\u00e9rdidas y limpio. Lo bueno de este sistema es que se puede medir el l\u00edquido al mismo tiempo cuando se est\u00e1 tirando en el dosificador. Este inserto dosificador para botellas de vidrio \u00e1mbar y botellas de vidrio Miron PP28.<\/p>\n<p class=\"Normal\">Si necesitas botellas de vidrio Miron, puedes encontrarlas <a href=\"https:\/\/shop.nlq24.eu\/es\/Produkt\/botella-de-vidrio-miron\/\">aqu\u00ed<\/a>.<\/p>\n<p class=\"Normal\">Puede encontrar un dosificador (jeringa dosificadora) <a href=\"https:\/\/shop.nlq24.eu\/es\/ producto\/doser-cdh-doser-10-ml-es\/\"><br \/>\n  <span style=\"color: #0000ff;\"><br \/>\n    <strong>aqu\u00ed.<\/strong><br \/>\n  <\/span><br \/>\n<\/a><\/p>\n","protected":false},"excerpt":{"rendered":"<p>Inserto dosificador para botellas de vidrio \u00e1mbar PP28 y vidrio Miron<\/p>\n","protected":false},"featured_media":10470,"comment_status":"open","ping_status":"closed","template":"","meta":[],"product_brand":[],"product_cat":[1866,3744,1876,2326],"product_tag":[2458,2455,2456,2457],"class_list":{"0":"post-76096","1":"product","2":"type-product","3":"status-publish","4":"has-post-thumbnail","6":"product_cat-todos-los-productos-resumen","7":"product_cat-sistema-de-dosificacion-todos","8":"product_cat-dosificacion-medicion","9":"product_cat-dosificador-para-botellas-pp28","10":"product_tag-doser-system-flasche-es","11":"product_tag-doser-es","12":"product_tag-doser-einsatz-es","13":"product_tag-doser-system-es","14":"product_shipping_class-1-paquete-de-envio-con-seguimiento","15":"pa_milliliter-5-ml-es","16":"pa_milliliter-10-ml-es","18":"first","19":"instock","20":"taxable","21":"shipping-taxable","22":"purchasable","23":"product-type-simple"},"_links":{"self":[{"href":"https:\/\/shop.nlq24.eu\/es\/wp-json\/wp\/v2\/product\/76096","targetHints":{"allow":["GET"]}}],"collection":[{"href":"https:\/\/shop.nlq24.eu\/es\/wp-json\/wp\/v2\/product"}],"about":[{"href":"https:\/\/shop.nlq24.eu\/es\/wp-json\/wp\/v2\/types\/product"}],"replies":[{"embeddable":true,"href":"https:\/\/shop.nlq24.eu\/es\/wp-json\/wp\/v2\/comments?post=76096"}],"wp:featuredmedia":[{"embeddable":true,"href":"https:\/\/shop.nlq24.eu\/es\/wp-json\/wp\/v2\/media\/10470"}],"wp:attachment":[{"href":"https:\/\/shop.nlq24.eu\/es\/wp-json\/wp\/v2\/media?parent=76096"}],"wp:term":[{"taxonomy":"product_brand","embeddable":true,"href":"https:\/\/shop.nlq24.eu\/es\/wp-json\/wp\/v2\/product_brand?post=76096"},{"taxonomy":"product_cat","embeddable":true,"href":"https:\/\/shop.nlq24.eu\/es\/wp-json\/wp\/v2\/product_cat?post=76096"},{"taxonomy":"product_tag","embeddable":true,"href":"https:\/\/shop.nlq24.eu\/es\/wp-json\/wp\/v2\/product_tag?post=76096"}],"curies":[{"name":"wp","href":"https:\/\/api.w.org\/{rel}","templated":true}]}}