{"id":76124,"date":"2018-11-03T21:40:51","date_gmt":"2018-11-03T21:40:51","guid":{"rendered":"https:\/\/shop.nlq24.eu\/produkt\/solucion-dmso-70\/"},"modified":"2025-10-08T10:02:26","modified_gmt":"2025-10-08T10:02:26","slug":"dmso-70-por-ciento-loesung","status":"publish","type":"product","link":"https:\/\/shop.nlq24.eu\/es\/ producto\/dmso-70-por-ciento-loesung\/","title":{"rendered":"Soluci\u00f3n de DMSO al 70%, dimetilsulf\u00f3xido"},"content":{"rendered":"<div><strong>Soluci\u00f3n DMSO 70% &#8211; Sulf\u00f3xido de dimetil<\/strong><\/div>\n<div>\n<p>Recibir\u00e1 una soluci\u00f3n DMSO 70% en perfecta mezcla. He diluido esta soluci\u00f3n para usted con agua destilada al 70%. La sustancia b\u00e1sica de esta soluci\u00f3n DMSO es DMSO 99.99% en muy alta calidad &#8211; ver <a href=\"https:\/\/shop.nlq24.eu\/produkt\/dmso100-100-ml-glasflasche-din18\/\"><br \/>\n  <strong>DMSO100<\/strong><br \/>\n<\/a>. Esto, a su vez, est\u00e1 libre de sustancias cancer\u00edgenas. M\u00e1s sobre el DMSO encontrar\u00e1s <a href=\"https:\/\/www.natao.org\/dmso.htm\">aqu\u00ed<\/a>.<\/p>\n<p>La ventaja de esta soluci\u00f3n es que, a diferencia de DMSO100, no \u00abcongela\u00bb (cristaliz\u00f3) tan r\u00e1pidamente. Porque DMSO ya se est\u00e1 congelando a M\u00c1S 18 \u00b0C! Por lo tanto, no es l\u00edquido a temperaturas inferiores a 18 \u00b0C y por lo tanto no se puede utilizar. Esto es diferente con esta <strong>soluci\u00f3n del 70%.<\/strong> Sigue operativo. Con el DMSO, pr\u00e1cticamente no hay liberaci\u00f3n relevante de \u201cplastificantes\u201d de las botellas de pl\u00e1stico. <\/p>\n<div><\/div>\n<div>\n<div><strong>variantes:<\/strong><\/div>\n<div>50 ml en botella de vidrio con cuentagotas,<\/div>\n<div>100 ml en botella de vidrio con cuentagotas,<\/div>\n<div>Botella de vidrio de 250 ml PP28 sin cuentagotas,<\/div>\n<div>Botella de vidrio de 500 ml PP28 sin cuentagotas.<\/div>\n<\/div>\n<div><\/div>\n<div>Pistas: Almacenar a temperatura ambiente. No lo calentar\u00e9 con fuerza.<\/div>\n<\/div>\n","protected":false},"excerpt":{"rendered":"<p><strong>Soluci\u00f3n DMSO 70%<br \/>\n<\/strong><\/p>\n","protected":false},"featured_media":10464,"comment_status":"open","ping_status":"closed","template":"","meta":[],"product_brand":[],"product_cat":[2319,1866],"product_tag":[2435,2438,2439,2441,2442,3180],"class_list":{"0":"post-76124","1":"product","2":"type-product","3":"status-publish","4":"has-post-thumbnail","6":"product_cat-dmso-70-es","7":"product_cat-todos-los-productos-resumen","8":"product_tag-dmso-es","9":"product_tag-dmso-70-es","10":"product_tag-dmso-70-loesung-dimethylsulfoxid-es","11":"product_tag-dmso-loesung-es","12":"product_tag-dmso-verduennung-es","13":"product_tag-verduennung-es","14":"product_shipping_class-1-paquete-de-envio-con-seguimiento","15":"pa_flaschenart-pp-flasche-halbtransparent-es","16":"pa_flaschenart-botella-de-vidrio-din18","17":"pa_flaschenart-botella-de-vidrio-pp28","18":"pa_flaschenart-botella-de-pead-negra","19":"pa_flaschenart-botella-de-pead-blanca","20":"pa_flaschenart-botella-de-hdpe","21":"pa_milliliter-30-ml-es","22":"pa_milliliter-100-ml-es","23":"pa_milliliter-50-ml-es","24":"pa_milliliter-250-ml-es","25":"pa_milliliter-200-ml-es","26":"pa_milliliter-500-ml-es","27":"pa_milliliter-1000-ml-es","29":"first","30":"instock","31":"featured","32":"taxable","33":"shipping-taxable","34":"purchasable","35":"product-type-variable"},"_links":{"self":[{"href":"https:\/\/shop.nlq24.eu\/es\/wp-json\/wp\/v2\/product\/76124","targetHints":{"allow":["GET"]}}],"collection":[{"href":"https:\/\/shop.nlq24.eu\/es\/wp-json\/wp\/v2\/product"}],"about":[{"href":"https:\/\/shop.nlq24.eu\/es\/wp-json\/wp\/v2\/types\/product"}],"replies":[{"embeddable":true,"href":"https:\/\/shop.nlq24.eu\/es\/wp-json\/wp\/v2\/comments?post=76124"}],"wp:featuredmedia":[{"embeddable":true,"href":"https:\/\/shop.nlq24.eu\/es\/wp-json\/wp\/v2\/media\/10464"}],"wp:attachment":[{"href":"https:\/\/shop.nlq24.eu\/es\/wp-json\/wp\/v2\/media?parent=76124"}],"wp:term":[{"taxonomy":"product_brand","embeddable":true,"href":"https:\/\/shop.nlq24.eu\/es\/wp-json\/wp\/v2\/product_brand?post=76124"},{"taxonomy":"product_cat","embeddable":true,"href":"https:\/\/shop.nlq24.eu\/es\/wp-json\/wp\/v2\/product_cat?post=76124"},{"taxonomy":"product_tag","embeddable":true,"href":"https:\/\/shop.nlq24.eu\/es\/wp-json\/wp\/v2\/product_tag?post=76124"}],"curies":[{"name":"wp","href":"https:\/\/api.w.org\/{rel}","templated":true}]}}