{"id":76143,"date":"2021-05-03T16:10:26","date_gmt":"2021-05-03T16:10:26","guid":{"rendered":"https:\/\/shop.nlq24.eu\/produkt\/tapa-de-cierre-por-goteo-din18-seguro-para-ninos\/"},"modified":"2025-06-19T07:32:33","modified_gmt":"2025-06-19T07:32:33","slug":"cierre-por-goteo-tapa-din18-a-prueba-de-ninos","status":"publish","type":"product","link":"https:\/\/shop.nlq24.eu\/es\/ producto\/cierre-por-goteo-tapa-din18-a-prueba-de-ninos\/","title":{"rendered":"Tapa de cierre por goteo DIN18 Seguro para ni\u00f1os"},"content":{"rendered":"<p><strong>Tapa de cierre por goteo DIN18 Seguro para ni\u00f1os<\/strong><\/p>\n<p>Esta es una tapa de cierre de cuentagotas, que se puede utilizar para todas las botellas DIN18. Est\u00e1 dise\u00f1ado como una cerradura de seguridad para ni\u00f1os. Adem\u00e1s, conoce una alta <strong>tensi\u00f3n,<\/strong> que tuve que buscar durante mucho tiempo.<\/p>\n<p>Una <strong>tapa de cierre muy densa<\/strong> es una necesidad y no es f\u00e1cil de encontrar, especialmente cuando se llenan l\u00edquidos a mano. \u00a1Aqu\u00ed, sin embargo, est\u00e1 la soluci\u00f3n!<\/p>\n<p>Tambi\u00e9n es adecuado para macetas l\u00edquidos, as\u00ed como un cierre puro. Est\u00e1 hecho de PE. El inserto de cuentagotas permite buenas gotas, incluso soluciones ligeramente m\u00e1s viscosas.<\/p>\n<p>Tambi\u00e9n puede utilizar este cuentagotas bien para medios de llenado alcoh\u00f3licos, acuosos o incluso l\u00edquidos finos.<\/p>\n<p>El cuentagotas se puede seleccionar en blanco o <strong>negro.<\/strong><\/p>\n<p><strong>Datos t\u00e9cnicos:<\/strong><\/p>\n<p>Altura: aprox. 19 mm<\/p>\n<p>Di\u00e1metro: aprox. 23 mm<\/p>\n<p>Peso: alrededor de 4g<\/p>\n","protected":false},"excerpt":{"rendered":"<p><strong>Cierre de cuentagotas, para botella de vidrio DIN18 Standard<\/strong><\/p>\n","protected":false},"featured_media":10595,"comment_status":"open","ping_status":"closed","template":"","meta":[],"product_brand":[],"product_cat":[1866,2333,2359],"product_tag":[2769,2770,2792,3150,3174,3175,2433,2444],"class_list":{"0":"post-76143","1":"product","2":"type-product","3":"status-publish","4":"has-post-thumbnail","6":"product_cat-todos-los-productos-resumen","7":"product_cat-cierres-din18-para-botellas-de-vidrio","8":"product_cat-zubehoer-fuer-flaschen","9":"product_tag-cuentagotas-es","10":"product_tag-cerradura","11":"product_tag-cierre-de-seguridad-infantil","12":"product_tag-randtropfer-es","13":"product_tag-tropfverschluss-es","14":"product_tag-tropferverschluss-glasflasche-din18-es","15":"product_tag-din18-es","16":"product_tag-deckel-din18-es","17":"product_shipping_class-1-paquete-de-envio-con-seguimiento","19":"first","20":"instock","21":"taxable","22":"shipping-taxable","23":"purchasable","24":"product-type-variable"},"_links":{"self":[{"href":"https:\/\/shop.nlq24.eu\/es\/wp-json\/wp\/v2\/product\/76143","targetHints":{"allow":["GET"]}}],"collection":[{"href":"https:\/\/shop.nlq24.eu\/es\/wp-json\/wp\/v2\/product"}],"about":[{"href":"https:\/\/shop.nlq24.eu\/es\/wp-json\/wp\/v2\/types\/product"}],"replies":[{"embeddable":true,"href":"https:\/\/shop.nlq24.eu\/es\/wp-json\/wp\/v2\/comments?post=76143"}],"wp:featuredmedia":[{"embeddable":true,"href":"https:\/\/shop.nlq24.eu\/es\/wp-json\/wp\/v2\/media\/10595"}],"wp:attachment":[{"href":"https:\/\/shop.nlq24.eu\/es\/wp-json\/wp\/v2\/media?parent=76143"}],"wp:term":[{"taxonomy":"product_brand","embeddable":true,"href":"https:\/\/shop.nlq24.eu\/es\/wp-json\/wp\/v2\/product_brand?post=76143"},{"taxonomy":"product_cat","embeddable":true,"href":"https:\/\/shop.nlq24.eu\/es\/wp-json\/wp\/v2\/product_cat?post=76143"},{"taxonomy":"product_tag","embeddable":true,"href":"https:\/\/shop.nlq24.eu\/es\/wp-json\/wp\/v2\/product_tag?post=76143"}],"curies":[{"name":"wp","href":"https:\/\/api.w.org\/{rel}","templated":true}]}}