{"id":76214,"date":"2019-07-04T12:38:18","date_gmt":"2019-07-04T12:38:18","guid":{"rendered":"https:\/\/shop.nlq24.eu\/produkt\/sistema-dosificador-para-botella-de-vidrio-miron-pp28-250-ml\/"},"modified":"2025-10-10T18:39:17","modified_gmt":"2025-10-10T18:39:17","slug":"jeringa-dosificadora-dosificadora-10-ml-para-frascos-pp28","status":"publish","type":"product","link":"https:\/\/shop.nlq24.eu\/es\/ producto\/jeringa-dosificadora-dosificadora-10-ml-para-frascos-pp28\/","title":{"rendered":"Dosificador &#8211; jeringa dosificadora 10 ml para frascos de PP 28"},"content":{"rendered":"<p class=\"Normal\"><strong><span class=\"tm6\">El<\/span><\/p>\n<p><\/strong> dosificador es parte del <strong><span class=\"tm6\"><a href=\"https:\/\/shop.nlq24.eu\/es\/ producto\/doser-cdh-doser-10-ml-es\/\">sistema de dosificaci\u00f3n<\/a><\/p>\n<p>  <\/span> <span class=\"tm6\">ORIGINAL<\/span><span class=\"tm6\">. <\/span><\/p>\n<p><\/strong> <\/p>\n<p class=\"Normal\">Cabe en todas las botellas <strong><span class=\"tm6\">ofrecidas con el tama\u00f1o PP28 (28 mm de di\u00e1metro de apertura), <\/span><\/p>\n<p><\/strong><strong><span class=\"tm6\">tambi\u00e9n en las botellas de vidrio Miron de 250, 500 y 1000 ml.<br \/>\n<\/span><\/p>\n<p><\/strong><\/p>\n<p class=\"Normal\">Este dosificador (jeringa dosificadora) es una ayuda precisa para dosificar l\u00edquidos, tales como: CDH, agua, jugos, etc. Es una especie de jeringa dosificador. Esto se convierte en un dispositivo de extracci\u00f3n a trav\u00e9s de un inserto de botella, el <strong><br \/>\n  <a href=\"https:\/\/shop.nlq24.eu\/de\/produkt\/doser-einsatz-fuer-doser-system\/\">inserto dosificador<\/a><br \/>\n<\/strong>.<\/p>\n<p>El pestillo en el dosificador est\u00e1 hecho del material PE. Para este dosificador hay un peque\u00f1o inserto de pl\u00e1stico, el llamado inserto del dosificador. Se puede prensar en botellas PP28. El<strong>Doser<\/strong> otra vez, <strong>encaja<\/strong> preciso <strong>en el dosificador<\/strong>. As\u00ed que puedes usar el <strong>inserto<\/strong> del dosificador y el dosificador de paso preciso para sacar los <strong>l\u00edquidos de estas<\/strong> botellas. Y esto <strong>sin p\u00e9rdidas<\/strong> y completamente limpio. Lo bueno de este sistema es que puedes medir el l\u00edquido al <strong>mismo tiempo<\/strong> que lo viertes en el dispensador. Esto le permite graduar la dosis de 10 ml. Se divide en pasos de 0,5 ml. As\u00ed que puedes usar esto <strong>una dosificaci\u00f3n mucho m\u00e1s precisa,<\/strong> que con una taza de medir.<\/p>\n<h3 class=\"Normal\"><strong><span class=\"tm6\">Mi cuidado TIP para Doser-System 28mm:<\/span><\/strong><\/h3>\n<div><strong>Instrucciones de cuidado del dosificador y la b\u00e1scula:<\/strong><\/div>\n<div><\/div>\n<div>La escala del Dosificador de 10 ml para botellas de 28 mm se aplica al interior del sello. Si las sustancias ahora se extraen y miden con \u00e9l, los residuos de estas sustancias que se disuelven de estas, que se adhieren al interior del dosificador, pueden conducir a la disoluci\u00f3n lenta de la escala. Por esta raz\u00f3n, al usar el dosificador con tales sustancias, debe enjuagarlo bien inmediatamente despu\u00e9s de su uso.<\/div>\n<div><\/div>\n<div>El peque\u00f1o anillo de goma en el sello en el dosificador puede perder flexibilidad despu\u00e9s de un cierto per\u00edodo de uso.<\/div>\n<div>Si el dosificador se vuelve lento, puede sacar el punz\u00f3n completamente de la carcasa del dosificador y humedecer el anillo de sellado de goma con una gota de <strong>aceite vegetal<\/strong> e insertarlo nuevamente. A continuaci\u00f3n, mueva el sello en la carcasa del dosificador<\/div>\n<div>un poco hacia adelante y hacia atr\u00e1s o hacia arriba y hacia abajo, luego se vuelve suave nuevamente.<\/div>\n<p class=\"Normal\">Por lo tanto, si el dosificador se vuelve dif\u00edcil de usar, simplemente proceda de la siguiente manera.<br \/>\n1.) Extraiga el \u00e9mbolo de la carcasa del dosificador.<br \/>\n2.) Humedece la goma de sellado unida al mortero con una gota de aceite vegetal.<br \/>\n3.) Empuje el \u00e9mbolo hacia adentro y mu\u00e9valo hacia arriba y hacia abajo varias veces. Despu\u00e9s de eso es suave de nuevo!<\/p>\n<p class=\"Normal\"><strong><span class=\"tm6\">Variante dosificador:<br \/>\n <\/span><\/p>\n<p><\/strong> El dosificador para volumen de 10 ml tiene 13,6 mm de di\u00e1metro y 134 mm de longitud. La graduaci\u00f3n es f\u00e1cil de leer en pasos de 0,5 ml.<\/p>\n<p class=\"Normal\">\u00bfNecesitas <strong>s\u00f3lo<\/strong> un inserto del Dosificador, encontrar\u00e1s esto <strong><u><a href=\"https:\/\/shop.nlq24.eu\/produkt\/doser-einsatz\/\"><span class=\"tm6\">aqu\u00ed<\/span><\/a><\/u> <span class=\"tm7\">.<\/span><\/strong><\/p>\n<h2>OTROS sistemas dosificadores para una eliminaci\u00f3n limpia<\/h2>\n<p class=\"Normal\">Un <strong>sistema dosificador para peque\u00f1as botellas de vidrio DIN18<\/strong> (30-100 ml) se puede encontrar <strong><a href=\"https:\/\/shop.nlq24.eu\/es\/Produkt\/doser-system-din18\/\">AQU\u00cd.<\/a><\/p>\n<p><\/strong><\/p>\n<p>Un alambique  <a href=\"https:\/\/shop.nlq24.eu\/es\/Produkt\/doser-system-bestaendig\/\">Sistema dosificador m\u00e1s duradero para botellas de 28 mm y 12 ml<\/a>  Encontrar\u00e1s:  <a href=\"https:\/\/shop.nlq24.eu\/es\/Produkt\/doser-system-bestaendig\/\">AQU\u00cd<\/a>. Esto tiene una jeringa m\u00e1s dura, que tiene la graduaci\u00f3n en el exterior y es m\u00e1s duradera en general.<\/p>\n<p>El <a href=\"https:\/\/shop.nlq24.eu\/es\/Produkt\/doser-system-din18\/\">duradero sistema de dosificaci\u00f3n DIN18<\/a> tambi\u00e9n est\u00e1 disponible aqu\u00ed para botellas con un di\u00e1metro de boca de 18 mm. Estos se encuentran generalmente en estas <a href=\"https:\/\/shop.nlq24.eu\/es\/Produkt\/glasflasche-din18-vario\/\">botellas cuentagotas<\/a> de 10 a 100 ml.<\/p>\n","protected":false},"excerpt":{"rendered":"<p>Jeringa dosificadora dosificadora para frasco PP28 10 ml volumen<\/p>\n","protected":false},"featured_media":11071,"comment_status":"open","ping_status":"closed","template":"","meta":[],"product_brand":[],"product_cat":[1866,1876,2326,3744],"product_tag":[2642,2643,2399,2455,2456,2470],"class_list":{"0":"post-76214","1":"product","2":"type-product","3":"status-publish","4":"has-post-thumbnail","6":"product_cat-todos-los-productos-resumen","7":"product_cat-dosificacion-medicion","8":"product_cat-dosificador-para-botellas-pp28","9":"product_cat-sistema-de-dosificacion-todos","10":"product_tag-jeringa-dosificadora","11":"product_tag-pipeta-dosificadora","12":"product_tag-cdh-doser-es","13":"product_tag-doser-es","14":"product_tag-doser-einsatz-es","15":"product_tag-dosierer-es","16":"product_shipping_class-1-paquete-de-envio-con-seguimiento","18":"first","19":"instock","20":"taxable","21":"shipping-taxable","22":"purchasable","23":"product-type-simple"},"_links":{"self":[{"href":"https:\/\/shop.nlq24.eu\/es\/wp-json\/wp\/v2\/product\/76214","targetHints":{"allow":["GET"]}}],"collection":[{"href":"https:\/\/shop.nlq24.eu\/es\/wp-json\/wp\/v2\/product"}],"about":[{"href":"https:\/\/shop.nlq24.eu\/es\/wp-json\/wp\/v2\/types\/product"}],"replies":[{"embeddable":true,"href":"https:\/\/shop.nlq24.eu\/es\/wp-json\/wp\/v2\/comments?post=76214"}],"wp:featuredmedia":[{"embeddable":true,"href":"https:\/\/shop.nlq24.eu\/es\/wp-json\/wp\/v2\/media\/11071"}],"wp:attachment":[{"href":"https:\/\/shop.nlq24.eu\/es\/wp-json\/wp\/v2\/media?parent=76214"}],"wp:term":[{"taxonomy":"product_brand","embeddable":true,"href":"https:\/\/shop.nlq24.eu\/es\/wp-json\/wp\/v2\/product_brand?post=76214"},{"taxonomy":"product_cat","embeddable":true,"href":"https:\/\/shop.nlq24.eu\/es\/wp-json\/wp\/v2\/product_cat?post=76214"},{"taxonomy":"product_tag","embeddable":true,"href":"https:\/\/shop.nlq24.eu\/es\/wp-json\/wp\/v2\/product_tag?post=76214"}],"curies":[{"name":"wp","href":"https:\/\/api.w.org\/{rel}","templated":true}]}}