{"id":76221,"date":"2019-01-05T19:29:34","date_gmt":"2019-01-05T19:29:34","guid":{"rendered":"https:\/\/shop.nlq24.eu\/produkt\/osmosis-inversa-faucet-premium\/"},"modified":"2025-11-15T21:22:05","modified_gmt":"2025-11-15T21:22:05","slug":"diseno-de-acero-inoxidable-de-osmosis-inversa","status":"publish","type":"product","link":"https:\/\/shop.nlq24.eu\/es\/ producto\/diseno-de-acero-inoxidable-de-osmosis-inversa\/","title":{"rendered":"\u00d3smosis inversa Faucet Premium"},"content":{"rendered":"<div>Este Grifo Premium de \u00d3smosis Inversa es un grifo met\u00e1lico de reemplazo con materiales nobles. Se adapta a cualquier sistema de \u00f3smosis inversa normal y tiene un dise\u00f1o atemporal. La funcionalidad perfecta se combina aqu\u00ed con poco espacio. El material de alta calidad tambi\u00e9n incluye la v\u00e1lvula cer\u00e1mica.<\/p>\n<div class=\"product--description\">\n<p>El Premium Osmosehahn es la alternativa de alta calidad a la v\u00e1lvula de \u00f3smosis est\u00e1ndar. Esta v\u00e1lvula impresiona con una mejor selecci\u00f3n de material y juntas de mayor calidad. Se monta por separado junto a su grifo normal como un reemplazo de su grifo de \u00f3smosis anterior. Si quieres un grifo que combine agua de \u00f3smosis, as\u00ed como agua fr\u00eda y caliente en un solo grifo, mira bajo 3 en 1 grifo.<\/p>\n<\/div>\n<\/div>\n<div class=\"content--description\">\n<div class=\"product--description\">\n<div>\n<div class=\"content--description\">\n<div class=\"product--description\">\n<p><strong>M\u00e9tricas:<\/strong><br \/>\nAlto: 280 mm, Ancho: 45 mm, Ancho en el regulador: 150 mm<\/p>\n<p>Conexi\u00f3n: 1x 1\/4 de pulgada<\/p>\n<\/div>\n<\/div>\n<p>Uso: Para una instalaci\u00f3n adicional junto a un grifo para el agua del grifo.<\/p>\n<\/div>\n<div>Si quieres UN grifo para agua fr\u00eda, caliente y de \u00f3smosis, echa un vistazo a los<br \/>\n<strong> grifos 3 en 1<\/strong> .<\/div>\n<p>Di\u00e1metro del pozo: 8 mm<\/p>\n<\/div>\n<\/div>\n","protected":false},"excerpt":{"rendered":"<p>\u00d3smosis inversa Faucet Premium<\/p>\n","protected":false},"featured_media":10147,"comment_status":"open","ping_status":"closed","template":"","meta":[],"product_brand":[],"product_cat":[1866,2355],"product_tag":[2383,2654,3056,3057,3149],"class_list":{"0":"post-76221","1":"product","2":"type-product","3":"status-publish","4":"has-post-thumbnail","6":"product_cat-todos-los-productos-resumen","7":"product_cat-grifos-de-osmosis-inversa","8":"product_tag-amatur-es","9":"product_tag-osmosis-inversa","10":"product_tag-grifo","11":"product_tag-grifo-de-agua-de-osmosis","12":"product_tag-premium-es","13":"product_shipping_class-1-paquete-de-envio-con-seguimiento","15":"first","16":"instock","17":"taxable","18":"shipping-taxable","19":"purchasable","20":"product-type-simple"},"_links":{"self":[{"href":"https:\/\/shop.nlq24.eu\/es\/wp-json\/wp\/v2\/product\/76221","targetHints":{"allow":["GET"]}}],"collection":[{"href":"https:\/\/shop.nlq24.eu\/es\/wp-json\/wp\/v2\/product"}],"about":[{"href":"https:\/\/shop.nlq24.eu\/es\/wp-json\/wp\/v2\/types\/product"}],"replies":[{"embeddable":true,"href":"https:\/\/shop.nlq24.eu\/es\/wp-json\/wp\/v2\/comments?post=76221"}],"wp:featuredmedia":[{"embeddable":true,"href":"https:\/\/shop.nlq24.eu\/es\/wp-json\/wp\/v2\/media\/10147"}],"wp:attachment":[{"href":"https:\/\/shop.nlq24.eu\/es\/wp-json\/wp\/v2\/media?parent=76221"}],"wp:term":[{"taxonomy":"product_brand","embeddable":true,"href":"https:\/\/shop.nlq24.eu\/es\/wp-json\/wp\/v2\/product_brand?post=76221"},{"taxonomy":"product_cat","embeddable":true,"href":"https:\/\/shop.nlq24.eu\/es\/wp-json\/wp\/v2\/product_cat?post=76221"},{"taxonomy":"product_tag","embeddable":true,"href":"https:\/\/shop.nlq24.eu\/es\/wp-json\/wp\/v2\/product_tag?post=76221"}],"curies":[{"name":"wp","href":"https:\/\/api.w.org\/{rel}","templated":true}]}}