{"id":76222,"date":"2019-01-05T18:57:00","date_gmt":"2019-01-05T18:57:00","guid":{"rendered":"https:\/\/shop.nlq24.eu\/produkt\/inversa-osmosis-tap-chrome-estandar\/"},"modified":"2025-11-15T21:39:05","modified_gmt":"2025-11-15T21:39:05","slug":"osmosis-inversa-grifo-cromo-estandar","status":"publish","type":"product","link":"https:\/\/shop.nlq24.eu\/es\/ producto\/osmosis-inversa-grifo-cromo-estandar\/","title":{"rendered":"Inversa Osmosis Tap Chrome &#8211; Est\u00e1ndar"},"content":{"rendered":"<div>Este grifo de metal barato y cromado se adapta a cualquier sistema de \u00f3smosis inversa normal. Tiene un dise\u00f1o atemporal. La funcionalidad perfecta se combina con poco espacio<\/div>\n<div><\/div>\n<div><strong>Las dimensiones son:<\/strong> Altura: 280mm \/ max Ancho: 12mm. El di\u00e1metro del pozo es de 8 mm<\/div>\n<div class=\"content--description\">\n<div class=\"product--description\">\n<div><\/div>\n<div>Este grifo est\u00e1 dise\u00f1ado para una instalaci\u00f3n adicional junto a un grifo para el agua del grifo.<\/div>\n<div>Si quieres UN grifo para agua fr\u00eda, caliente y de \u00f3smosis, echa un vistazo a los<br \/>\n<strong> grifos 3 en 1<\/strong> .<\/div>\n<p>&nbsp;<\/p>\n<\/div>\n<\/div>\n","protected":false},"excerpt":{"rendered":"<p>Cromo de grifo de \u00f3smosis inversa (est\u00e1ndar)<\/p>\n","protected":false},"featured_media":10145,"comment_status":"open","ping_status":"closed","template":"","meta":[],"product_brand":[],"product_cat":[1866,1910,2352,2354,2355],"product_tag":[2654,3056,2383,2430],"class_list":{"0":"post-76222","1":"product","2":"type-product","3":"status-publish","4":"has-post-thumbnail","6":"product_cat-todos-los-productos-resumen","7":"product_cat-filtro-de-agua-osmosis-inversa","8":"product_cat-umkehrosmose-anlagen-wasserfilter-es","9":"product_cat-umkehrosmose-zubehoer-es","10":"product_cat-grifos-de-osmosis-inversa","11":"product_tag-osmosis-inversa","12":"product_tag-grifo","13":"product_tag-amatur-es","14":"product_tag-chrom-es","15":"product_shipping_class-1-paquete-de-envio-con-seguimiento","17":"first","18":"instock","19":"taxable","20":"shipping-taxable","21":"purchasable","22":"product-type-simple"},"_links":{"self":[{"href":"https:\/\/shop.nlq24.eu\/es\/wp-json\/wp\/v2\/product\/76222","targetHints":{"allow":["GET"]}}],"collection":[{"href":"https:\/\/shop.nlq24.eu\/es\/wp-json\/wp\/v2\/product"}],"about":[{"href":"https:\/\/shop.nlq24.eu\/es\/wp-json\/wp\/v2\/types\/product"}],"replies":[{"embeddable":true,"href":"https:\/\/shop.nlq24.eu\/es\/wp-json\/wp\/v2\/comments?post=76222"}],"wp:featuredmedia":[{"embeddable":true,"href":"https:\/\/shop.nlq24.eu\/es\/wp-json\/wp\/v2\/media\/10145"}],"wp:attachment":[{"href":"https:\/\/shop.nlq24.eu\/es\/wp-json\/wp\/v2\/media?parent=76222"}],"wp:term":[{"taxonomy":"product_brand","embeddable":true,"href":"https:\/\/shop.nlq24.eu\/es\/wp-json\/wp\/v2\/product_brand?post=76222"},{"taxonomy":"product_cat","embeddable":true,"href":"https:\/\/shop.nlq24.eu\/es\/wp-json\/wp\/v2\/product_cat?post=76222"},{"taxonomy":"product_tag","embeddable":true,"href":"https:\/\/shop.nlq24.eu\/es\/wp-json\/wp\/v2\/product_tag?post=76222"}],"curies":[{"name":"wp","href":"https:\/\/api.w.org\/{rel}","templated":true}]}}