{"id":76223,"date":"2019-01-05T08:30:06","date_gmt":"2019-01-05T08:30:06","guid":{"rendered":"https:\/\/shop.nlq24.eu\/produkt\/conjunto-de-filtros-de-osmosis-inversa-10-pulgadas-5-filtros\/"},"modified":"2025-12-04T16:43:20","modified_gmt":"2025-12-04T16:43:20","slug":"filtros-de-osmosis-inversa-10-pulgadas","status":"publish","type":"product","link":"https:\/\/shop.nlq24.eu\/es\/ producto\/filtros-de-osmosis-inversa-10-pulgadas\/","title":{"rendered":"Conjunto de filtros de \u00f3smosis inversa 10 pulgadas, 5 filtros"},"content":{"rendered":"<div class=\"Description SmallTopPadding\">\n<p class=\"Normal\">Este bajo y econ\u00f3mico conjunto de \u00f3smosis inversa de 10 pulgadas es ideal para tu sistema de \u00f3smosis inversa de 10 pulgadas. Las 10 pulgadas se refieren a la longitud de los filtros. Mide 25,4 cm.  <\/p>\n<p class=\"Normal\">No importa si tienes un sistema de 5, 6 o 7 pasos. Con estos cartuchos, tambi\u00e9n puedes adaptar un sistema m\u00e1s peque\u00f1o.  Las 10 pulgadas se refieren solo a los 3 filtros principales, que se instalan en las 3 carcasas grandes. Otros filtros secundarios no dependen de esto.<\/p>\n<p class=\"Normal\">El conjunto incluye los <strong><br \/>\n  <span class=\"tm6\">siguientes cinco<\/span><br \/>\n<\/strong> filtros y, por lo tanto, m\u00e1s filtros de los conjuntos habituales:<\/p>\n<p class=\"Normal\">1.) Cartucho de polipropileno de sedimentos, 5 \u03bcm &#8211; 9 7\/8&#8243; x 2 1\/2&#8243;, FCPS5<br \/>\n2.) Cartucho de polipropileno de sedimento, 20 \u03bcm &#8211; 9 7\/8&#8243; x 2 1\/2&#8243; FCPS20<br \/>\n3.) Cartucho de bloque de carb\u00f3n activado (carb\u00f3n activado prensado) &#8211; 9 7\/8&#8243; x 2 1\/2&#8243;, FCCBL<br \/>\n4.) Filtro de carb\u00f3n activo hecho de c\u00e1scaras de coco &#8211; rosca hembra de 1\/4&#8243;, AICRO &#8211; 2&#8243;<br \/>\n5). Cartucho de mineralizaci\u00f3n &#8211; rosca hembra de 1\/4&#8243;, AIMRO &#8211; 2&#8243; (<strong><span class=\"tm7\">\u00a1gratis!*<\/span><\/strong>)<br \/>\n* Esto no est\u00e1 incluido con los juegos de filtros inteligentes.<\/p>\n<h3><strong><br \/>\n1\u00aa Etapa de Osmosis Inversa Juego de Filtros de Sedimento de 10 Pulgadas<br \/>\n5 Micras:<\/strong><\/h3>\n<p class=\"Normal\">El filtro de sedimentos tiene una permeabilidad a los poros de solo 5 micras y est\u00e1 hecho de un vell\u00f3n de polipropileno de alta calidad. Los micro-poros situados en la superficie tienen una capacidad de absorci\u00f3n particularmente alta. Esto elimina las impurezas gruesas de tu agua. Debido a esta estructura, este filtro puede filtrar impurezas gruesas, como arena, barro y part\u00edculas de \u00f3xido de tu agua. <\/p>\n<h3><strong>2\u00aa etapa: Filtro de sedimentos 20 micras<\/strong><\/h3>\n<p class=\"Normal\">El filtro de sedimentos tiene una permeabilidad de los poros de 20 micras. Tambi\u00e9n consiste en un vell\u00f3n de polipropileno de alta calidad. Los micro-poros situados en la superficie tienen una capacidad de absorci\u00f3n particularmente alta. Esto es importante para las impurezas a\u00fan m\u00e1s finas en su agua. Esta estructura especial tambi\u00e9n permite que estos se filtren para usted.<\/p>\n<h3><strong>3\u00aa etapa: Filtro de bloque de carbono activado<\/strong><\/h3>\n<p class=\"Normal\">El filtro de bloque de carbono activado se calienta en un proceso t\u00e9rmico especial. De esta manera, se crea una estructura de superficie especial. Esto, a su vez, puede unir otras part\u00edculas en el agua. Esto incluye no s\u00f3lo impurezas org\u00e1nicas sino tambi\u00e9n inorg\u00e1nicas. Tambi\u00e9n disolventes, fenol y benceno. Por lo tanto, se reducen significativamente. El filtro tambi\u00e9n reduce las mol\u00e9culas de cloro, impurezas org\u00e1nicas y otros olores de su agua potable. El filtro de carbono activado mejora significativamente el sabor y tambi\u00e9n la apariencia del agua filtrada. Se pone cristalino.<\/p>\n<h3><b>4\u00aa etapa: Postfiltro de carbono activado (c\u00e1scaras de<\/b><span style=\"font-size: 20.16px;\"><b><\/p>\n<p><\/b><b>coco)<\/b><\/span><\/h3>\n<p class=\"Normal\">El postfiltro de carbono activado consiste en un granulado de carbono activado vegetal. Se obtuvo cuidadosamente de c\u00e1scaras de coco seleccionadas. La mano de obra suave asegura un sabor agradable y vigorizante.<\/p>\n<h3><strong>5\u00aa etapa: Cartucho de mineralizaci\u00f3n<\/strong><\/h3>\n<p class=\"Normal\">La membrana de \u00f3smosis inversa tambi\u00e9n filtra minerales del agua. Utilice este cartucho para devolverlo al agua. Mantienen el agua b\u00e1sica. El cartucho de mineralizaci\u00f3n herm\u00e9ticamente sellado contiene <strong>calcio y magnesio.<\/strong> Estos minerales naturales se devuelven as\u00ed al agua filtrada. El proceso se lleva a cabo despu\u00e9s de pasar la membrana. Esta re-mineralizaci\u00f3n da como resultado una neutralizaci\u00f3n del valor del pH. Adem\u00e1s del carbonato de calcio, su cartucho de mineralizaci\u00f3n tambi\u00e9n contiene \u00f3xido de magnesio. Esta es la caracter\u00edstica especial de este conjunto de filtros de \u00f3smosis inversa de 5 etapas de 10 pulgadas.<\/p>\n<p class=\"Normal\">Deber\u00edas cambiar tu <strong>membrana de \u00f3smosis inversa<\/strong> cada 24 meses. Recibir\u00e1s <strong><u><a href=\"https:\/\/shop.nlq24.eu\/produkt\/membranen-fuer-umkehrosmoseanlagen-div-leistungsstufen\/\"><span class=\"tm6\">esta h.<\/span><\/a><\/u><\/strong> <\/p>\n<\/div>\n","protected":false},"excerpt":{"rendered":"<p>Juego de filtros para plantas de \u00f3smosis inversa de 10 pulgadas (est\u00e1ndar) 4 filtros + cartucho de mineralizaci\u00f3n<\/p>\n","protected":false},"featured_media":89044,"comment_status":"open","ping_status":"closed","template":"","meta":[],"product_brand":[],"product_cat":[1866,1910,2351,2353,2354],"product_tag":[3123,3129,3131,3181,3916,2654],"class_list":{"0":"post-76223","1":"product","2":"type-product","3":"status-publish","4":"has-post-thumbnail","6":"product_cat-todos-los-productos-resumen","7":"product_cat-filtro-de-agua-osmosis-inversa","8":"product_cat-umkehrosmose-membranen-es","9":"product_cat-umkehrosmose-ersatz-filter-es","10":"product_cat-umkehrosmose-zubehoer-es","11":"product_tag-ersatzfilter-es","12":"product_tag-filterset-es","13":"product_tag-filterset-10-zoll-es","14":"product_tag-umkehrosmose-filterset-10-zoll-es","15":"product_tag-filtro-configurado-para-7-estrellas","16":"product_tag-osmosis-inversa","17":"product_shipping_class-1-paquete-de-envio-con-seguimiento","19":"first","20":"outofstock","21":"taxable","22":"shipping-taxable","23":"purchasable","24":"product-type-simple"},"_links":{"self":[{"href":"https:\/\/shop.nlq24.eu\/es\/wp-json\/wp\/v2\/product\/76223","targetHints":{"allow":["GET"]}}],"collection":[{"href":"https:\/\/shop.nlq24.eu\/es\/wp-json\/wp\/v2\/product"}],"about":[{"href":"https:\/\/shop.nlq24.eu\/es\/wp-json\/wp\/v2\/types\/product"}],"replies":[{"embeddable":true,"href":"https:\/\/shop.nlq24.eu\/es\/wp-json\/wp\/v2\/comments?post=76223"}],"wp:featuredmedia":[{"embeddable":true,"href":"https:\/\/shop.nlq24.eu\/es\/wp-json\/wp\/v2\/media\/89044"}],"wp:attachment":[{"href":"https:\/\/shop.nlq24.eu\/es\/wp-json\/wp\/v2\/media?parent=76223"}],"wp:term":[{"taxonomy":"product_brand","embeddable":true,"href":"https:\/\/shop.nlq24.eu\/es\/wp-json\/wp\/v2\/product_brand?post=76223"},{"taxonomy":"product_cat","embeddable":true,"href":"https:\/\/shop.nlq24.eu\/es\/wp-json\/wp\/v2\/product_cat?post=76223"},{"taxonomy":"product_tag","embeddable":true,"href":"https:\/\/shop.nlq24.eu\/es\/wp-json\/wp\/v2\/product_tag?post=76223"}],"curies":[{"name":"wp","href":"https:\/\/api.w.org\/{rel}","templated":true}]}}