{"id":76228,"date":"2019-01-03T21:18:02","date_gmt":"2019-01-03T21:18:02","guid":{"rendered":"https:\/\/shop.nlq24.eu\/produkt\/membrana-para-sistema-de-osmosis-inversa-varios-tamanos\/"},"modified":"2025-12-04T11:17:26","modified_gmt":"2025-12-04T11:17:26","slug":"sistema-de-osmosis-membrana-para-reverso","status":"publish","type":"product","link":"https:\/\/shop.nlq24.eu\/es\/ producto\/sistema-de-osmosis-membrana-para-reverso\/","title":{"rendered":"Membrana para planta de \u00f3smosis inversa"},"content":{"rendered":"<div class=\"Description\">\n<p><b>Membrana para planta de \u00f3smosis inversa<\/b><\/p>\n<p>Est\u00e1n en el coraz\u00f3n de cualquier sistema de \u00f3smosis inversa. Estos se pueden seleccionar aqu\u00ed en diferentes tama\u00f1os de rendimiento.<\/p>\n<p><b>Aprendido de la naturaleza, invertido <\/b><br \/>\n con la membranaLa membrana para sistemas de \u00f3smosis inversa consiste en una pel\u00edcula de pol\u00edmero perforada con l\u00e1ser multicapa. Los poros microsc\u00f3picos se cortan en la pel\u00edcula. Tienen un tama\u00f1o promedio de poro de <strong>0,0001 micras.<\/strong> El agua se presiona con presi\u00f3n a trav\u00e9s de esta membrana semi-permeable (permeable). Dado que las mol\u00e9culas de agua son las mol\u00e9culas m\u00e1s peque\u00f1as, s\u00f3lo estas pueden penetrar en los poros finos de la membrana. Ya sean coliformes, bacterias, herbicidas, fungicidas, nitratos, nitritos, uranio, metales pesados de cualquier tipo, residuos de medicamentos, etc., se retienen los contaminantes no deseados. Durante el proceso, se retiran directamente de la membrana a trav\u00e9s de las aguas residuales. La membrana elimina hasta el 100% de todos los contaminantes.<\/p>\n<\/div>\n<p>Las siguientes cantidades de energ\u00eda est\u00e1n disponibles para su planta de \u00f3smosis inversa:<\/p>\n<p>GDP 150 = aprox. 570 litros \/ 24 horas (se adapta a todos los sistemas de \u00f3smosis inversa con 50 &#8211; 200 GPD, \u00a1para m\u00e1s potencia!)<br \/>\nGDP600 = hasta 2000 litros en 24 h (hasta 1,6 litros\/min).<\/p>\n<p>Aqu\u00ed encontrar\u00e1s juegos de filtros para <strong><a href=\"https:\/\/shop.nlq24.eu\/es\/Produkt\/filtros-de-osmosis-inversa-10-pulgadas\/\">sistemas de 10 pulgadas<\/a><\/strong>.<\/p>\n","protected":false},"excerpt":{"rendered":"<p>Membrana para sistemas de \u00f3smosis inversa<\/p>\n","protected":false},"featured_media":10133,"comment_status":"open","ping_status":"closed","template":"","meta":[],"product_brand":[],"product_cat":[1866,1910,2351,2354],"product_tag":[2654,3141,3143],"class_list":{"0":"post-76228","1":"product","2":"type-product","3":"status-publish","4":"has-post-thumbnail","6":"product_cat-todos-los-productos-resumen","7":"product_cat-filtro-de-agua-osmosis-inversa","8":"product_cat-umkehrosmose-membranen-es","9":"product_cat-umkehrosmose-zubehoer-es","10":"product_tag-osmosis-inversa","11":"product_tag-membrane-es","12":"product_tag-membranen-es","13":"product_shipping_class-1-paquete-de-envio-con-seguimiento","15":"first","16":"instock","17":"sale","18":"taxable","19":"shipping-taxable","20":"purchasable","21":"product-type-variable"},"_links":{"self":[{"href":"https:\/\/shop.nlq24.eu\/es\/wp-json\/wp\/v2\/product\/76228","targetHints":{"allow":["GET"]}}],"collection":[{"href":"https:\/\/shop.nlq24.eu\/es\/wp-json\/wp\/v2\/product"}],"about":[{"href":"https:\/\/shop.nlq24.eu\/es\/wp-json\/wp\/v2\/types\/product"}],"replies":[{"embeddable":true,"href":"https:\/\/shop.nlq24.eu\/es\/wp-json\/wp\/v2\/comments?post=76228"}],"wp:featuredmedia":[{"embeddable":true,"href":"https:\/\/shop.nlq24.eu\/es\/wp-json\/wp\/v2\/media\/10133"}],"wp:attachment":[{"href":"https:\/\/shop.nlq24.eu\/es\/wp-json\/wp\/v2\/media?parent=76228"}],"wp:term":[{"taxonomy":"product_brand","embeddable":true,"href":"https:\/\/shop.nlq24.eu\/es\/wp-json\/wp\/v2\/product_brand?post=76228"},{"taxonomy":"product_cat","embeddable":true,"href":"https:\/\/shop.nlq24.eu\/es\/wp-json\/wp\/v2\/product_cat?post=76228"},{"taxonomy":"product_tag","embeddable":true,"href":"https:\/\/shop.nlq24.eu\/es\/wp-json\/wp\/v2\/product_tag?post=76228"}],"curies":[{"name":"wp","href":"https:\/\/api.w.org\/{rel}","templated":true}]}}