{"id":76234,"date":"2018-12-20T12:30:54","date_gmt":"2018-12-20T12:30:54","guid":{"rendered":"https:\/\/shop.nlq24.eu\/produkt\/sistema-de-osmosis-inversa-smart-premium\/"},"modified":"2026-04-08T09:51:52","modified_gmt":"2026-04-08T09:51:52","slug":"sistema-de-osmosis-inversa-smart-premium","status":"publish","type":"product","link":"https:\/\/shop.nlq24.eu\/es\/ producto\/sistema-de-osmosis-inversa-smart-premium\/","title":{"rendered":"Sistema de \u00f3smosis inversa Smart Premium"},"content":{"rendered":"<div class=\"Description\">\n<h3><b>Sistema de \u00f3smosis inversa Smart Premium<br \/>\n<\/b><\/h3>\n<p>Sistema de <b>\u00f3smosis inversa<\/b> <b>peque\u00f1o, ahorrador de espacio y asequible<\/b> Smartline Gold premium<\/p>\n<p>El<strong> modelo asequible de nivel de entrada<\/strong> para su agua pura en cualquier lugar. Sin embargo, tiene un <strong>tanque de 3 litros<\/strong> y un <strong>grifo.<\/strong> Este no es un est\u00e1ndar para plantas muy peque\u00f1as.<\/p>\n<p>Este <b>sistema de \u00f3smosis inversa Smartline Gold premium<\/b> es f\u00e1cil de transportar. Esto le permite usarlos mientras viaja sobre la marcha. La <strong>salida<\/strong> es<strong> de hasta 285 litros en 24 horas.<\/strong> El sistema funciona con un <strong>tanque de almacenamiento de 3 litros<\/strong> y no requiere una conexi\u00f3n<strong> el\u00e9ctrica.<\/strong> Esto es posible mediante el uso de la presi\u00f3n del agua del grifo.  <span style=\"color: #333333;\">Purificaci\u00f3n de agua sin electricidad &#8211; s\u00f3lo se requiere 3 bar de presi\u00f3n de l\u00ednea.<\/span><\/p>\n<h3><b>Sistema de \u00f3smosis inversa Smart Premium &#8211; una maravilla espacial<\/b><\/h3>\n<p>Con un dispositivo de suspensi\u00f3n y 4 pies de goma, este sistema barato se puede montar en la pared o en el armario. Este sistema no tiene pre-filtros grandes. Esto ahorra espacio. Por lo tanto, debido a la falta de pre-filtros, es necesario cambiar los filtros un poco m\u00e1s con frecuencia. Sin embargo, el precio de este<strong> <a href=\"https:\/\/shop.nlq24.eu\/es\/ producto\/osmosis-inversa-filtro-set-para-smartline\/\">conjunto de filtros<\/a> <\/strong> necesario para este sistema es correspondientemente bajo.<\/p>\n<p>La planta filtra g\u00e9rmenes coliformes, bacterias, herbicidas, fosfatos, metales pesados, fungicidas, nitrato, nitrito, residuos de drogas o simplemente cal hasta 100% del agua del grifo.<\/p>\n<p><b>Experimenta el sabor m\u00e1s puro del agua m\u00e1s pura. Adem\u00e1s, esta planta ya est\u00e1 equipada con un <a href=\"https:\/\/shop.nlq24.eu\/es\/ producto\/cartucho-de-energizacion\/\">cartucho de energizaci\u00f3n<\/a> que energiza el agua.<\/b><\/p>\n<\/div>\n<h3><strong>Datos t\u00e9cnicos:<\/strong><\/h3>\n<p>La capacidad del filtro por d\u00eda es de hasta 285 litros.<br \/>\n<span style=\"color: #333333;\">La proporci\u00f3n entre agua de \u00f3smosis inversa y agua residual es de 1 a 4.<br \/>\nPeque\u00f1o y manejable con las siguientes dimensiones: <\/span><span style=\"color: #333333;\">35,5 cm x 13,5 cm x 12 cm (L x A x A)<br \/>\nEl dep\u00f3sito de almacenamiento de 3 litros s\u00f3lo requiere el siguiente espacio reducido: 24,5 x 24,5 x 34,3 cm (L x A x A)<br \/>\nEl peso del sistema en s\u00ed es de s\u00f3lo 4,8 kg.<\/span><\/p>\n<h3><strong>Mantenimiento y cuidado<\/strong><\/h3>\n<p>Se recomienda el cambio de filtro cada 5 meses, ya que este sistema no tiene prefiltros gruesos. Para ello, compre este <strong> <a href=\"https:\/\/shop.nlq24.eu\/es\/ producto\/osmosis-inversa-filtro-set-para-smartline\/\">conjunto de filtros<\/a> <\/strong>para su sistema. La <a href=\"https:\/\/shop.nlq24.eu\/es\/ producto\/sistema-de-osmosis-membrana-para-reverso\/\"><strong>membrana <\/strong><\/p>\n<p><\/a>debe cambiarse <strong>cada 24 meses.<\/strong><\/p>\n<p>Al cambiar la membrana, recomiendo la desinfecci\u00f3n despu\u00e9s de la limpieza previa aproximada de la carcasa de la membrana.<\/p>\n<p>Para ello, utilice <span style=\"color: #0000ff;\"><br \/>\n  <strong><br \/>\n    <a style=\"color: #0000ff;\" href=\"https:\/\/shop.nlq24.eu\/produkt\/cdh3000-chlordioxid-loesung\/\">CDH3000<\/a><br \/>\n  <\/strong><br \/>\n<\/span>. Primero, bloquee el flujo de entrada de agua. Desenrosque la carcasa de la membrana y vac\u00ede el agua. Para hacer esto, simplemente agregue a la carcasa de la membrana (con la membrana antigua en ella) 1-2 ml CDH3000. Cierre la carcasa de nuevo y ponga la planta en funcionamiento para que el agua entre en la planta. En el grifo UO, tome 2 litros de agua. Luego deja que la planta descanse durante media hora. El di\u00f3xido de cloro fluye a trav\u00e9s de la membrana, as\u00ed como el tanque y el grifo y los desinfecta.<\/p>\n<p>Luego abren la carcasa de la membrana y intercambian la antigua por la nueva membrana. Reconectar todo.<\/p>\n<h3><strong>Alcance de la entrega: <\/strong><\/h3>\n<p><strong>Este <\/strong>filtro de agua por \u00f3smosis inversa consta de:<br \/>\nel dep\u00f3sito de 3 litros, un filtro de sedimentos de 5 micras,<br \/>\nun filtro de carb\u00f3n activado,<br \/>\nuna membrana TFC de alto rendimiento de 100 GPD,<br \/>\n1 x juego de conexi\u00f3n para acoplar a una toma de grifo,<br \/>\ntodas las mangueras y una llave para la carcasa de la membrana y un grifo de cer\u00e1mica.<\/p>\n<p>&nbsp;<\/p>\n<p>Si desea un grifo de acero inoxidable, puede pedirlo por separado.<\/p>\n<p>Una gu\u00eda de conexi\u00f3n ilustrada se puede encontrar aqu\u00ed:<br \/>\n<strong><a href=\"https:\/\/shop.nlq24.eu\/wp-content\/uploads\/2021\/06\/Bedienungsanleitung-Smart-Premium-Ukehrosmose-Anlage-2021_05.pdf\">Manual de usuario Smart Premium sistema de \u00f3smosis inversa<\/a><\/strong><\/p>\n<p>&nbsp;<\/p>\n<p>&nbsp;<\/p>\n","protected":false},"excerpt":{"rendered":"<p>Mini sistema de \u00f3smosis inversa Smart Premium<\/p>\n","protected":false},"featured_media":77057,"comment_status":"open","ping_status":"closed","template":"","meta":[],"product_brand":[],"product_cat":[1866,1910,2352],"product_tag":[2656,2657,2787,3173,3182,3197,2385,2654,2655],"class_list":{"0":"post-76234","1":"product","2":"type-product","3":"status-publish","4":"has-post-thumbnail","6":"product_cat-todos-los-productos-resumen","7":"product_cat-filtro-de-agua-osmosis-inversa","8":"product_cat-umkehrosmose-anlagen-wasserfilter-es","9":"product_tag-barato","10":"product_tag-planta-de-osmosis-inversa","11":"product_tag-sin-cal","12":"product_tag-tank-es","13":"product_tag-wasser-es","14":"product_tag-optimiertes-es","15":"product_tag-anlage-es","16":"product_tag-osmosis-inversa","17":"product_tag-planta-de-osmosis","18":"product_shipping_class-1-paquete-de-envio-con-seguimiento","20":"first","21":"instock","22":"taxable","23":"shipping-taxable","24":"purchasable","25":"product-type-simple"},"_links":{"self":[{"href":"https:\/\/shop.nlq24.eu\/es\/wp-json\/wp\/v2\/product\/76234","targetHints":{"allow":["GET"]}}],"collection":[{"href":"https:\/\/shop.nlq24.eu\/es\/wp-json\/wp\/v2\/product"}],"about":[{"href":"https:\/\/shop.nlq24.eu\/es\/wp-json\/wp\/v2\/types\/product"}],"replies":[{"embeddable":true,"href":"https:\/\/shop.nlq24.eu\/es\/wp-json\/wp\/v2\/comments?post=76234"}],"wp:featuredmedia":[{"embeddable":true,"href":"https:\/\/shop.nlq24.eu\/es\/wp-json\/wp\/v2\/media\/77057"}],"wp:attachment":[{"href":"https:\/\/shop.nlq24.eu\/es\/wp-json\/wp\/v2\/media?parent=76234"}],"wp:term":[{"taxonomy":"product_brand","embeddable":true,"href":"https:\/\/shop.nlq24.eu\/es\/wp-json\/wp\/v2\/product_brand?post=76234"},{"taxonomy":"product_cat","embeddable":true,"href":"https:\/\/shop.nlq24.eu\/es\/wp-json\/wp\/v2\/product_cat?post=76234"},{"taxonomy":"product_tag","embeddable":true,"href":"https:\/\/shop.nlq24.eu\/es\/wp-json\/wp\/v2\/product_tag?post=76234"}],"curies":[{"name":"wp","href":"https:\/\/api.w.org\/{rel}","templated":true}]}}