{"id":76235,"date":"2018-12-13T20:27:39","date_gmt":"2018-12-13T20:27:39","guid":{"rendered":"https:\/\/shop.nlq24.eu\/produkt\/probador-de-agua-tds-medidor-tds\/"},"modified":"2025-06-19T07:30:56","modified_gmt":"2025-06-19T07:30:56","slug":"tds-water-tester-tds-meter-color-blanco-o-gris-izquierda-pruefen","status":"publish","type":"product","link":"https:\/\/shop.nlq24.eu\/es\/ producto\/tds-water-tester-tds-meter-color-blanco-o-gris-izquierda-pruefen\/","title":{"rendered":"Probador de agua (medidor de conductancia) TDS"},"content":{"rendered":"<h4 class=\"Normal\"><strong><u><span class=\"tm7\">Probador de agua TDS, medidor TDS &#8211; sin bater\u00edas<\/span><\/u><\/strong><\/h4>\n<p class=\"Normal\">Es adecuado para probar la conductividad del agua. El probador de agua TDS es muy adecuado para <strong><span class=\"tm7\">acampar, barco, caravana, viajes de larga distancia, al aire libre y la salud!<\/span><\/p>\n<p><\/strong><\/p>\n<p class=\"Normal\">Este dispositivo es de alta calidad. Tambi\u00e9n es eficiente y muy preciso. Tambi\u00e9n destaca su sencilla operaci\u00f3n. Con este dispositivo tiene una manera conveniente de medir su agua.<\/p>\n<p class=\"Normal\">S\u00f3lo pon a prueba tu agua t\u00fa mismo. \u00a1El agua es la comida m\u00e1s importante! En la presi\u00f3n de la cabeza puedes averiguar c\u00f3mo est\u00e1 mi agua. Monitoree su agua potable, su filtro de agua, hidropon\u00eda, acuarios, comida y caf\u00e9, agua de ba\u00f1o, etc. Sin embargo, el TDS no es un medidor contaminante.<\/p>\n<h4><strong>\u00bfQu\u00e9 mides con el TDS?<\/strong><\/h4>\n<p>Este probador de agua (medidor de conductancia) mide la proporci\u00f3n de sales, minerales y sustancias conductoras en el agua. La conductividad, pues. El agua pura, por ejemplo.B no conduce la electricidad. Esto se puede hacer a partir de experimentos en las lecciones escolares.<\/p>\n<p>Si pones dos electrodos de electricidad en el agua, el agua interrumpe el flujo de electricidad. Si se agrega sal al agua, de repente conduce la electricidad. De esto se puede ver que hay otras sustancias en el agua que s\u00f3lo la mol\u00e9cula de agua pura. Y esta conductividad es probada por el probador de agua. Cuanto mayor sea el valor, m\u00e1s partes extra\u00f1as est\u00e1n contenidas en el agua. De \u00e9ste se puede derivar el grado de pureza del agua.<\/p>\n<p class=\"Normal\">Con este probador de agua de alta calidad (dispositivo de medici\u00f3n de conductancia) TDS se mide de manera muy eficiente y precisa las partes por mill\u00f3n = <strong><br \/>\n  <span class=\"tm7\">ppm. <\/span><br \/>\n<\/strong> Es decir, partes de un mill\u00f3n de partes. Por lo tanto, en t\u00e9rminos de medici\u00f3n del agua, es posible determinar cu\u00e1ntas sustancias todav\u00eda est\u00e1n en el agua, excepto las mol\u00e9culas de agua. A partir de esto se puede concluir lo pura que es el agua. Para un agua pura de un sistema de \u00f3smosis inversa, es e.B. 0 a 14 ppm. El agua, que tiene un valor muy alto, no es pura y la pruebas. S\u00f3lo el agua libre y pura puede llevar otras sustancias con usted y disiparlas. Si el agua ya est\u00e1 ocupada con muchas otras mol\u00e9culas, ya no puede llevar nada con ella. No querr\u00e1s enjuagar tus platos limpios con agua sucia. Sin embargo, el TDS mide \u00fanicamente el n\u00famero de s\u00f3lidos disueltos en el agua que son conductores. Por lo tanto, no es un an\u00e1lisis qu\u00edmico del agua de acuerdo con sus ingredientes exactos. Por lo tanto, se trata de mediciones puramente cuantitativas. Sin embargo, un valor m\u00e1s bajo permite la conclusi\u00f3n aproximada de que el agua es mejor. Haga clic aqu\u00ed para ver el manual del <strong><u><a href=\"https:\/\/shop.nlq24.eu\/tds-bedienungsanleitung\/\"><span class=\"tm7\">usuario.<\/span><\/p>\n<p>    <\/a><\/p>\n<p>  <\/u><\/p>\n<p><\/strong><\/p>\n<h4><strong>Datos t\u00e9cnicos:<\/strong><\/h4>\n<p class=\"Normal\">El rango de medici\u00f3n est\u00e1 entre 0-9990 ppm\/mg\/L. El rango de medici\u00f3n de temperatura est\u00e1 entre 0-50\u00baC. Est\u00e1 equipado con un indicador de temperatura. El encendido o apagado tiene lugar autom\u00e1ticamente despu\u00e9s de 10 minutos. Esto ahorra energ\u00eda de la bater\u00eda. La <strong><span class=\"tm7\">llamada funci\u00f3n de retenci\u00f3n de datos<\/span><\/p>\n<p><\/strong> le permite leer el valor m\u00e1s <strong><span class=\"tm7\">adelante.<\/span><\/p>\n<p><\/strong> Esto es importante, por ejemplo.B, si mide en \u00e1reas donde no puede leer el valor durante la medici\u00f3n. Con una precisi\u00f3n de medici\u00f3n de \u00b12% est\u00e1 en el lado seguro. Para la fuente de alimentaci\u00f3n, a\u00fan necesita 2 celdas de bot\u00f3n LR44 (no incluidas).<\/p>\n","protected":false},"excerpt":{"rendered":"<p>Probador de agua (medidor de conductancia) TDS<\/p>\n","protected":false},"featured_media":10843,"comment_status":"open","ping_status":"closed","template":"","meta":[],"product_brand":[],"product_cat":[1866,1910,2354],"product_tag":[3184,3171,3172],"class_list":{"0":"post-76235","1":"product","2":"type-product","3":"status-publish","4":"has-post-thumbnail","6":"product_cat-todos-los-productos-resumen","7":"product_cat-filtro-de-agua-osmosis-inversa","8":"product_cat-umkehrosmose-zubehoer-es","9":"product_tag-wassertester-es","10":"product_tag-tds-es","11":"product_tag-tds-meter-es","12":"product_shipping_class-1-paquete-de-envio-con-seguimiento","14":"first","15":"instock","16":"taxable","17":"shipping-taxable","18":"purchasable","19":"product-type-simple"},"_links":{"self":[{"href":"https:\/\/shop.nlq24.eu\/es\/wp-json\/wp\/v2\/product\/76235","targetHints":{"allow":["GET"]}}],"collection":[{"href":"https:\/\/shop.nlq24.eu\/es\/wp-json\/wp\/v2\/product"}],"about":[{"href":"https:\/\/shop.nlq24.eu\/es\/wp-json\/wp\/v2\/types\/product"}],"replies":[{"embeddable":true,"href":"https:\/\/shop.nlq24.eu\/es\/wp-json\/wp\/v2\/comments?post=76235"}],"wp:featuredmedia":[{"embeddable":true,"href":"https:\/\/shop.nlq24.eu\/es\/wp-json\/wp\/v2\/media\/10843"}],"wp:attachment":[{"href":"https:\/\/shop.nlq24.eu\/es\/wp-json\/wp\/v2\/media?parent=76235"}],"wp:term":[{"taxonomy":"product_brand","embeddable":true,"href":"https:\/\/shop.nlq24.eu\/es\/wp-json\/wp\/v2\/product_brand?post=76235"},{"taxonomy":"product_cat","embeddable":true,"href":"https:\/\/shop.nlq24.eu\/es\/wp-json\/wp\/v2\/product_cat?post=76235"},{"taxonomy":"product_tag","embeddable":true,"href":"https:\/\/shop.nlq24.eu\/es\/wp-json\/wp\/v2\/product_tag?post=76235"}],"curies":[{"name":"wp","href":"https:\/\/api.w.org\/{rel}","templated":true}]}}