{"id":76412,"date":"2018-12-13T19:28:27","date_gmt":"2018-12-13T19:28:27","guid":{"rendered":"https:\/\/shop.nlq24.eu\/produkt\/tachyon-nano-energy-bowl\/"},"modified":"2021-05-16T18:28:02","modified_gmt":"2021-05-16T18:28:02","slug":"taquion-nano-energia-schuessel-1-stueck","status":"publish","type":"product","link":"https:\/\/shop.nlq24.eu\/es\/ producto\/taquion-nano-energia-schuessel-1-stueck\/","title":{"rendered":"Tachyon Nano-Energy Bowl"},"content":{"rendered":"<div>\n<div class=\"western\">Precio de 1 pieza Tachyon Nano bowl<\/div>\n<div class=\"western\"><\/div>\n<div class=\"western\">Potencia: 2000 nio. pero gran superficie<\/div>\n<div class=\"western\"><span lang=\"de-DE\"><b>Material:<\/b><\/p>\n<p><\/span> <span lang=\"de-DE\">Cer\u00e1mica con taquiones energ\u00eda<\/span><\/div>\n<div class=\"western\"><span lang=\"de-DE\">Di\u00e1metro: aprox. 9,8 cm<\/span><\/div>\n<\/div>\n<div><strong><span class=\"tm19\"><br \/>\n Nota:<\/span><\/p>\n<p><\/strong> <span class=\"tm18\"><span class=\"tm18\">Lea el descargo de responsabilidad al final de este documento.<\/span><\/p>\n<p><\/span> Incluso Nicola Tesla describi\u00f3 la energ\u00eda libre, que se llama taquiones. Historia de Tachyon Energy El descubrimiento de la energ\u00eda taquion puede atribuirse a James Clark Maxwell, un escoc\u00e9s nacido en el siglo XIX. Maxwell fue un genio matem\u00e1tico cuyo trabajo condujo al desarrollo de la f\u00edsica cu\u00e1ntica. Albert Einstein trabaj\u00f3 en los hallazgos de Maxwell y descubri\u00f3 la \u00abteor\u00eda de la relatividad\u00bb.<\/div>\n<div>\n<p>Sin embargo, tom\u00f3 cincuenta a\u00f1os despu\u00e9s del descubrimiento de Maxwell probar la existencia de la energ\u00eda taquiones. Nikola Tesla, que naci\u00f3 en Yugoslavia alrededor de 1856-1857, demostr\u00f3 la existencia de esta forma de energ\u00eda. Tesla se convirti\u00f3 en ciudadano estadounidense en 1891. Bas\u00e1ndose en el trabajo de Maxwell, pronto comenz\u00f3 a usar la energ\u00eda de Tachyon. Y todo sin cables. Tesla llam\u00f3 a esta energ\u00eda libre de energ\u00eda u ondas universales. Albert Einstein reconoci\u00f3 la existencia de esta forma de energ\u00eda y en referencia a la energ\u00eda taquion en la d\u00e9cada de 1920.<\/p>\n<p>Nikola Tesla es generalmente considerado el padre de la energ\u00eda taquion. Los nombres de Tesla para esta energ\u00eda eran: \u00abTachyon Energy\u00bb o \u00abZero Point Energy\u00bb o \u00abBrilliant Energy\u00bb. Es una energ\u00eda arm\u00f3nica sutil. La ciencia ha demostrado recientemente su existencia y efecto positivo y est\u00e1 investigando su uso con fines de salud. Es una energ\u00eda que armoniza la \u00abcuesti\u00f3n de la creaci\u00f3n\u00bb.<br \/>\nMientras tanto, existe la posibilidad de transferir esta energ\u00eda regeneradora a objetos. Estos objetos taquionizados luego \u00abirradian\u00bb la energ\u00eda armonizadora. Sin embargo, no es radiaci\u00f3n en el sentido convencional. Dependiendo del tama\u00f1o y la intensidad, estos tambi\u00e9n se pueden utilizar para la salud y la salud, seg\u00fan el fabricante. Cuanto mayor sea el objeto, m\u00e1s efecto. Esto tambi\u00e9n se aplica al nivel de potencia.<\/p>\n<\/div>\n<div>\n<p class=\"Textbody\"><strong><u><span class=\"tm8\">Descargo de responsabilidad \/ Condiciones de uso de<br \/>\n los productos taquiones<\/span><\/p>\n<p>  <\/u><\/p>\n<p><\/strong> <strong><span class=\"Strong_Emphasis\">Contenido:<\/span><\/p>\n<p><\/strong> Los textos de mi sitio web no pretenden estar cient\u00edficamente completos. Los productos taquionen y su uso no reemplazan de ninguna manera el apoyo o terapia de un m\u00e9dico, natur\u00f3pata u otro terapeuta o experto m\u00e9dico o psicol\u00f3gico. Los productos no se utilizan como alternativa a los remedios y m\u00e9todos cl\u00e1sicos, sino como una herramienta para un mejor bienestar. Los m\u00e9todos de medici\u00f3n que pueden probar el efecto no se reconocen de acuerdo con <u><a href=\"http:\/\/www.spektrum.de\/alias\/wissenschaftstheorie\/die-physik-ein-baufaelliger-turm-von-babel\/1139123\" data-cke-saved-href=\"http:\/\/www.spektrum.de\/alias\/wissenschaftstheorie\/die-physik-ein-baufaelliger-turm-von-babel\/1139123\">las normas cient\u00edficas actuales.<\/a><\/u> Las propiedades de estos productos se basan en la experiencia pr\u00e1ctica. No puedo aceptar ninguna responsabilidad o garant\u00eda por las solicitudes y experiencias presentadas o por los dise\u00f1os del fabricante. No acepto ninguna responsabilidad por cualquier mal uso. No hago promesas de salvaci\u00f3n. El usuario y el cliente de estos productos son informados de que la aplicaci\u00f3n sigue siendo su propia responsabilidad. Si hay problemas de salud en los usuarios que ven a los usuarios en relaci\u00f3n con los productos, p\u00f3ngase en contacto con nosotros para sus comentarios. Al mismo tiempo, me gustar\u00eda llamar la atenci\u00f3n sobre el hecho de que cualquier trastorno de condici\u00f3n f\u00edsica o psicol\u00f3gica debe implicar en cualquier caso el uso de un m\u00e9dico, terapeuta o experto psicol\u00f3gico correspondiente. Los productos de Taquiones no deben comerse ni tragarse. Tampoco son juguetes para ni\u00f1os peque\u00f1os desatendidos. S\u00f3lo bajo estas condiciones distribuyo estos productos y transmito la informaci\u00f3n que he recopilado sobre ellos. Hay muchos usuarios satisfechos en todo el mundo.<\/p>\n<p class=\"Textbody\"><strong><span class=\"Strong_Emphasis\">Enlaces:<\/span><\/strong> A pesar de un control cuidadoso del contenido, no acepto ninguna responsabilidad por el contenido de los enlaces externos. Los operadores de las p\u00e1ginas enlazadas son los \u00fanicos responsables de su contenido.<\/p>\n<\/div>\n","protected":false},"excerpt":{"rendered":"<p>Taquion bowl 9,8 cm, 2000 nio.<\/p>\n","protected":false},"featured_media":10007,"comment_status":"open","ping_status":"closed","template":"","meta":[],"product_brand":[],"product_cat":[1866,2347],"product_tag":[2807,3134,2801,2806],"class_list":{"0":"post-76412","1":"product","2":"type-product","3":"status-publish","4":"has-post-thumbnail","6":"product_cat-todos-los-productos-resumen","7":"product_cat-tachyon-produkte-es","8":"product_tag-taquiones","9":"product_tag-ionen-es","10":"product_tag-energia","11":"product_tag-escalar","12":"product_shipping_class-1-paquete-de-envio-con-seguimiento","13":"pa_stueck-1-es","14":"pa_stueck-6er-set-es","16":"first","17":"outofstock","18":"taxable","19":"shipping-taxable","20":"purchasable","21":"product-type-simple"},"_links":{"self":[{"href":"https:\/\/shop.nlq24.eu\/es\/wp-json\/wp\/v2\/product\/76412","targetHints":{"allow":["GET"]}}],"collection":[{"href":"https:\/\/shop.nlq24.eu\/es\/wp-json\/wp\/v2\/product"}],"about":[{"href":"https:\/\/shop.nlq24.eu\/es\/wp-json\/wp\/v2\/types\/product"}],"replies":[{"embeddable":true,"href":"https:\/\/shop.nlq24.eu\/es\/wp-json\/wp\/v2\/comments?post=76412"}],"wp:featuredmedia":[{"embeddable":true,"href":"https:\/\/shop.nlq24.eu\/es\/wp-json\/wp\/v2\/media\/10007"}],"wp:attachment":[{"href":"https:\/\/shop.nlq24.eu\/es\/wp-json\/wp\/v2\/media?parent=76412"}],"wp:term":[{"taxonomy":"product_brand","embeddable":true,"href":"https:\/\/shop.nlq24.eu\/es\/wp-json\/wp\/v2\/product_brand?post=76412"},{"taxonomy":"product_cat","embeddable":true,"href":"https:\/\/shop.nlq24.eu\/es\/wp-json\/wp\/v2\/product_cat?post=76412"},{"taxonomy":"product_tag","embeddable":true,"href":"https:\/\/shop.nlq24.eu\/es\/wp-json\/wp\/v2\/product_tag?post=76412"}],"curies":[{"name":"wp","href":"https:\/\/api.w.org\/{rel}","templated":true}]}}