{"id":76414,"date":"2019-01-06T10:09:36","date_gmt":"2019-01-06T10:09:36","guid":{"rendered":"https:\/\/shop.nlq24.eu\/produkt\/conjunto-de-filtros-de-osmosis-inversa-9-pulgadas-4-filtros\/"},"modified":"2025-06-19T07:43:12","modified_gmt":"2025-06-19T07:43:12","slug":"filtro-de-osmosis-inversa-de-9-pulgadas-4-filtros","status":"publish","type":"product","link":"https:\/\/shop.nlq24.eu\/es\/ producto\/filtro-de-osmosis-inversa-de-9-pulgadas-4-filtros\/","title":{"rendered":"Juego de filtros de \u00f3smosis inversa 9 pulgadas, 4 filtros (22,9 cm)"},"content":{"rendered":"<h3><strong>Juego de filtros de \u00f3smosis inversa de 9 pulgadas (22,9 cm)<\/strong><\/h3>\n<h3><strong>adecuado para los modelos: Top Water Europe\/ Ultimate 1500+ y sistemas RDL m\u00e1s antiguos<\/strong><\/h3>\n<p>Este conjunto de filtros de \u00f3smosis inversa se adapta a accesorios de 9 pulgadas. Tiene 4 filtros. De los cuales 3 prefiltros grandes y un postfiltro de carbono activado.<\/p>\n<h3>Contenido del conjunto<\/h3>\n<h4><strong>1\u00aa etapa del filtro: Filtro de sedimentos<br \/>\n de 5 micras,<\/strong>el filtro de sedimentos elimina o reduce muchas part\u00edculas como arena e.B, lodos, part\u00edculas de \u00f3xido, as\u00ed como impurezas mec\u00e1nicas de hasta 5 micras<a type=\"button\" data-toggle=\"collapse\" data-target=\"#9554268\" aria-expanded=\"false\" aria-controls=\"9554268\"><span class=\"result\">(0,005 mil\u00edmetros) <\/span><\/p>\n<p><\/a>del agua del grifo. Es particularmente resistente a los agentes qu\u00edmicos y al mismo tiempo previene el desarrollo de microorganismos.<\/h4>\n<h4><strong>2. Etapa del filtro:<\/strong> <strong>Filtro de sedimentos 1 micr\u00f3n<\/strong><\/h4>\n<h4>elimina o reduce part\u00edculas a\u00fan m\u00e1s finas.B como arena, lodos, part\u00edculas de \u00f3xido e impurezas mec\u00e1nicas de hasta 1 micr\u00f3n<a type=\"button\" data-toggle=\"collapse\" data-target=\"#9554268\" aria-expanded=\"false\" aria-controls=\"9554268\"><br \/>\n  <span class=\"result\">(0,001 mil\u00edmetros)<\/span><br \/>\n<\/a> del agua del grifo. Tambi\u00e9n es particularmente resistente a las influencias qu\u00edmicas y al mismo tiempo previene el desarrollo de microorganismos.<\/h4>\n<h4><strong>3. Nivel de filtro: Filtro de bloque de carbono activado<\/strong><\/h4>\n<p>Esta etapa elimina o reduce part\u00edculas de cloro libres, disolventes, olores, pesticidas, sustancias inorg\u00e1nicas. Esto incluye fenol, benceno e impurezas org\u00e1nicas. La filtraci\u00f3n de las mejores impurezas con un tama\u00f1o de hasta 3 micras (3\/1000ths de un mil\u00edmetro) se lleva a cabo para usted con esta etapa de filtro.<\/p>\n<h4><strong>4\u00aa etapa: Postfiltro de carbono activado<\/strong><\/h4>\n<p>Este filtro contiene un granulado de carbono activado vegetal, que se extrae de c\u00e1scaras de coco cuidadosamente seleccionadas y se procesa suavemente. El refiltro de carbono activado filtra el agua almacenada en el tanque de almacenamiento y garantiza un sabor agradable y vigorizante.<\/p>\n<p><strong>5\u00aa etapa ser\u00eda la membrana <\/strong>&#8211; no est\u00e1 incluido en el conjunto. Las membranas se pueden encontrar <span style=\"color: #0000ff;\"> <strong> <a style=\"color: #0000ff;\" href=\"https:\/\/shop.nlq24.eu\/produkt\/membranen-fuer-umkehrosmoseanlagen-div-leistungsstufen\/\">aqu\u00ed<\/a><\/p>\n<p>  <\/strong><\/p>\n<p><\/span><\/p>\n<p>Puede leer m\u00e1s sobre la importancia de la filtraci\u00f3n de agua potable <span style=\"color: #0000ff;\"><strong><a style=\"color: #0000ff;\" href=\"https:\/\/www.natao.org\/wasserreinigung.htm\">aqu\u00ed.<\/a><\/p>\n<p>  <\/strong><\/p>\n<p><\/span><\/p>\n","protected":false},"excerpt":{"rendered":"<p>Conjunto de filtros para accesorios de \u00f3smosis inversa de 9 pulgadas m\u00e1s antiguos 4 filtros.<\/p>\n","protected":false},"featured_media":0,"comment_status":"open","ping_status":"closed","template":"","meta":[],"product_brand":[],"product_cat":[1866,2353,2354],"product_tag":[3130,3178,2654,3123,3129],"class_list":{"0":"post-76414","1":"product","2":"type-product","3":"status-publish","5":"product_cat-todos-los-productos-resumen","6":"product_cat-umkehrosmose-ersatz-filter-es","7":"product_cat-umkehrosmose-zubehoer-es","8":"product_tag-filterset-9-zoll-es","9":"product_tag-umkehrosmose-filterset-9-zoll-es","10":"product_tag-osmosis-inversa","11":"product_tag-ersatzfilter-es","12":"product_tag-filterset-es","13":"product_shipping_class-1-paquete-de-envio-con-seguimiento","15":"first","16":"outofstock","17":"taxable","18":"shipping-taxable","19":"purchasable","20":"product-type-simple"},"_links":{"self":[{"href":"https:\/\/shop.nlq24.eu\/es\/wp-json\/wp\/v2\/product\/76414","targetHints":{"allow":["GET"]}}],"collection":[{"href":"https:\/\/shop.nlq24.eu\/es\/wp-json\/wp\/v2\/product"}],"about":[{"href":"https:\/\/shop.nlq24.eu\/es\/wp-json\/wp\/v2\/types\/product"}],"replies":[{"embeddable":true,"href":"https:\/\/shop.nlq24.eu\/es\/wp-json\/wp\/v2\/comments?post=76414"}],"wp:attachment":[{"href":"https:\/\/shop.nlq24.eu\/es\/wp-json\/wp\/v2\/media?parent=76414"}],"wp:term":[{"taxonomy":"product_brand","embeddable":true,"href":"https:\/\/shop.nlq24.eu\/es\/wp-json\/wp\/v2\/product_brand?post=76414"},{"taxonomy":"product_cat","embeddable":true,"href":"https:\/\/shop.nlq24.eu\/es\/wp-json\/wp\/v2\/product_cat?post=76414"},{"taxonomy":"product_tag","embeddable":true,"href":"https:\/\/shop.nlq24.eu\/es\/wp-json\/wp\/v2\/product_tag?post=76414"}],"curies":[{"name":"wp","href":"https:\/\/api.w.org\/{rel}","templated":true}]}}