{"id":76415,"date":"2018-11-08T21:47:10","date_gmt":"2018-11-08T21:47:10","guid":{"rendered":"https:\/\/shop.nlq24.eu\/produkt\/soda-carbonato-de-sodio-polvo-puro\/"},"modified":"2026-04-08T09:51:14","modified_gmt":"2026-04-08T09:51:14","slug":"gaseosa-sodio-carbonato-polvo-puro-polvo-varias-variantes","status":"publish","type":"product","link":"https:\/\/shop.nlq24.eu\/es\/ producto\/gaseosa-sodio-carbonato-polvo-puro-polvo-varias-variantes\/","title":{"rendered":"Soda (carbonato de sodio) polvo puro"},"content":{"rendered":"<p><strong>Soda &#8211; Polvo de carbonato de sodio (soda de lavado) Na2CO3<\/strong><\/p>\n<p>* polvo puro, E500<br \/>\n* en bolsa de PE o lata de PE<br \/>\nPara la limpieza, como ablandador de agua, agente secante, absorbente de olores.<br \/>\nLa sosa <strong>no<\/strong> debe mezclarse con el bicarbonato s\u00f3dico (bicarbonato de sodio). <span style=\"text-decoration: underline; color: #0000ff;\"><strong><a style=\"color: #0000ff; text-decoration: underline;\" href=\"https:\/\/shop.nlq24.eu\/es\/ producto\/soda-sodio-bicarbonato-finest-powder-various-variants-for-selection\/\">(bicarbonato s<\/a>\u00f3dico)<\/strong><\/span> no debe confundirse con el bicarbonato s\u00f3dico.<\/p>\n<p><strong>La sosa es 4 veces m\u00e1s fuerte que el bicarbonato s\u00f3dico!<\/strong><br \/>\nEs<br \/>\n* Eleva el valor del pH a alcalino (por ejemplo, en el agua de estanque)<br \/>\n* Para un agua clara en la piscina: 250 g por cada 10 metros c\u00fabicos de agua mantiene el valor del pH en el rango \u00f3ptimo (se acabaron las quemaduras en los ojos).<br \/>\n* Sin aluminio ni otros productos qu\u00edmicos<br \/>\n* Para cocinar alimentos con suavidad: 20 g por 1 litro de agua de cocci\u00f3n<br \/>\n* A\u00f1ade 5 g al fregadero en lugar de detergente l\u00edquido.<br \/>\n* A\u00f1ade 1 cucharadita a los desag\u00fces o al frigor\u00edfico para eliminar olores<\/p>\n<p>Las gaseosas se forman durante la evaporaci\u00f3n del agua, principalmente en los bordes de los lagos de sal.<\/p>\n<p><strong>Notas:<\/strong> El polvo irrita los ojos despu\u00e9s del tacto. Cuando est\u00e9 en contacto con los ojos, enjuague inmediatamente con agua clara. Conservar protegido del calor y la humedad.<\/p>\n<p><strong>Variantes:<\/strong><br \/>\nLata de PE de 100 g<br \/>\nBolsa de PE de 200 g<br \/>\nBolsa de PE de 500 g<br \/>\nLata de PE de 1000 g<br \/>\nBolsa de 1000 g<\/p>\n","protected":false},"excerpt":{"rendered":"<p>Soda (carbonato de sodio) en polvo, polvo puro y fino en variantes<\/p>\n","protected":false},"featured_media":11160,"comment_status":"open","ping_status":"closed","template":"","meta":[],"product_brand":[],"product_cat":[1866,1896,2343],"product_tag":[3145,3146],"class_list":{"0":"post-76415","1":"product","2":"type-product","3":"status-publish","4":"has-post-thumbnail","6":"product_cat-todos-los-productos-resumen","7":"product_cat-minerales","8":"product_cat-soda-es","9":"product_tag-na2co3-es","10":"product_tag-natriumcarbonat-es","11":"product_shipping_class-1-paquete-de-envio-con-seguimiento","12":"pa_dose-oder-beutel-in-dose-es","13":"pa_dose-oder-beutel-pe-beutel-es","14":"pa_gramm-200-es","15":"pa_gramm-100-es","16":"pa_gramm-400-es","17":"pa_gramm-500-es","18":"pa_gramm-1000-es","19":"pa_gramm-1200-g-es","21":"first","22":"instock","23":"taxable","24":"shipping-taxable","25":"purchasable","26":"product-type-variable"},"_links":{"self":[{"href":"https:\/\/shop.nlq24.eu\/es\/wp-json\/wp\/v2\/product\/76415","targetHints":{"allow":["GET"]}}],"collection":[{"href":"https:\/\/shop.nlq24.eu\/es\/wp-json\/wp\/v2\/product"}],"about":[{"href":"https:\/\/shop.nlq24.eu\/es\/wp-json\/wp\/v2\/types\/product"}],"replies":[{"embeddable":true,"href":"https:\/\/shop.nlq24.eu\/es\/wp-json\/wp\/v2\/comments?post=76415"}],"wp:featuredmedia":[{"embeddable":true,"href":"https:\/\/shop.nlq24.eu\/es\/wp-json\/wp\/v2\/media\/11160"}],"wp:attachment":[{"href":"https:\/\/shop.nlq24.eu\/es\/wp-json\/wp\/v2\/media?parent=76415"}],"wp:term":[{"taxonomy":"product_brand","embeddable":true,"href":"https:\/\/shop.nlq24.eu\/es\/wp-json\/wp\/v2\/product_brand?post=76415"},{"taxonomy":"product_cat","embeddable":true,"href":"https:\/\/shop.nlq24.eu\/es\/wp-json\/wp\/v2\/product_cat?post=76415"},{"taxonomy":"product_tag","embeddable":true,"href":"https:\/\/shop.nlq24.eu\/es\/wp-json\/wp\/v2\/product_tag?post=76415"}],"curies":[{"name":"wp","href":"https:\/\/api.w.org\/{rel}","templated":true}]}}