{"id":76422,"date":"2018-11-06T08:18:48","date_gmt":"2018-11-06T08:18:48","guid":{"rendered":"https:\/\/shop.nlq24.eu\/produkt\/cartucho-de-reemplazo-del-filtro-de-ducha-fhsh-5-c-fhsh-6-c\/"},"modified":"2025-06-19T07:30:34","modified_gmt":"2025-06-19T07:30:34","slug":"cartucho-de-reemplazo-del-filtro-de-ducha","status":"publish","type":"product","link":"https:\/\/shop.nlq24.eu\/es\/ producto\/cartucho-de-reemplazo-del-filtro-de-ducha\/","title":{"rendered":"Cartucho de reemplazo del filtro de ducha FHSH-5-C + FHSH-6-C"},"content":{"rendered":"<h3><strong>Filtro de ducha Cartucho de reemplazo para filtro de ducha por Aquafilter<\/strong><\/h3>\n<p>Este cartucho de reemplazo del filtro de ducha se adapta al filtro de agua de la ducha FHSH-5-C y tambi\u00e9n al tipo FHSH-6-C. Tambi\u00e9n se les conoce como filtros de ducha \u00abSummer-Rain\u00bb y \u00abSoft-Rain\u00bb, \u00abGentle Rain\u00bb o \u00abMaxfresh\u00bb. Este cartucho de reemplazo del filtro de ducha cabe en la ducha de mano de Aquafilter.<\/p>\n<p>Este cartucho contiene carb\u00f3n activado y una capa de filtro <strong>KDF. <\/strong><\/p>\n<h3><strong>\u00bfQu\u00e9 hace este filtro de ducha?<\/strong><\/h3>\n<p><span class=\"normal\">Cuando el agua del grifo fluye a trav\u00e9s del cartucho del filtro de ducha, se pasa a trav\u00e9s de la combinaci\u00f3n \u00fanica del KDF-55 y el cartucho de filtro de bola cer\u00e1mica. El agua se libera de productos qu\u00edmicos tales como: cloro, bacterias, metales pesados (como mercurio y plomo) y otros contaminantes. A continuaci\u00f3n, recibir\u00e1 su agua de ducha cristalina.<\/span><\/p>\n<h3><span class=\"normal\"><strong>\u00bfQu\u00e9 es KDF? <\/strong><\/span><\/h3>\n<p><span class=\"normal\">Por lo tanto, las mezclas a base de cobre y zinc altamente puras y granuladas son, por lo tanto, un agente redox que funciona con oxidaci\u00f3n y reducci\u00f3n de iones. El proceso redox funciona intercambiando electrones. Este intercambio convierte muchos contaminantes da\u00f1inos en aditivos inofensivos (como .B. cloro al cloruro). Otros contaminantes, como los metales pesados, se unen en el agente de KDF. Por lo tanto, reduce o elimina estas sustancias. Las bolas de cer\u00e1mica reducen el contenido de cloro y mejoran el efecto del KDF-55. Esto reduce la cantidad de productos qu\u00edmicos, bacterias y otros contaminantes que pueden estar en el agua del grifo.  <\/span>As\u00ed que tiene un efecto bacteriost\u00e1tico. Esto significa que evita la propagaci\u00f3n de bacterias en la capa de filtro. Elimina las part\u00edculas de cloro libres del agua, que tienen un efecto perjudicial en el cuerpo humano.<\/p>\n<h3><strong>\u00bfCu\u00e1les son los efectos de las sustancias que se vuelven inofensivas?<\/strong><\/h3>\n<p>Esto se expresa a menudo en la irritaci\u00f3n de los ojos, el sistema respiratorio, las membranas mucosas y la nariz. Tambi\u00e9n reduce metales pesados como ars\u00e9nico, cadmio, plomo, mercurio. El cartucho restaura, por as\u00ed decirlo, las propiedades c\u00f3smicas del agua. Por lo tanto, ahorra la piel.<\/p>\n<h3><strong>Caracter\u00edsticas especiales del<\/strong> cartucho de reemplazo del filtro de <strong>ducha<\/strong><\/h3>\n<p>&#8211; Elimina las part\u00edculas de cloro libres<br \/>\n&#8211; Reduce los metales pesados<br \/>\n&#8211; suave a la piel, preservando as\u00ed su humedad natural<br \/>\n&#8211; Protege los ojos y la mucosa nasal de la irritaci\u00f3n<br \/>\n&#8211; Hace que el cabello sea suave y f\u00e1cil de peinar<br \/>\n&#8211; Neutraliza los malos olores en el agua<br \/>\n&#8211; Se adapta a la mayor\u00eda de las mangueras de entrada para cabezales de ducha disponibles en el mercado<\/p>\n<p>Se puede utilizar a temperaturas del agua de 2 a 45 \u00b0C.<\/p>\n<p><a href=\"https:\/\/shop.nlq24.eu\/wp-content\/uploads\/2018\/11\/Einbauanleitung-Duschfilter.pdf\">Instrucciones de instalaci\u00f3n-cartucho de reemplazo de ducha<\/a><\/p>\n<p>La descripci\u00f3n de este cartucho de reemplazo de filtro tambi\u00e9n se puede encontrar <a href=\"http:\/\/aquafilter.com\/en\/product\/5\/38\/fcsh-56-k\">aqu\u00ed.<\/a><\/p>\n<h3><strong>La vida \u00fatil del cartucho<\/strong><\/h3>\n<p>La vida \u00fatil del cartucho es de aproximadamente 3 meses o 2500 litros. Esto depende, por supuesto, de la calidad del agua y el grado de contaminaci\u00f3n de su agua.<\/p>\n","protected":false},"excerpt":{"rendered":"<p>Cartucho de reemplazo del filtro de ducha<\/p>\n","protected":false},"featured_media":9985,"comment_status":"open","ping_status":"closed","template":"","meta":[],"product_brand":[],"product_cat":[2881,1866,1910,2350,2352,2353,2354],"product_tag":[2889,2894,2901,3127,3128,3152,3183,2660],"class_list":{"0":"post-76422","1":"product","2":"type-product","3":"status-publish","4":"has-post-thumbnail","6":"product_cat-weihnachtstipps-es","7":"product_cat-todos-los-productos-resumen","8":"product_cat-filtro-de-agua-osmosis-inversa","9":"product_cat-duschfilter-zubehoer-es","10":"product_cat-umkehrosmose-anlagen-wasserfilter-es","11":"product_cat-umkehrosmose-ersatz-filter-es","12":"product_cat-umkehrosmose-zubehoer-es","13":"product_tag-duschersatzfilter-es","14":"product_tag-duschkopf-es","15":"product_tag-kdf-es","16":"product_tag-filter-es","17":"product_tag-filterkartusche-es","18":"product_tag-soft-es","19":"product_tag-wasserreingung-es","20":"product_tag-filtro-de-ducha","21":"product_shipping_class-1-paquete-de-envio-con-seguimiento","23":"first","24":"instock","25":"sale","26":"taxable","27":"shipping-taxable","28":"purchasable","29":"product-type-simple"},"_links":{"self":[{"href":"https:\/\/shop.nlq24.eu\/es\/wp-json\/wp\/v2\/product\/76422","targetHints":{"allow":["GET"]}}],"collection":[{"href":"https:\/\/shop.nlq24.eu\/es\/wp-json\/wp\/v2\/product"}],"about":[{"href":"https:\/\/shop.nlq24.eu\/es\/wp-json\/wp\/v2\/types\/product"}],"replies":[{"embeddable":true,"href":"https:\/\/shop.nlq24.eu\/es\/wp-json\/wp\/v2\/comments?post=76422"}],"wp:featuredmedia":[{"embeddable":true,"href":"https:\/\/shop.nlq24.eu\/es\/wp-json\/wp\/v2\/media\/9985"}],"wp:attachment":[{"href":"https:\/\/shop.nlq24.eu\/es\/wp-json\/wp\/v2\/media?parent=76422"}],"wp:term":[{"taxonomy":"product_brand","embeddable":true,"href":"https:\/\/shop.nlq24.eu\/es\/wp-json\/wp\/v2\/product_brand?post=76422"},{"taxonomy":"product_cat","embeddable":true,"href":"https:\/\/shop.nlq24.eu\/es\/wp-json\/wp\/v2\/product_cat?post=76422"},{"taxonomy":"product_tag","embeddable":true,"href":"https:\/\/shop.nlq24.eu\/es\/wp-json\/wp\/v2\/product_tag?post=76422"}],"curies":[{"name":"wp","href":"https:\/\/api.w.org\/{rel}","templated":true}]}}