{"id":76423,"date":"2018-11-01T07:59:00","date_gmt":"2018-11-01T07:59:00","guid":{"rendered":"https:\/\/shop.nlq24.eu\/produkt\/jeringa-unica-20-ml\/"},"modified":"2021-12-01T10:04:28","modified_gmt":"2021-12-01T10:04:28","slug":"jeringa-unica-20-ml-chirana","status":"publish","type":"product","link":"https:\/\/shop.nlq24.eu\/es\/ producto\/jeringa-unica-20-ml-chirana\/","title":{"rendered":"Jeringa \u00fanica, 20 ml"},"content":{"rendered":"<p>Jeringa desechable 20 ml<br \/>\nEste sprin tiene un volumen de 20 ml. Son<strong>dos partes. <\/strong> Puede utilizarlos de forma \u00f3ptima para dosificar y medir. La b\u00e1scula resistente a las manchas ofrece una larga vida \u00fatil. Tambi\u00e9n es muy f\u00e1cil de leer. Esto permite una medici\u00f3n precisa del contenido. Con una graduaci\u00f3n en incremento de 1 ml, es posible una medici\u00f3n precisa. La jeringa tiene un enfoque LUER. La fecha de esterilidad en el embalaje es 12\/2020. Sin embargo, esto es irrelevante para una simple medici\u00f3n de los productos qu\u00edmicos.<\/p>\n<p>Aqu\u00ed se puede encontrar la <a href=\"https:\/\/shop.nlq24.eu\/es\/ producto\/jeringa-unica-10-ml-chirana\/\">jeringa desechable 10 ml de volumen<\/a><\/p>\n<p>Para la dosificaci\u00f3n y medici\u00f3n tambi\u00e9n encontrar\u00e1 una <strong><br \/>\n  <a href=\"https:\/\/shop.nlq24.eu\/es\/ producto\/kanuele-to-measure-and-dose-120-mm-long\/\">c\u00e1nula larga de 120 mm<\/a><br \/>\n<\/strong>aqu\u00ed. Con esto tambi\u00e9n puede eliminar y medir f\u00e1cilmente los l\u00edquidos de las botellas con cuentagotas de hasta 100 ml. La c\u00e1nula se ajusta a trav\u00e9s del inserto del gotero.<\/p>\n","protected":false},"excerpt":{"rendered":"<p>Jeringa \u00fanica 20 ml, chirana<\/p>\n","protected":false},"featured_media":10987,"comment_status":"open","ping_status":"closed","template":"","meta":[],"product_brand":[],"product_cat":[1866,1876,2325],"product_tag":[3163,2740,3112,3113],"class_list":{"0":"post-76423","1":"product","2":"type-product","3":"status-publish","4":"has-post-thumbnail","6":"product_cat-todos-los-productos-resumen","7":"product_cat-dosificacion-medicion","8":"product_cat-jeringas-desechables","9":"product_tag-spritze-20-ml-es","10":"product_tag-jeringa","11":"product_tag-einmalspritze-20-ml-es","12":"product_tag-einmalspritze-es","13":"product_shipping_class-1-paquete-de-envio-con-seguimiento","15":"first","16":"instock","17":"taxable","18":"shipping-taxable","19":"purchasable","20":"product-type-simple"},"_links":{"self":[{"href":"https:\/\/shop.nlq24.eu\/es\/wp-json\/wp\/v2\/product\/76423","targetHints":{"allow":["GET"]}}],"collection":[{"href":"https:\/\/shop.nlq24.eu\/es\/wp-json\/wp\/v2\/product"}],"about":[{"href":"https:\/\/shop.nlq24.eu\/es\/wp-json\/wp\/v2\/types\/product"}],"replies":[{"embeddable":true,"href":"https:\/\/shop.nlq24.eu\/es\/wp-json\/wp\/v2\/comments?post=76423"}],"wp:featuredmedia":[{"embeddable":true,"href":"https:\/\/shop.nlq24.eu\/es\/wp-json\/wp\/v2\/media\/10987"}],"wp:attachment":[{"href":"https:\/\/shop.nlq24.eu\/es\/wp-json\/wp\/v2\/media?parent=76423"}],"wp:term":[{"taxonomy":"product_brand","embeddable":true,"href":"https:\/\/shop.nlq24.eu\/es\/wp-json\/wp\/v2\/product_brand?post=76423"},{"taxonomy":"product_cat","embeddable":true,"href":"https:\/\/shop.nlq24.eu\/es\/wp-json\/wp\/v2\/product_cat?post=76423"},{"taxonomy":"product_tag","embeddable":true,"href":"https:\/\/shop.nlq24.eu\/es\/wp-json\/wp\/v2\/product_tag?post=76423"}],"curies":[{"name":"wp","href":"https:\/\/api.w.org\/{rel}","templated":true}]}}