{"id":76424,"date":"2018-11-01T08:09:49","date_gmt":"2018-11-01T08:09:49","guid":{"rendered":"https:\/\/shop.nlq24.eu\/produkt\/canula-para-medir-y-dosificar-120-mm\/"},"modified":"2025-06-19T07:30:12","modified_gmt":"2025-06-19T07:30:12","slug":"kanuele-to-measure-and-dose-120-mm-long","status":"publish","type":"product","link":"https:\/\/shop.nlq24.eu\/es\/ producto\/kanuele-to-measure-and-dose-120-mm-long\/","title":{"rendered":"C\u00e1nula para medir y dosificar, 120 mm"},"content":{"rendered":"<div><strong>C\u00e1nula para medir y dosificar, e.B. de ingredientes de desinfecci\u00f3n de agua<\/strong><\/div>\n<div>Esta c\u00e1nula puede utilizarse como ayuda para la dosificaci\u00f3n de l\u00edquidos y para la medici\u00f3n. Cabe en las jeringas desechables que se ofrecen en la tienda. No est\u00e1 destinado a un uso m\u00e9dico. La longitud de la c\u00e1nula es de 120 mm. El di\u00e1metro exterior es de 0,8 mm. El fabricante es la compa\u00f1\u00eda Braun.<\/div>\n<div>Con esta c\u00e1nula (y una <a href=\"https:\/\/shop.nlq24.eu\/es\/Produkt\/jeringa-unica-20-ml-chirana\/\">jeringa<\/a>) se pueden extraer sustancias de los frascos de vidrio y PE hasta 100 ml. La c\u00e1nula incluso cabe a trav\u00e9s de la tapa del gotero de las botellas de vidrio DIN18. Le permite medir los l\u00edquidos con precisi\u00f3n sin tener que quitar el gotero. Si quiere usarlo para retirar los l\u00edquidos que reaccionan entre s\u00ed, debe limpiarlos a fondo antes de retirar el l\u00edquido reactivo. Tambi\u00e9n podr\u00eda llenar de antemano el l\u00edquido aproximadamente necesario en una <a href=\"https:\/\/shop.nlq24.eu\/es\/Produkt\/mess-cup-30-ml-de-mejor-en-el-hdpe\/\">taza medidora<\/a>. Finalmente, puedes tomar el l\u00edquido de ah\u00ed. Por lo tanto, se excluye una reacci\u00f3n en el recipiente original.<\/div>\n<div><\/div>\n","protected":false},"excerpt":{"rendered":"<p>C\u00e1nula para medir y dosificar, 120 mm<\/p>\n","protected":false},"featured_media":11043,"comment_status":"open","ping_status":"closed","template":"","meta":[],"product_brand":[],"product_cat":[1866,1876,2325],"product_tag":[2377,2869,3165,3193],"class_list":{"0":"post-76424","1":"product","2":"type-product","3":"status-publish","4":"has-post-thumbnail","6":"product_cat-todos-los-productos-resumen","7":"product_cat-dosificacion-medicion","8":"product_cat-jeringas-desechables","9":"product_tag-abmessen-es","10":"product_tag-jeringas-canula","11":"product_tag-spritzenaufsatz-es","12":"product_tag-lange-kanuele-es","13":"product_shipping_class-1-paquete-de-envio-con-seguimiento","15":"first","16":"instock","17":"taxable","18":"shipping-taxable","19":"purchasable","20":"product-type-simple"},"_links":{"self":[{"href":"https:\/\/shop.nlq24.eu\/es\/wp-json\/wp\/v2\/product\/76424","targetHints":{"allow":["GET"]}}],"collection":[{"href":"https:\/\/shop.nlq24.eu\/es\/wp-json\/wp\/v2\/product"}],"about":[{"href":"https:\/\/shop.nlq24.eu\/es\/wp-json\/wp\/v2\/types\/product"}],"replies":[{"embeddable":true,"href":"https:\/\/shop.nlq24.eu\/es\/wp-json\/wp\/v2\/comments?post=76424"}],"wp:featuredmedia":[{"embeddable":true,"href":"https:\/\/shop.nlq24.eu\/es\/wp-json\/wp\/v2\/media\/11043"}],"wp:attachment":[{"href":"https:\/\/shop.nlq24.eu\/es\/wp-json\/wp\/v2\/media?parent=76424"}],"wp:term":[{"taxonomy":"product_brand","embeddable":true,"href":"https:\/\/shop.nlq24.eu\/es\/wp-json\/wp\/v2\/product_brand?post=76424"},{"taxonomy":"product_cat","embeddable":true,"href":"https:\/\/shop.nlq24.eu\/es\/wp-json\/wp\/v2\/product_cat?post=76424"},{"taxonomy":"product_tag","embeddable":true,"href":"https:\/\/shop.nlq24.eu\/es\/wp-json\/wp\/v2\/product_tag?post=76424"}],"curies":[{"name":"wp","href":"https:\/\/api.w.org\/{rel}","templated":true}]}}