{"id":76427,"date":"2018-11-01T07:24:15","date_gmt":"2018-11-01T07:24:15","guid":{"rendered":"https:\/\/shop.nlq24.eu\/produkt\/jeringa-unica-5-ml-6-ml\/"},"modified":"2021-05-16T18:33:41","modified_gmt":"2021-05-16T18:33:41","slug":"jeringa-simple-5-ml","status":"publish","type":"product","link":"https:\/\/shop.nlq24.eu\/es\/ producto\/jeringa-simple-5-ml\/","title":{"rendered":"Jeringa \u00fanica 5 ml (6 ml)"},"content":{"rendered":"<p>Jeringa \u00fanica 5 ml (6 ml)<\/p>\n<p>Esta sprin tiene un volumen de 5 ml. Sin embargo, la escala sube a 6 ml. Es una<strong>jeringa <\/strong> de dos piezas. Es ideal para dosificaci\u00f3n y medici\u00f3n. S\u00f3lo se vende la jeringa sin c\u00e1nula. La escala resistente a las manchas, muy f\u00e1cil de leer, permite una lectura clara de la cantidad elevada. Con una graduaci\u00f3n en incrementos de 0,2 ml, es posible una medici\u00f3n precisa. La jeringa tiene un enfoque LUER. La fecha de esterilidad en el embalaje es 09\/2020. Sin embargo, este es un caso irrelevante para una simple medici\u00f3n de los productos qu\u00edmicos.<\/p>\n<p>Aqu\u00ed se puede encontrar la <a href=\"https:\/\/shop.nlq24.eu\/es\/ producto\/jeringa-unica-20-ml-chirana\/\">jeringa de un solo uso 20 ml de volumen<\/a><br \/>\nAqu\u00ed la <a href=\"https:\/\/shop.nlq24.eu\/es\/ producto\/jeringa-unica-10-ml-chirana\/\">jeringa desechable 10 ml de volumen<\/a><\/p>\n","protected":false},"excerpt":{"rendered":"<p>Jeringa \u00fanica, 5 ml (6 ml) sin c\u00e1nula<\/p>\n","protected":false},"featured_media":11041,"comment_status":"open","ping_status":"closed","template":"","meta":[],"product_brand":[],"product_cat":[1866,1876,2325],"product_tag":[3117,2740,3113,3115],"class_list":{"0":"post-76427","1":"product","2":"type-product","3":"status-publish","4":"has-post-thumbnail","6":"product_cat-todos-los-productos-resumen","7":"product_cat-dosificacion-medicion","8":"product_cat-jeringas-desechables","9":"product_tag-einmalspritze-5ml-es","10":"product_tag-jeringa","11":"product_tag-einmalspritze-es","12":"product_tag-einmalspritze-5-ml-6-ml-es","13":"product_shipping_class-1-paquete-de-envio-con-seguimiento","15":"first","16":"instock","17":"taxable","18":"shipping-taxable","19":"purchasable","20":"product-type-simple"},"_links":{"self":[{"href":"https:\/\/shop.nlq24.eu\/es\/wp-json\/wp\/v2\/product\/76427","targetHints":{"allow":["GET"]}}],"collection":[{"href":"https:\/\/shop.nlq24.eu\/es\/wp-json\/wp\/v2\/product"}],"about":[{"href":"https:\/\/shop.nlq24.eu\/es\/wp-json\/wp\/v2\/types\/product"}],"replies":[{"embeddable":true,"href":"https:\/\/shop.nlq24.eu\/es\/wp-json\/wp\/v2\/comments?post=76427"}],"wp:featuredmedia":[{"embeddable":true,"href":"https:\/\/shop.nlq24.eu\/es\/wp-json\/wp\/v2\/media\/11041"}],"wp:attachment":[{"href":"https:\/\/shop.nlq24.eu\/es\/wp-json\/wp\/v2\/media?parent=76427"}],"wp:term":[{"taxonomy":"product_brand","embeddable":true,"href":"https:\/\/shop.nlq24.eu\/es\/wp-json\/wp\/v2\/product_brand?post=76427"},{"taxonomy":"product_cat","embeddable":true,"href":"https:\/\/shop.nlq24.eu\/es\/wp-json\/wp\/v2\/product_cat?post=76427"},{"taxonomy":"product_tag","embeddable":true,"href":"https:\/\/shop.nlq24.eu\/es\/wp-json\/wp\/v2\/product_tag?post=76427"}],"curies":[{"name":"wp","href":"https:\/\/api.w.org\/{rel}","templated":true}]}}