{"id":76428,"date":"2018-11-01T07:38:00","date_gmt":"2018-11-01T07:38:00","guid":{"rendered":"https:\/\/shop.nlq24.eu\/produkt\/jeringa-desechable-de-10-ml\/"},"modified":"2021-05-16T18:33:59","modified_gmt":"2021-05-16T18:33:59","slug":"jeringa-unica-10-ml-chirana","status":"publish","type":"product","link":"https:\/\/shop.nlq24.eu\/es\/ producto\/jeringa-unica-10-ml-chirana\/","title":{"rendered":"Jeringa desechable de 10 ml"},"content":{"rendered":"<p>Jeringa desechable de 10 ml<\/p>\n<p>Esta prisina desechable tiene un volumen de 10 ml. Consta de dos<strong>partes. <\/strong> Puede utilizarlos de forma \u00f3ptima para dosificar y medir. La b\u00e1scula resistente a las manchas ofrece una larga vida \u00fatil. Tambi\u00e9n es muy f\u00e1cil de leer. Esto permite una medici\u00f3n precisa del contenido. Con una graduaci\u00f3n en incrementos de 0,5 ml, es posible una medici\u00f3n precisa. La jeringa tiene un enfoque LUER. La fecha de esterilidad en el embalaje es 09\/2020. Sin embargo, esto es irrelevante para una simple medici\u00f3n de los productos qu\u00edmicos.<\/p>\n<p>Aqu\u00ed se puede encontrar la <a href=\"https:\/\/shop.nlq24.eu\/es\/ producto\/jeringa-unica-20-ml-chirana\/\">jeringa de un solo uso 20 ml de volumen<\/a><\/p>\n","protected":false},"excerpt":{"rendered":"<p>Jeringa \u00fanica, 10 ml, Chirana<\/p>\n","protected":false},"featured_media":10989,"comment_status":"open","ping_status":"closed","template":"","meta":[],"product_brand":[],"product_cat":[1866,1876,2325],"product_tag":[3118,3162,2740,3111,3113],"class_list":{"0":"post-76428","1":"product","2":"type-product","3":"status-publish","4":"has-post-thumbnail","6":"product_cat-todos-los-productos-resumen","7":"product_cat-dosificacion-medicion","8":"product_cat-jeringas-desechables","9":"product_tag-einwegspritze-10-ml-es","10":"product_tag-spritze-10-ml-es","11":"product_tag-jeringa","12":"product_tag-einmalspritze-10-ml-es","13":"product_tag-einmalspritze-es","14":"product_shipping_class-1-paquete-de-envio-con-seguimiento","16":"first","17":"instock","18":"taxable","19":"shipping-taxable","20":"purchasable","21":"product-type-simple"},"_links":{"self":[{"href":"https:\/\/shop.nlq24.eu\/es\/wp-json\/wp\/v2\/product\/76428","targetHints":{"allow":["GET"]}}],"collection":[{"href":"https:\/\/shop.nlq24.eu\/es\/wp-json\/wp\/v2\/product"}],"about":[{"href":"https:\/\/shop.nlq24.eu\/es\/wp-json\/wp\/v2\/types\/product"}],"replies":[{"embeddable":true,"href":"https:\/\/shop.nlq24.eu\/es\/wp-json\/wp\/v2\/comments?post=76428"}],"wp:featuredmedia":[{"embeddable":true,"href":"https:\/\/shop.nlq24.eu\/es\/wp-json\/wp\/v2\/media\/10989"}],"wp:attachment":[{"href":"https:\/\/shop.nlq24.eu\/es\/wp-json\/wp\/v2\/media?parent=76428"}],"wp:term":[{"taxonomy":"product_brand","embeddable":true,"href":"https:\/\/shop.nlq24.eu\/es\/wp-json\/wp\/v2\/product_brand?post=76428"},{"taxonomy":"product_cat","embeddable":true,"href":"https:\/\/shop.nlq24.eu\/es\/wp-json\/wp\/v2\/product_cat?post=76428"},{"taxonomy":"product_tag","embeddable":true,"href":"https:\/\/shop.nlq24.eu\/es\/wp-json\/wp\/v2\/product_tag?post=76428"}],"curies":[{"name":"wp","href":"https:\/\/api.w.org\/{rel}","templated":true}]}}