{"id":76429,"date":"2018-12-23T08:54:25","date_gmt":"2018-12-23T08:54:25","guid":{"rendered":"https:\/\/shop.nlq24.eu\/produkt\/jeringa-desechable-2-ml\/"},"modified":"2026-04-08T09:51:53","modified_gmt":"2026-04-08T09:51:53","slug":"una-sola-inyeccion-spritze-2-ml-terumo-sin-kanuele","status":"publish","type":"product","link":"https:\/\/shop.nlq24.eu\/es\/ producto\/una-sola-inyeccion-spritze-2-ml-terumo-sin-kanuele\/","title":{"rendered":"Jeringa desechable 2 ml"},"content":{"rendered":"<p class=\"Normal\"><strong>Jeringa desechable 2 ml<\/strong><br \/>\nEsta jeringa desechable tiene una capacidad de 2 ml. Consta de dos partes. Con esta jeringa puede dosificar l\u00edquidos con precisi\u00f3n y<strong><br \/>\n  <span class=\"tm5\">\u00f3ptima. <\/span><br \/>\n<\/strong> La peque\u00f1a y precisa escala le ayudar\u00e1. Tambi\u00e9n es resistente a las manchas y por lo tanto ofrece una muy buena legibilidad de la medici\u00f3n de cantidad. El enfoque es 6% Luer. Seg\u00fan la fecha de envasado, esta jeringa ya no es est\u00e9ril. Sin embargo, esto tampoco es necesario al medir los componentes de desinfecci\u00f3n de agua.<\/p>\n<p class=\"Normal\">\n","protected":false},"excerpt":{"rendered":"<p>Jeringa de un solo uso \/jeringa 2 ml sin c\u00e1nula<\/p>\n","protected":false},"featured_media":10945,"comment_status":"open","ping_status":"closed","template":"","meta":[],"product_brand":[],"product_cat":[1866,1876,2325],"product_tag":[2896,3113,3161,2363,2469,2642,2740],"class_list":{"0":"post-76429","1":"product","2":"type-product","3":"status-publish","4":"has-post-thumbnail","6":"product_cat-todos-los-productos-resumen","7":"product_cat-dosificacion-medicion","8":"product_cat-jeringas-desechables","9":"product_tag-einmalspritze-2-ml-es","10":"product_tag-einmalspritze-es","11":"product_tag-spritze-2-ml-es","12":"product_tag-2-ml-spritze-es","13":"product_tag-dosieren-es","14":"product_tag-jeringa-dosificadora","15":"product_tag-jeringa","16":"product_shipping_class-1-paquete-de-envio-con-seguimiento","18":"first","19":"instock","20":"taxable","21":"shipping-taxable","22":"purchasable","23":"product-type-simple"},"_links":{"self":[{"href":"https:\/\/shop.nlq24.eu\/es\/wp-json\/wp\/v2\/product\/76429","targetHints":{"allow":["GET"]}}],"collection":[{"href":"https:\/\/shop.nlq24.eu\/es\/wp-json\/wp\/v2\/product"}],"about":[{"href":"https:\/\/shop.nlq24.eu\/es\/wp-json\/wp\/v2\/types\/product"}],"replies":[{"embeddable":true,"href":"https:\/\/shop.nlq24.eu\/es\/wp-json\/wp\/v2\/comments?post=76429"}],"wp:featuredmedia":[{"embeddable":true,"href":"https:\/\/shop.nlq24.eu\/es\/wp-json\/wp\/v2\/media\/10945"}],"wp:attachment":[{"href":"https:\/\/shop.nlq24.eu\/es\/wp-json\/wp\/v2\/media?parent=76429"}],"wp:term":[{"taxonomy":"product_brand","embeddable":true,"href":"https:\/\/shop.nlq24.eu\/es\/wp-json\/wp\/v2\/product_brand?post=76429"},{"taxonomy":"product_cat","embeddable":true,"href":"https:\/\/shop.nlq24.eu\/es\/wp-json\/wp\/v2\/product_cat?post=76429"},{"taxonomy":"product_tag","embeddable":true,"href":"https:\/\/shop.nlq24.eu\/es\/wp-json\/wp\/v2\/product_tag?post=76429"}],"curies":[{"name":"wp","href":"https:\/\/api.w.org\/{rel}","templated":true}]}}