{"id":76430,"date":"2018-12-23T08:47:38","date_gmt":"2018-12-23T08:47:38","guid":{"rendered":"https:\/\/shop.nlq24.eu\/produkt\/pipeta-para-botella-de-vidrio-din18-114-mm\/"},"modified":"2026-04-08T09:51:14","modified_gmt":"2026-04-08T09:51:14","slug":"pipeta-para-vidrio-botella-din18-114-cm-largo-para-vidrio-gota-botella-frente","status":"publish","type":"product","link":"https:\/\/shop.nlq24.eu\/es\/ producto\/pipeta-para-vidrio-botella-din18-114-cm-largo-para-vidrio-gota-botella-frente\/","title":{"rendered":"Pipeta para botella de vidrio DIN18, 114 mm"},"content":{"rendered":"<p><strong>Pipeta para botella de vidrio DIN18, larga 114 mm  <\/strong><\/p>\n<p><strong>\u00a1Esta pipeta s\u00f3lo se adapta a la botella de cuentagotas de vidrio \u00abSlim or Vario\u00bb!<\/strong><\/p>\n<p>Para usarlo, s\u00f3lo tiene que atornillar esta pipeta en su botella de vidrio DIN18 SLIM. Esta pipeta larga no es adecuada para botellas m\u00e1s peque\u00f1as. Tiene una longitud de 114 mm.<\/p>\n<p>El volumen posible por carrera es de aproximadamente 0,6 ml. El cierre est\u00e1 hecho de PE. El fuelle de goma y el tubo de vidrio. El color del fuelle y la cabeza de la pipeta es <strong>blanco o negro,<\/strong>dependiendo de la selecci\u00f3n.<\/p>\n<p>La <a href=\"https:\/\/shop.nlq24.eu\/es\/ producto\/glasflasche-din18-vario\/\">botella de vidrio DIN18 Slim \u00abVario\u00bb<\/a> es bastante recta en la parte inferior y por lo tanto tiene una superficie de etiquetado m\u00e1s grande, en contraste con el est\u00e1ndar redondo de botellas de vidrio DIN18. Tambi\u00e9n es ligeramente m\u00e1s alto y m\u00e1s estrecho. Por lo tanto, esta pipeta s\u00f3lo cabe en esta botella especial.<\/p>\n<p>Para otras botellas de vidrio DIN18 de entre 30 y 100 ml, utilice la <strong><span style=\"color: #0000ff;\"><a style=\"color: #0000ff;\" href=\"https:\/\/shop.nlq24.eu\/produkt\/pipette-fuer-glasflasche-din18-77-cm-standard-rot\/\">pipeta dosificador<\/a><\/p>\n<p>  <\/span><\/p>\n<p><\/strong>normal STANDARD , 77 mm. Para otros pisos de vidrio DIN18 con volumen de 100 ml, la pipeta se adapta a <strong><a href=\"https:\/\/shop.nlq24.eu\/es\/ producto\/pipeta-para-vidrio-botella-din18-106-mm\/\">106 mm.<\/a><\/p>\n<p><\/strong><\/p>\n<p>&nbsp;<\/p>\n","protected":false},"excerpt":{"rendered":"<p>Pipeta para botella de vidrio DIN18, larga 114 mm \u00a1Esta pipeta s\u00f3lo se adapta a la botella de cuentagotas de vidrio \u00abSlim or Vario\u00bb! Para usarlo, s\u00f3lo tiene que atornillar esta pipeta en su botella de vidrio DIN18 SLIM. Esta pipeta larga no es adecuada para botellas m\u00e1s peque\u00f1as. Tiene una longitud de 114 mm. [&#8230;]\n","protected":false},"featured_media":10472,"comment_status":"open","ping_status":"closed","template":"","meta":[],"product_brand":[],"product_cat":[1866,1876,1883,2323,2333,2359],"product_tag":[2433,2638,2745,2765,2898,3194,2432],"class_list":{"0":"post-76430","1":"product","2":"type-product","3":"status-publish","4":"has-post-thumbnail","6":"product_cat-todos-los-productos-resumen","7":"product_cat-dosificacion-medicion","8":"product_cat-botellas-de-vidrio","9":"product_cat-pipetas","10":"product_cat-cierres-din18-para-botellas-de-vidrio","11":"product_cat-zubehoer-fuer-flaschen","12":"product_tag-din18-es","13":"product_tag-vidrio","14":"product_tag-cuentagotas","15":"product_tag-delgado","16":"product_tag-glasflaschen-es","17":"product_tag-mm-es","18":"product_tag-din-es","19":"product_shipping_class-1-paquete-de-envio-con-seguimiento","21":"first","22":"instock","23":"taxable","24":"shipping-taxable","25":"purchasable","26":"product-type-variable"},"_links":{"self":[{"href":"https:\/\/shop.nlq24.eu\/es\/wp-json\/wp\/v2\/product\/76430","targetHints":{"allow":["GET"]}}],"collection":[{"href":"https:\/\/shop.nlq24.eu\/es\/wp-json\/wp\/v2\/product"}],"about":[{"href":"https:\/\/shop.nlq24.eu\/es\/wp-json\/wp\/v2\/types\/product"}],"replies":[{"embeddable":true,"href":"https:\/\/shop.nlq24.eu\/es\/wp-json\/wp\/v2\/comments?post=76430"}],"wp:featuredmedia":[{"embeddable":true,"href":"https:\/\/shop.nlq24.eu\/es\/wp-json\/wp\/v2\/media\/10472"}],"wp:attachment":[{"href":"https:\/\/shop.nlq24.eu\/es\/wp-json\/wp\/v2\/media?parent=76430"}],"wp:term":[{"taxonomy":"product_brand","embeddable":true,"href":"https:\/\/shop.nlq24.eu\/es\/wp-json\/wp\/v2\/product_brand?post=76430"},{"taxonomy":"product_cat","embeddable":true,"href":"https:\/\/shop.nlq24.eu\/es\/wp-json\/wp\/v2\/product_cat?post=76430"},{"taxonomy":"product_tag","embeddable":true,"href":"https:\/\/shop.nlq24.eu\/es\/wp-json\/wp\/v2\/product_tag?post=76430"}],"curies":[{"name":"wp","href":"https:\/\/api.w.org\/{rel}","templated":true}]}}