{"id":76431,"date":"2018-10-31T06:37:51","date_gmt":"2018-10-31T06:37:51","guid":{"rendered":"https:\/\/shop.nlq24.eu\/produkt\/cierre-por-goteo-a-prueba-de-ninos-para-botella-de-vidrio-din18\/"},"modified":"2025-06-19T07:32:13","modified_gmt":"2025-06-19T07:32:13","slug":"cierre-por-goteo-a-prueba-de-ninos-din18","status":"publish","type":"product","link":"https:\/\/shop.nlq24.eu\/es\/ producto\/cierre-por-goteo-a-prueba-de-ninos-din18\/","title":{"rendered":"Cierre por goteo a prueba de ni\u00f1os &#8211; para botella de vidrio DIN18"},"content":{"rendered":"<p><strong>Cierre por goteo a prueba de ni\u00f1os<\/strong><\/p>\n<p>Cabe en todas las botellas de vidrio del tama\u00f1o DIN18. Tambi\u00e9n le permite soltar l\u00edquidos con precisi\u00f3n. Est\u00e1 hecho de pe del material y es muy resistente. Este cierre por goteo a prueba de ni\u00f1os es un goteo de borde, que es adecuado no s\u00f3lo para alcoh\u00f3licos, sino tambi\u00e9n para medios de llenado acuosos o l\u00edquidos finos. Hay un inserto por goteo en la tapa. Esto te presiona en la botella que se abre la primera vez que la atornillas. Despu\u00e9s de eso, permanece en la boca de la botella. La tapa blanca del tornillo est\u00e1 equipada con un sistema de control parental. Para abrir la botella, simplemente presione la tapa mientras gira, hacia abajo. Este cierre de seguridad infantil es seguro y apretado. No tiene anillo de originalidad.<\/p>\n<p>&nbsp;<\/p>\n","protected":false},"excerpt":{"rendered":"<p><strong>Cierre de cuentagotas, para botella de vidrio DIN18 Standard<\/strong><\/p>\n","protected":false},"featured_media":10595,"comment_status":"open","ping_status":"closed","template":"","meta":[],"product_brand":[],"product_cat":[1866,1876,1883,2333,2359],"product_tag":[2770,2792,3135,3150,3174,2433,2769],"class_list":{"0":"post-76431","1":"product","2":"type-product","3":"status-publish","4":"has-post-thumbnail","6":"product_cat-todos-los-productos-resumen","7":"product_cat-dosificacion-medicion","8":"product_cat-botellas-de-vidrio","9":"product_cat-cierres-din18-para-botellas-de-vidrio","10":"product_cat-zubehoer-fuer-flaschen","11":"product_tag-cerradura","12":"product_tag-cierre-de-seguridad-infantil","13":"product_tag-kindersicher-es","14":"product_tag-randtropfer-es","15":"product_tag-tropfverschluss-es","16":"product_tag-din18-es","17":"product_tag-cuentagotas-es","18":"product_shipping_class-1-paquete-de-envio-con-seguimiento","20":"first","21":"instock","22":"taxable","23":"shipping-taxable","24":"purchasable","25":"product-type-simple"},"_links":{"self":[{"href":"https:\/\/shop.nlq24.eu\/es\/wp-json\/wp\/v2\/product\/76431","targetHints":{"allow":["GET"]}}],"collection":[{"href":"https:\/\/shop.nlq24.eu\/es\/wp-json\/wp\/v2\/product"}],"about":[{"href":"https:\/\/shop.nlq24.eu\/es\/wp-json\/wp\/v2\/types\/product"}],"replies":[{"embeddable":true,"href":"https:\/\/shop.nlq24.eu\/es\/wp-json\/wp\/v2\/comments?post=76431"}],"wp:featuredmedia":[{"embeddable":true,"href":"https:\/\/shop.nlq24.eu\/es\/wp-json\/wp\/v2\/media\/10595"}],"wp:attachment":[{"href":"https:\/\/shop.nlq24.eu\/es\/wp-json\/wp\/v2\/media?parent=76431"}],"wp:term":[{"taxonomy":"product_brand","embeddable":true,"href":"https:\/\/shop.nlq24.eu\/es\/wp-json\/wp\/v2\/product_brand?post=76431"},{"taxonomy":"product_cat","embeddable":true,"href":"https:\/\/shop.nlq24.eu\/es\/wp-json\/wp\/v2\/product_cat?post=76431"},{"taxonomy":"product_tag","embeddable":true,"href":"https:\/\/shop.nlq24.eu\/es\/wp-json\/wp\/v2\/product_tag?post=76431"}],"curies":[{"name":"wp","href":"https:\/\/api.w.org\/{rel}","templated":true}]}}