{"id":76432,"date":"2018-12-23T08:43:18","date_gmt":"2018-12-23T08:43:18","guid":{"rendered":"https:\/\/shop.nlq24.eu\/produkt\/cierre-de-cuentagotas-para-botella-de-vidrio-din18\/"},"modified":"2026-04-08T09:51:46","modified_gmt":"2026-04-08T09:51:46","slug":"drip-closing-for-glass-bottle-din18-estandar","status":"publish","type":"product","link":"https:\/\/shop.nlq24.eu\/es\/ producto\/drip-closing-for-glass-bottle-din18-estandar\/","title":{"rendered":"Cierre de cuentagotas para botella de vidrio DIN18"},"content":{"rendered":"<p><strong>Cierre de cuentagotas para botella de vidrio DIN18 (est\u00e1ndar)<\/strong><\/p>\n<p>ya no est\u00e1 disponible. Recomiendo el buen <a href=\"https:\/\/shop.nlq24.eu\/es\/ producto\/cierre-por-goteo-tapa-din18-a-prueba-de-ninos\/\">tap\u00f3n cuentagotas tapa DIN18 a prueba de ni\u00f1os<\/a> <\/p>\n<p>Se trata de un tap\u00f3n de cierre que puedes utilizar para todas las botellas DIN18.<br \/>\nEs adecuado para tapar l\u00edquidos, as\u00ed como un cierre puro. Est\u00e1 fabricado en PE.<br \/>\nPuedes utilizar muy bien este cuentagotas para medios de llenado alcoh\u00f3licos, acuosos o de baja viscosidad. <\/p>\n<p>&nbsp;<\/p>\n","protected":false},"excerpt":{"rendered":"<p><strong>Cierre de cuentagotas, para botella de vidrio DIN18 Standard<\/strong><\/p>\n","protected":false},"featured_media":10769,"comment_status":"open","ping_status":"closed","template":"","meta":[],"product_brand":[],"product_cat":[1866,2333,2359],"product_tag":[2769,2770,3150,3174,3175,2433,2444],"class_list":{"0":"post-76432","1":"product","2":"type-product","3":"status-publish","4":"has-post-thumbnail","6":"product_cat-todos-los-productos-resumen","7":"product_cat-cierres-din18-para-botellas-de-vidrio","8":"product_cat-zubehoer-fuer-flaschen","9":"product_tag-cuentagotas-es","10":"product_tag-cerradura","11":"product_tag-randtropfer-es","12":"product_tag-tropfverschluss-es","13":"product_tag-tropferverschluss-glasflasche-din18-es","14":"product_tag-din18-es","15":"product_tag-deckel-din18-es","16":"product_shipping_class-1-paquete-de-envio-con-seguimiento","18":"first","19":"outofstock","20":"taxable","21":"shipping-taxable","22":"purchasable","23":"product-type-simple"},"_links":{"self":[{"href":"https:\/\/shop.nlq24.eu\/es\/wp-json\/wp\/v2\/product\/76432","targetHints":{"allow":["GET"]}}],"collection":[{"href":"https:\/\/shop.nlq24.eu\/es\/wp-json\/wp\/v2\/product"}],"about":[{"href":"https:\/\/shop.nlq24.eu\/es\/wp-json\/wp\/v2\/types\/product"}],"replies":[{"embeddable":true,"href":"https:\/\/shop.nlq24.eu\/es\/wp-json\/wp\/v2\/comments?post=76432"}],"wp:featuredmedia":[{"embeddable":true,"href":"https:\/\/shop.nlq24.eu\/es\/wp-json\/wp\/v2\/media\/10769"}],"wp:attachment":[{"href":"https:\/\/shop.nlq24.eu\/es\/wp-json\/wp\/v2\/media?parent=76432"}],"wp:term":[{"taxonomy":"product_brand","embeddable":true,"href":"https:\/\/shop.nlq24.eu\/es\/wp-json\/wp\/v2\/product_brand?post=76432"},{"taxonomy":"product_cat","embeddable":true,"href":"https:\/\/shop.nlq24.eu\/es\/wp-json\/wp\/v2\/product_cat?post=76432"},{"taxonomy":"product_tag","embeddable":true,"href":"https:\/\/shop.nlq24.eu\/es\/wp-json\/wp\/v2\/product_tag?post=76432"}],"curies":[{"name":"wp","href":"https:\/\/api.w.org\/{rel}","templated":true}]}}