{"id":76434,"date":"2018-10-31T07:12:20","date_gmt":"2018-10-31T07:12:20","guid":{"rendered":"https:\/\/shop.nlq24.eu\/produkt\/tapa-de-cierre-conica-para-botella-de-vidrio-pp28\/"},"modified":"2018-10-31T07:12:20","modified_gmt":"2018-10-31T07:12:20","slug":"cierre-a-prueba-de-ninos-para-vidrio-botella-pp28-con-pe-espuma-sello","status":"publish","type":"product","link":"https:\/\/shop.nlq24.eu\/es\/ producto\/cierre-a-prueba-de-ninos-para-vidrio-botella-pp28-con-pe-espuma-sello\/","title":{"rendered":"Tapa de cierre c\u00f3nica para botella de vidrio PP28"},"content":{"rendered":"<p><strong>Cubierta c\u00f3nica, para botella de vidrio PP28 (no utilizable<br \/>\n con inserto Doser)<\/strong> Esta tapa de cierre es adecuada para todas las botellas PP28 (botellas con boca grande), tambi\u00e9n para botellas de PET.<br \/>\nEst\u00e1 hecho del material PE, que forma el sello \u00fanico. Esta tapa de tornillo blanco est\u00e1 equipada con una protecci\u00f3n de originalidad (anillo lagrimal). Esto tiene las siguientes ventajas. Primero, este anillo se rompe cuando se abre la botella por primera vez. En segundo lugar, al arrancarla se puede saber que la botella ya no est\u00e1 sellada originalmente.<\/p>\n<p>El sello consiste en una<strong>plaquita <\/strong> de cierre c\u00f3nico. Cuando la botella est\u00e1 atornillada, se presiona firmemente en el cuello de la botella. Esto a su vez garantiza un alto nivel de tensi\u00f3n. Esto le da una muy buena protecci\u00f3n contra fugas.<\/p>\n<p>&nbsp;<\/p>\n","protected":false},"excerpt":{"rendered":"<p><strong>Cierre de botella de vidrio PP28, c\u00f3nico<br \/>\n<\/strong><\/p>\n","protected":false},"featured_media":10597,"comment_status":"open","ping_status":"closed","template":"","meta":[],"product_brand":[],"product_cat":[1866,2334,2359],"product_tag":[2898,2945,3191,2443,2452,2770,2793],"class_list":{"0":"post-76434","1":"product","2":"type-product","3":"status-publish","4":"has-post-thumbnail","6":"product_cat-todos-los-productos-resumen","7":"product_cat-tapones-para-botellas-de-vidrio-pp28","8":"product_cat-zubehoer-fuer-flaschen","9":"product_tag-glasflaschen-es","10":"product_tag-pp28-es","11":"product_tag-konisch-es","12":"product_tag-deckel-es","13":"product_tag-dichter-es","14":"product_tag-cerradura","15":"product_tag-pp-es","16":"product_shipping_class-1-paquete-de-envio-con-seguimiento","18":"first","19":"instock","20":"taxable","21":"shipping-taxable","22":"purchasable","23":"product-type-simple"},"_links":{"self":[{"href":"https:\/\/shop.nlq24.eu\/es\/wp-json\/wp\/v2\/product\/76434","targetHints":{"allow":["GET"]}}],"collection":[{"href":"https:\/\/shop.nlq24.eu\/es\/wp-json\/wp\/v2\/product"}],"about":[{"href":"https:\/\/shop.nlq24.eu\/es\/wp-json\/wp\/v2\/types\/product"}],"replies":[{"embeddable":true,"href":"https:\/\/shop.nlq24.eu\/es\/wp-json\/wp\/v2\/comments?post=76434"}],"wp:featuredmedia":[{"embeddable":true,"href":"https:\/\/shop.nlq24.eu\/es\/wp-json\/wp\/v2\/media\/10597"}],"wp:attachment":[{"href":"https:\/\/shop.nlq24.eu\/es\/wp-json\/wp\/v2\/media?parent=76434"}],"wp:term":[{"taxonomy":"product_brand","embeddable":true,"href":"https:\/\/shop.nlq24.eu\/es\/wp-json\/wp\/v2\/product_brand?post=76434"},{"taxonomy":"product_cat","embeddable":true,"href":"https:\/\/shop.nlq24.eu\/es\/wp-json\/wp\/v2\/product_cat?post=76434"},{"taxonomy":"product_tag","embeddable":true,"href":"https:\/\/shop.nlq24.eu\/es\/wp-json\/wp\/v2\/product_tag?post=76434"}],"curies":[{"name":"wp","href":"https:\/\/api.w.org\/{rel}","templated":true}]}}