{"id":76435,"date":"2018-10-30T22:17:37","date_gmt":"2018-10-30T22:17:37","guid":{"rendered":"https:\/\/shop.nlq24.eu\/produkt\/botella-de-vidrio-marron-28-mm-pp28\/"},"modified":"2023-04-13T07:21:33","modified_gmt":"2023-04-13T07:21:33","slug":"botella-de-vidrio-pp28","status":"publish","type":"product","link":"https:\/\/shop.nlq24.eu\/es\/ producto\/botella-de-vidrio-pp28\/","title":{"rendered":"Botella de vidrio marr\u00f3n 28 mm (PP28)"},"content":{"rendered":"<p>Esta <strong>botella de vidrio marr\u00f3n PP28<\/strong> tiene un estuario de <strong>28 mm.<\/strong> No s\u00f3lo se conoce como una botella de vidrio marr\u00f3n, sino tambi\u00e9n como una botella de jarabe. Tambi\u00e9n se conoce como botella de farmac\u00e9utico. Se puede combinar con este <a href=\"https:\/\/shop.nlq24.eu\/es\/ producto\/doser-cdh-doser-10-ml-es\/\"><span style=\"color: #0000ff;\"><strong>sistema Doser.<\/strong><\/p>\n<p>  <\/span><\/p>\n<p><\/a> Esto le permite quitar y medir f\u00e1cilmente al mismo tiempo.<\/p>\n<p>El v\u00edtreo est\u00e1 hecho de vidrio marr\u00f3n de clase 3 hidrol\u00edtica. Con su coloraci\u00f3n, esta botella le ofrece un alto nivel de protecci\u00f3n contra la luz para su material de llenado. El hilo es PP28 (28 mm).<\/p>\n<h3><span style=\"text-decoration: underline;\">durabilidad:<\/span><\/h3>\n<p>Esta botella es incluso resistente a \u00e1cidos y otras sustancias agresivas. Como resultado, tiene excelentes propiedades de barrera y tambi\u00e9n tiene un aspecto de alta calidad. Tambi\u00e9n se conoce como el Euro Medicine Bottle.<\/p>\n<h3>Disponible en muchas variantes:<\/h3>\n<p>Puede elegir entre diferentes cierres y variantes.<\/p>\n<p>1. Cierre de seguridad infantil<br \/>\n2. Cierre est\u00e1ndar con anillo de fundici\u00f3n. Con este anillo de fundici\u00f3n puedes verter tus l\u00edquidos limpiamente. Sin embargo, no se puede combinar con una plaquita dosificador.<br \/>\n3. Cierre c\u00f3nico y autobloqueo. Absolutamente denso. Sin embargo, no se puede combinar con una plaquita dosificador.<br \/>\n4. Cierre del pulverizador<\/p>\n<p>Aqu\u00ed se puede encontrar <strong>una botella del sistema dosificador con un sistema de dosificaci\u00f3n adecuado.<\/strong> <a href=\"https:\/\/shop.nlq24.eu\/produkt\/doser-system-flasche-pp28\/\"><\/a><\/p>\n","protected":false},"excerpt":{"rendered":"<p>Botella de vidrio PP28 en diferentes versiones<\/p>\n","protected":false},"featured_media":10941,"comment_status":"open","ping_status":"closed","template":"","meta":[],"product_brand":[],"product_cat":[1866,1883,2320],"product_tag":[2457,2719,2458,2720,2721,2399],"class_list":{"0":"post-76435","1":"product","2":"type-product","3":"status-publish","4":"has-post-thumbnail","6":"product_cat-todos-los-productos-resumen","7":"product_cat-botellas-de-vidrio","8":"product_cat-botellas-de-vidrio-pp28","9":"product_tag-doser-system-es","10":"product_tag-botella-de-jarabe","11":"product_tag-doser-system-flasche-es","12":"product_tag-botella-de-vidrio-pp28","13":"product_tag-botella","14":"product_tag-cdh-doser-es","15":"product_shipping_class-1-paquete-de-envio-con-seguimiento","16":"pa_milliliter-250-ml-es","17":"pa_milliliter-500-ml-es","18":"pa_milliliter-1000-ml-es","20":"first","21":"instock","22":"taxable","23":"shipping-taxable","24":"purchasable","25":"product-type-variable"},"_links":{"self":[{"href":"https:\/\/shop.nlq24.eu\/es\/wp-json\/wp\/v2\/product\/76435","targetHints":{"allow":["GET"]}}],"collection":[{"href":"https:\/\/shop.nlq24.eu\/es\/wp-json\/wp\/v2\/product"}],"about":[{"href":"https:\/\/shop.nlq24.eu\/es\/wp-json\/wp\/v2\/types\/product"}],"replies":[{"embeddable":true,"href":"https:\/\/shop.nlq24.eu\/es\/wp-json\/wp\/v2\/comments?post=76435"}],"wp:featuredmedia":[{"embeddable":true,"href":"https:\/\/shop.nlq24.eu\/es\/wp-json\/wp\/v2\/media\/10941"}],"wp:attachment":[{"href":"https:\/\/shop.nlq24.eu\/es\/wp-json\/wp\/v2\/media?parent=76435"}],"wp:term":[{"taxonomy":"product_brand","embeddable":true,"href":"https:\/\/shop.nlq24.eu\/es\/wp-json\/wp\/v2\/product_brand?post=76435"},{"taxonomy":"product_cat","embeddable":true,"href":"https:\/\/shop.nlq24.eu\/es\/wp-json\/wp\/v2\/product_cat?post=76435"},{"taxonomy":"product_tag","embeddable":true,"href":"https:\/\/shop.nlq24.eu\/es\/wp-json\/wp\/v2\/product_tag?post=76435"}],"curies":[{"name":"wp","href":"https:\/\/api.w.org\/{rel}","templated":true}]}}