{"id":76452,"date":"2018-10-30T21:38:56","date_gmt":"2018-10-30T21:38:56","guid":{"rendered":"https:\/\/shop.nlq24.eu\/produkt\/accesorio-pulverizador-para-botella-hdpe-20-410\/"},"modified":"2025-06-19T07:32:48","modified_gmt":"2025-06-19T07:32:48","slug":"pulverizador-accesorio-para-hd-pe-botella-20-410","status":"publish","type":"product","link":"https:\/\/shop.nlq24.eu\/es\/ producto\/pulverizador-accesorio-para-hd-pe-botella-20-410\/","title":{"rendered":"Accesorio pulverizador para botella HDPE 20-410"},"content":{"rendered":"<p>Este <strong>accesorio pulverizador para botella HDPE 20-410<\/strong> tiene una tapa de tornillo, que le permite cerrar la botella firmemente. La carrera por pulverizaci\u00f3n es de aprox. 0,18 ml. As\u00ed que incluso puede dosificar con \u00e9l. <strong><span class=\"tm5\">Conveniente<\/span><\/p>\n<p><\/strong> para usted: La bomba de pulverizaci\u00f3n est\u00e1 equipada <strong><span class=\"tm5\">con<\/span><\/p>\n<p><\/strong> <strong>una tapa protectora.<\/strong> Esto le permite utilizar material de llenado que no debe <strong>evaporarse o fundir fuera de lasgas,<\/strong> como .B CDH. El gas no puede escapar debido a la tapa de la cubierta. El tama\u00f1o del hilo se adapta a botellas de tama\u00f1o 20-410. El tubo de admisi\u00f3n del cabezal pulverizador tiene una longitud suficiente para todas las botellas con esta rosca 20-410 y se puede acortar manualmente si es necesario.<\/p>\n<p>El accesorio de pulverizaci\u00f3n est\u00e1 hecho del material PE\/PP y es resistente a los productos qu\u00edmicos a muchos contenidos. Sin embargo, debe comprobar esto a la vez. El material es resistente al \u00e1cido y a las bases con valores de pH entre pH 4 &#8211; 9.<\/p>\n<p>Aqu\u00ed encontrar\u00e1 la <a href=\"https:\/\/shop.nlq24.eu\/produkt\/pe-flaschen-weiss-in-verschiedenen-varianten-groessen-und-zubehoer\/\">botella HDPE<\/a> a juego. Tambi\u00e9n con accesorios a juego.<\/p>\n","protected":false},"excerpt":{"rendered":"<p>Accesorio pulverizador para botella HDPE 20-410<\/p>\n","protected":false},"featured_media":10869,"comment_status":"open","ping_status":"closed","template":"","meta":[],"product_brand":[],"product_cat":[1866,1882,1886,2329,2331,2332,2359],"product_tag":[2622,2623,2624,2626,3158,3189],"class_list":{"0":"post-76452","1":"product","2":"type-product","3":"status-publish","4":"has-post-thumbnail","6":"product_cat-todos-los-productos-resumen","7":"product_cat-botellas-tapones-accesorios","8":"product_cat-botellas-hdpe-de-color-solido","9":"product_cat-botellas-de-hdpe-accesorios","10":"product_cat-botellas-de-pulverizador","11":"product_cat-los-frascos-rociadores-hechos-de-hdpe-o-de-vidrio","12":"product_cat-zubehoer-fuer-flaschen","13":"product_tag-rociador","14":"product_tag-bomba-de-pulverizacion","15":"product_tag-fijacion-del-pulverizador","16":"product_tag-fijacion-del-pulverizador-es","17":"product_tag-sprayer-fuer-pe-flasche-es","18":"product_tag-zerstaeuberpumpe-es","19":"product_shipping_class-1-paquete-de-envio-con-seguimiento","21":"first","22":"instock","23":"taxable","24":"shipping-taxable","25":"purchasable","26":"product-type-simple"},"_links":{"self":[{"href":"https:\/\/shop.nlq24.eu\/es\/wp-json\/wp\/v2\/product\/76452","targetHints":{"allow":["GET"]}}],"collection":[{"href":"https:\/\/shop.nlq24.eu\/es\/wp-json\/wp\/v2\/product"}],"about":[{"href":"https:\/\/shop.nlq24.eu\/es\/wp-json\/wp\/v2\/types\/product"}],"replies":[{"embeddable":true,"href":"https:\/\/shop.nlq24.eu\/es\/wp-json\/wp\/v2\/comments?post=76452"}],"wp:featuredmedia":[{"embeddable":true,"href":"https:\/\/shop.nlq24.eu\/es\/wp-json\/wp\/v2\/media\/10869"}],"wp:attachment":[{"href":"https:\/\/shop.nlq24.eu\/es\/wp-json\/wp\/v2\/media?parent=76452"}],"wp:term":[{"taxonomy":"product_brand","embeddable":true,"href":"https:\/\/shop.nlq24.eu\/es\/wp-json\/wp\/v2\/product_brand?post=76452"},{"taxonomy":"product_cat","embeddable":true,"href":"https:\/\/shop.nlq24.eu\/es\/wp-json\/wp\/v2\/product_cat?post=76452"},{"taxonomy":"product_tag","embeddable":true,"href":"https:\/\/shop.nlq24.eu\/es\/wp-json\/wp\/v2\/product_tag?post=76452"}],"curies":[{"name":"wp","href":"https:\/\/api.w.org\/{rel}","templated":true}]}}