{"id":76453,"date":"2018-10-30T20:32:08","date_gmt":"2018-10-30T20:32:08","guid":{"rendered":"https:\/\/shop.nlq24.eu\/produkt\/taza-de-medicion-para-100-ml\/"},"modified":"2025-06-19T07:31:49","modified_gmt":"2025-06-19T07:31:49","slug":"mess-cup-100-ml-bribe-pp-blue-scale","status":"publish","type":"product","link":"https:\/\/shop.nlq24.eu\/es\/ producto\/mess-cup-100-ml-bribe-pp-blue-scale\/","title":{"rendered":"Taza de medici\u00f3n para 100 ml"},"content":{"rendered":"<p><span style=\"font-size: 100%;\">Esta taza medidora de 100 ml es ideal para dosificar, medir y mezclar hasta 100 ml de volumen.<\/span><br \/>\n<span style=\"font-size: 100%;\">La taza medidora est\u00e1 hecha <strong>de PP duradero<\/strong> y, por lo tanto, es <strong>casi irrompible<\/strong>.  <\/span><\/p>\n<p><span style=\"font-size: 100%;\">El material es altamente transparente y proporciona una buena visi\u00f3n del material de llenado. Por lo tanto, una inspecci\u00f3n visual de calidad durante el llenado es muy bien posible. Tiene una superficie lisa y es universalmente utilizable. Debido a su resistencia.B, tambi\u00e9n es adecuado para CDH3000, DMSO, MKB, DMKB y muchos otros l\u00edquidos. Se utiliza tanto en la cocina como en el laboratorio. La escala azul resistente a los productos qu\u00edmicos tiene una escala gruesa en incrementos de 10 ml y una escala fina en incrementos de 2 ml. Esto permite un dise\u00f1o preciso.<\/span><br \/>\n<span style=\"font-size: 100%;\">La taza tambi\u00e9n se utiliza para la desinfecci\u00f3n caliente hasta al m\u00e1ximo. 121 \u00b0C durante un tiempo de hasta 20 minutos y, por lo tanto, autoclavable.<\/span><br \/>\n<span style=\"font-size: 100%;\">El di\u00e1metro en el borde superior es de 50 mm, en la parte inferior 40 mm. La altura es de 80 mm.<\/span><\/p>\n","protected":false},"excerpt":{"rendered":"<p>Taza de medici\u00f3n 100 ml.<\/p>\n","protected":false},"featured_media":10855,"comment_status":"open","ping_status":"closed","template":"","meta":[],"product_brand":[],"product_cat":[1866,2324],"product_tag":[2467,2739,3139,3140,3238],"class_list":{"0":"post-76453","1":"product","2":"type-product","3":"status-publish","4":"has-post-thumbnail","6":"product_cat-todos-los-productos-resumen","7":"product_cat-jarra-medidora","8":"product_tag-dosierbecher-es","9":"product_tag-tazas-de-medicion","10":"product_tag-kueche-es","11":"product_tag-labor-es","12":"product_tag-irrompible","13":"product_shipping_class-1-paquete-de-envio-con-seguimiento","15":"first","16":"instock","17":"taxable","18":"shipping-taxable","19":"purchasable","20":"product-type-simple"},"_links":{"self":[{"href":"https:\/\/shop.nlq24.eu\/es\/wp-json\/wp\/v2\/product\/76453","targetHints":{"allow":["GET"]}}],"collection":[{"href":"https:\/\/shop.nlq24.eu\/es\/wp-json\/wp\/v2\/product"}],"about":[{"href":"https:\/\/shop.nlq24.eu\/es\/wp-json\/wp\/v2\/types\/product"}],"replies":[{"embeddable":true,"href":"https:\/\/shop.nlq24.eu\/es\/wp-json\/wp\/v2\/comments?post=76453"}],"wp:featuredmedia":[{"embeddable":true,"href":"https:\/\/shop.nlq24.eu\/es\/wp-json\/wp\/v2\/media\/10855"}],"wp:attachment":[{"href":"https:\/\/shop.nlq24.eu\/es\/wp-json\/wp\/v2\/media?parent=76453"}],"wp:term":[{"taxonomy":"product_brand","embeddable":true,"href":"https:\/\/shop.nlq24.eu\/es\/wp-json\/wp\/v2\/product_brand?post=76453"},{"taxonomy":"product_cat","embeddable":true,"href":"https:\/\/shop.nlq24.eu\/es\/wp-json\/wp\/v2\/product_cat?post=76453"},{"taxonomy":"product_tag","embeddable":true,"href":"https:\/\/shop.nlq24.eu\/es\/wp-json\/wp\/v2\/product_tag?post=76453"}],"curies":[{"name":"wp","href":"https:\/\/api.w.org\/{rel}","templated":true}]}}