{"id":76454,"date":"2018-12-23T08:41:12","date_gmt":"2018-12-23T08:41:12","guid":{"rendered":"https:\/\/shop.nlq24.eu\/produkt\/cierre-por-pulverizacion-para-botella-de-vidrio-din18\/"},"modified":"2025-01-26T19:13:03","modified_gmt":"2025-01-26T19:13:03","slug":"pulverizador-superior-botella-de-vidrio-din18-negro","status":"publish","type":"product","link":"https:\/\/shop.nlq24.eu\/es\/ producto\/pulverizador-superior-botella-de-vidrio-din18-negro\/","title":{"rendered":"Tap\u00f3n de pulverizaci\u00f3n para botella de vidrio DIN18 &#8211; negro"},"content":{"rendered":"<h3 class=\"Normal\">Tap\u00f3n de pulverizaci\u00f3n para botella de vidrio DIN18 &#8211; negro<\/h3>\n<p class=\"Normal\">Este tap\u00f3n pulverizador para botella de vidrio DIN18 &#8211; negro se adapta a sus botellas de vidrio con el tama\u00f1o de rosca DIN18. Est\u00e1 equipado con una tapa de tornillo. Tambi\u00e9n tiene una bomba de pulverizaci\u00f3n, que est\u00e1 equipada con una tapa protectora. Esto protege el contenido de fugas. Adem\u00e1s, no hay desgasificaci\u00f3n de gases sin presi\u00f3n. Est\u00e1 hecho de <strong>material PP<\/strong>. La carrera, que es la dosis por operaci\u00f3n de la bomba de pulverizaci\u00f3n, es de aproximadamente 0,11 ml.   <\/p>\n<h4><strong>El tubo de admisi\u00f3n se puede variar  <\/strong><\/h4>\n<p class=\"Normal\">El tubo de succi\u00f3n tiene una longitud suficiente de 110 mm para todas las botellas con el tama\u00f1o de rosca DIN18. Puede acortarlo f\u00e1cilmente a la longitud requerida con una navaja.<\/p>\n<p>\u00bfQuiz\u00e1s tambi\u00e9n est\u00e1s buscando una <a href=\"https:\/\/shop.nlq24.eu\/produkt\/sprayer-glasflasche-100-ml-din18\/\">botella de spray completa<\/a>?<\/p>\n<p class=\"Normal\">\n","protected":false},"excerpt":{"rendered":"<p>Tap\u00f3n de spray para botella de vidrio DIN18, negro<\/p>\n","protected":false},"featured_media":86382,"comment_status":"open","ping_status":"closed","template":"","meta":[],"product_brand":[],"product_cat":[2332,2333,2359,1866,1876,1882,2321,2331],"product_tag":[2433,2622,2623,2624,2625,2626,2638],"class_list":{"0":"post-76454","1":"product","2":"type-product","3":"status-publish","4":"has-post-thumbnail","6":"product_cat-los-frascos-rociadores-hechos-de-hdpe-o-de-vidrio","7":"product_cat-cierres-din18-para-botellas-de-vidrio","8":"product_cat-zubehoer-fuer-flaschen","9":"product_cat-todos-los-productos-resumen","10":"product_cat-dosificacion-medicion","11":"product_cat-botellas-tapones-accesorios","12":"product_cat-botellas-de-vidrio-din18","13":"product_cat-botellas-de-pulverizador","14":"product_tag-din18-es","15":"product_tag-rociador","16":"product_tag-bomba-de-pulverizacion","17":"product_tag-fijacion-del-pulverizador","18":"product_tag-sprayopf","19":"product_tag-fijacion-del-pulverizador-es","20":"product_tag-vidrio","21":"product_shipping_class-1-paquete-de-envio-con-seguimiento","23":"first","24":"instock","25":"taxable","26":"shipping-taxable","27":"purchasable","28":"product-type-simple"},"_links":{"self":[{"href":"https:\/\/shop.nlq24.eu\/es\/wp-json\/wp\/v2\/product\/76454","targetHints":{"allow":["GET"]}}],"collection":[{"href":"https:\/\/shop.nlq24.eu\/es\/wp-json\/wp\/v2\/product"}],"about":[{"href":"https:\/\/shop.nlq24.eu\/es\/wp-json\/wp\/v2\/types\/product"}],"replies":[{"embeddable":true,"href":"https:\/\/shop.nlq24.eu\/es\/wp-json\/wp\/v2\/comments?post=76454"}],"wp:featuredmedia":[{"embeddable":true,"href":"https:\/\/shop.nlq24.eu\/es\/wp-json\/wp\/v2\/media\/86382"}],"wp:attachment":[{"href":"https:\/\/shop.nlq24.eu\/es\/wp-json\/wp\/v2\/media?parent=76454"}],"wp:term":[{"taxonomy":"product_brand","embeddable":true,"href":"https:\/\/shop.nlq24.eu\/es\/wp-json\/wp\/v2\/product_brand?post=76454"},{"taxonomy":"product_cat","embeddable":true,"href":"https:\/\/shop.nlq24.eu\/es\/wp-json\/wp\/v2\/product_cat?post=76454"},{"taxonomy":"product_tag","embeddable":true,"href":"https:\/\/shop.nlq24.eu\/es\/wp-json\/wp\/v2\/product_tag?post=76454"}],"curies":[{"name":"wp","href":"https:\/\/api.w.org\/{rel}","templated":true}]}}