{"id":76455,"date":"2018-12-11T18:42:41","date_gmt":"2018-12-11T18:42:41","guid":{"rendered":"https:\/\/shop.nlq24.eu\/produkt\/taza-de-medicion-30-ml-hecha-de-hdpe\/"},"modified":"2025-11-20T12:47:29","modified_gmt":"2025-11-20T12:47:29","slug":"mess-cup-30-ml-de-mejor-en-el-hdpe","status":"publish","type":"product","link":"https:\/\/shop.nlq24.eu\/es\/ producto\/mess-cup-30-ml-de-mejor-en-el-hdpe\/","title":{"rendered":"Taza de medici\u00f3n 30 ml hecha de HDPE"},"content":{"rendered":"<p>Esta peque\u00f1a taza de medici\u00f3n de 30 ml hecha de HDPE es ideal para dosificar peque\u00f1as cantidades. Se puede utilizar universalmente (e.B. para CDH, DMSO, MKB, etc.). Tambi\u00e9n es adecuado para cocinas y laboratorios. Tambi\u00e9n es qu\u00edmicamente resistente y est\u00e1 hecho de HDPE. La escala es transparente. Puesto que est\u00e1 grabado en relieve en el pl\u00e1stico, nunca puede desenfocarse. Puede colocar esta taza medidora c\u00f3modamente y ahorrando espacio sobre una tapa de botella PP28.<br \/>\nEste vaso medidor de 30 ml se escala en los siguientes pasos: 1 \/ 2 \/ 3 \/ 4 \/ 5 \/ 6 \/ 7 \/ 8 \/ 9 \/ 10 \/ 15 \/ 20 \/ 30 ml. Por lo tanto, es muy adecuado para jarabe, l\u00edquidos, jugos e incluso medicamentos.<\/p>\n<p>&nbsp;<\/p>\n","protected":false},"excerpt":{"rendered":"<p>Taza de medici\u00f3n 30 ml.<\/p>\n","protected":false},"featured_media":10474,"comment_status":"open","ping_status":"closed","template":"","meta":[],"product_brand":[],"product_cat":[1866,1876,2324],"product_tag":[2467,2468,2739,3142],"class_list":{"0":"post-76455","1":"product","2":"type-product","3":"status-publish","4":"has-post-thumbnail","6":"product_cat-todos-los-productos-resumen","7":"product_cat-dosificacion-medicion","8":"product_cat-jarra-medidora","9":"product_tag-dosierbecher-es","10":"product_tag-dosierbecher-30-ml-es","11":"product_tag-tazas-de-medicion","12":"product_tag-messbecher-30-ml-es","13":"product_shipping_class-1-paquete-de-envio-con-seguimiento","15":"first","16":"instock","17":"taxable","18":"shipping-taxable","19":"purchasable","20":"product-type-simple"},"_links":{"self":[{"href":"https:\/\/shop.nlq24.eu\/es\/wp-json\/wp\/v2\/product\/76455","targetHints":{"allow":["GET"]}}],"collection":[{"href":"https:\/\/shop.nlq24.eu\/es\/wp-json\/wp\/v2\/product"}],"about":[{"href":"https:\/\/shop.nlq24.eu\/es\/wp-json\/wp\/v2\/types\/product"}],"replies":[{"embeddable":true,"href":"https:\/\/shop.nlq24.eu\/es\/wp-json\/wp\/v2\/comments?post=76455"}],"wp:featuredmedia":[{"embeddable":true,"href":"https:\/\/shop.nlq24.eu\/es\/wp-json\/wp\/v2\/media\/10474"}],"wp:attachment":[{"href":"https:\/\/shop.nlq24.eu\/es\/wp-json\/wp\/v2\/media?parent=76455"}],"wp:term":[{"taxonomy":"product_brand","embeddable":true,"href":"https:\/\/shop.nlq24.eu\/es\/wp-json\/wp\/v2\/product_brand?post=76455"},{"taxonomy":"product_cat","embeddable":true,"href":"https:\/\/shop.nlq24.eu\/es\/wp-json\/wp\/v2\/product_cat?post=76455"},{"taxonomy":"product_tag","embeddable":true,"href":"https:\/\/shop.nlq24.eu\/es\/wp-json\/wp\/v2\/product_tag?post=76455"}],"curies":[{"name":"wp","href":"https:\/\/api.w.org\/{rel}","templated":true}]}}