{"id":76457,"date":"2018-09-18T14:20:31","date_gmt":"2018-09-18T14:20:31","guid":{"rendered":"https:\/\/shop.nlq24.eu\/produkt\/botella-pulverizadora-hdpe-20-410-con-accesorio-de-pulverizacion\/"},"modified":"2025-06-19T07:43:14","modified_gmt":"2025-06-19T07:43:14","slug":"sprayer-flasche-hdpe-20-410","status":"publish","type":"product","link":"https:\/\/shop.nlq24.eu\/es\/ producto\/sprayer-flasche-hdpe-20-410\/","title":{"rendered":"Botella pulverizadora HDPE 20-410 con accesorio de pulverizaci\u00f3n"},"content":{"rendered":"<p class=\"Normal\">Esta botella pulverizadora de polietileno de alta densidad tiene un accesorio de pulverizaci\u00f3n. La carrera por pulverizaci\u00f3n es de aprox. 0,18 ml. Puede elegir diferentes vol\u00famenes de esta botella.<br \/>\n<strong><span class=\"tm5\">Pr\u00e1ctico<\/span><\/strong> para usted: la bomba de pulverizaci\u00f3n est\u00e1 equipada <strong><span class=\"tm5\">con una tapa de protecci\u00f3n<\/span><\/strong>. Esto le permite utilizar material de relleno que no debe evaporarse o desgas. Este es el caso de la CDH, por ejemplo. El gas no puede escapar debido a la tapa de la cubierta. El tama\u00f1o de la rosca de la botella es 20-410. El tubo de aspiraci\u00f3n del cabezal pulverizador tiene una longitud suficiente para todas las botellas con rosca 20-410 y puede acortarse manualmente si es necesario. El HDPE de color blanco ofrece un alto nivel de protecci\u00f3n de la luz. El accesorio de pulverizaci\u00f3n est\u00e1 hecho del material PE\/PP y es resistente a los productos qu\u00edmicos a muchos contenidos. Sin embargo, debe comprobar esto a la vez. El material es resistente al \u00e1cido y a las bases con valores de pH entre 4 &#8211; 9. Para este tama\u00f1o de botella tambi\u00e9n hay otros cierres, como el <span style=\"color: #0000ff;\"><strong><a style=\"color: #0000ff;\" href=\"https:\/\/shop.nlq24.eu\/es\/Produkt\/sloppy-tropfer-sprayer-for-white-pe-bottles\/\">cierre cuentagotas.<\/a><\/p>\n<p>  <\/strong><\/p>\n<p><\/span><\/p>\n<p class=\"Normal\"><strong><span class=\"tm5\">Esta botella pulverizadora de HDPE est\u00e1 disponible en las siguientes variantes:<br \/>\n<\/span><\/strong>Volumen de 30, 50 o 200 ml.<\/p>\n<p class=\"Normal\">\n","protected":false},"excerpt":{"rendered":"<p>Botella pulverizadora HDPE 20-410 con accesorio de pulverizaci\u00f3n<\/p>\n","protected":false},"featured_media":10523,"comment_status":"open","ping_status":"closed","template":"","meta":[],"product_brand":[],"product_cat":[1866,1876,1882,1886,2331,2332],"product_tag":[2622,2637,3060,3148,3157,3160],"class_list":{"0":"post-76457","1":"product","2":"type-product","3":"status-publish","4":"has-post-thumbnail","6":"product_cat-todos-los-productos-resumen","7":"product_cat-dosificacion-medicion","8":"product_cat-botellas-tapones-accesorios","9":"product_cat-botellas-hdpe-de-color-solido","10":"product_cat-botellas-de-pulverizador","11":"product_cat-los-frascos-rociadores-hechos-de-hdpe-o-de-vidrio","12":"product_tag-rociador","13":"product_tag-botella-de-pulverizador","14":"product_tag-sprayer-pe-es","15":"product_tag-plastiksprayer-es","16":"product_tag-sprayer-hdpe-es","17":"product_tag-sprayflasche-es","18":"product_shipping_class-1-paquete-de-envio-con-seguimiento","19":"pa_milliliter-30-ml-es","20":"pa_milliliter-50-ml-es","21":"pa_milliliter-100-ml-es","22":"pa_milliliter-200-ml-es","24":"first","25":"instock","26":"taxable","27":"shipping-taxable","28":"purchasable","29":"product-type-variable"},"_links":{"self":[{"href":"https:\/\/shop.nlq24.eu\/es\/wp-json\/wp\/v2\/product\/76457","targetHints":{"allow":["GET"]}}],"collection":[{"href":"https:\/\/shop.nlq24.eu\/es\/wp-json\/wp\/v2\/product"}],"about":[{"href":"https:\/\/shop.nlq24.eu\/es\/wp-json\/wp\/v2\/types\/product"}],"replies":[{"embeddable":true,"href":"https:\/\/shop.nlq24.eu\/es\/wp-json\/wp\/v2\/comments?post=76457"}],"wp:featuredmedia":[{"embeddable":true,"href":"https:\/\/shop.nlq24.eu\/es\/wp-json\/wp\/v2\/media\/10523"}],"wp:attachment":[{"href":"https:\/\/shop.nlq24.eu\/es\/wp-json\/wp\/v2\/media?parent=76457"}],"wp:term":[{"taxonomy":"product_brand","embeddable":true,"href":"https:\/\/shop.nlq24.eu\/es\/wp-json\/wp\/v2\/product_brand?post=76457"},{"taxonomy":"product_cat","embeddable":true,"href":"https:\/\/shop.nlq24.eu\/es\/wp-json\/wp\/v2\/product_cat?post=76457"},{"taxonomy":"product_tag","embeddable":true,"href":"https:\/\/shop.nlq24.eu\/es\/wp-json\/wp\/v2\/product_tag?post=76457"}],"curies":[{"name":"wp","href":"https:\/\/api.w.org\/{rel}","templated":true}]}}