{"id":76462,"date":"2018-09-18T14:14:00","date_gmt":"2018-09-18T14:14:00","guid":{"rendered":"https:\/\/shop.nlq24.eu\/produkt\/botella-de-vidrio-pulverizador-100-ml-din18-std\/"},"modified":"2024-03-12T19:15:08","modified_gmt":"2024-03-12T19:15:08","slug":"botella-de-vidrio-pulverizador-100-ml-din18","status":"publish","type":"product","link":"https:\/\/shop.nlq24.eu\/es\/ producto\/botella-de-vidrio-pulverizador-100-ml-din18\/","title":{"rendered":"Botella de vidrio pulverizador 100 ml, DIN18 STD"},"content":{"rendered":"<p class=\"Normal\">Esta botella de vidrio pulverizador redondo 100 ml, DIN18 tiene un accesorio de pulverizaci\u00f3n. Esto tiene un trazo de aprox. 0,15 ml por pulverizaci\u00f3n. Con un volumen de 100 ml, dispone de una cantidad com\u00fan y suficiente. La botella tiene un tama\u00f1o de 47 x 110 mm y est\u00e1 hecha de vidrio marr\u00f3n. Das Gewinde hat die Gr\u00f6\u00dfe DIN18. Tambi\u00e9n se adapta a otros accesorios para este tama\u00f1o de botella, <strong>excepto la pipeta larga de 114 mm.<\/strong> Esto s\u00f3lo cabe en la <a href=\"https:\/\/shop.nlq24.eu\/produkt\/glasflasche-din18-slim-braun\/\">botella de vidrio Slim Vario.<\/a><br \/>\nCon un peso de aprox. 108 gramos, esta botella de vidrio pulverizador se encuentra ligeramente en la mano. El vidrio marr\u00f3n le ofrece una alta protecci\u00f3n de luz para su material de llenado.<\/p>\n<p class=\"Normal\"><strong><br \/>\n  <span class=\"tm5\">Tambi\u00e9n<\/span><br \/>\n<\/strong> es conveniente para usted que la bomba de pulverizaci\u00f3n est\u00e1 equipada con una tapa de cubierta. Esto le permite utilizar material de relleno que no debe evaporarse o desgas. Este ser\u00eda el caso, por ejemplo.B si desea utilizar CDH3000 en \u00e9l. El gas no puede escapar debido a la tapa de la cubierta. El tubo de admisi\u00f3n del cabezal pulverizador tiene una longitud suficiente, tambi\u00e9n para otras botellas con el tama\u00f1o DIN18. Se puede acortar manualmente si es necesario. El accesorio de pulverizaci\u00f3n est\u00e1 hecho del material PE\/PP y es resistente a los productos qu\u00edmicos contra muchos l\u00edquidos. Sin embargo, debe comprobar esto a la vez. El material es resistente al \u00e1cido y a las bases con valores de pH entre pH 4 &#8211; 9. Tambi\u00e9n hay otros cierres para este tama\u00f1o de botella. Una botella de vidrio completa con diferentes cierres y vol\u00famenes para elegir, se puede encontrar con la <a href=\"https:\/\/shop.nlq24.eu\/produkt\/glasflasche-din18-slim-braun\/\">botella de vidrio Slim Vario.<\/a><\/p>\n","protected":false},"excerpt":{"rendered":"<p>Botella de vidrio pulverizador alrededor de 100 ml de volumen con accesorio de pulverizaci\u00f3n, DIN18 STD<\/p>\n","protected":false},"featured_media":10801,"comment_status":"open","ping_status":"closed","template":"","meta":[],"product_brand":[],"product_cat":[1866,1876,1882,2331,2332],"product_tag":[2622,2637,2638],"class_list":{"0":"post-76462","1":"product","2":"type-product","3":"status-publish","4":"has-post-thumbnail","6":"product_cat-todos-los-productos-resumen","7":"product_cat-dosificacion-medicion","8":"product_cat-botellas-tapones-accesorios","9":"product_cat-botellas-de-pulverizador","10":"product_cat-los-frascos-rociadores-hechos-de-hdpe-o-de-vidrio","11":"product_tag-rociador","12":"product_tag-botella-de-pulverizador","13":"product_tag-vidrio","14":"product_shipping_class-1-paquete-de-envio-con-seguimiento","16":"first","17":"instock","18":"taxable","19":"shipping-taxable","20":"purchasable","21":"product-type-variable"},"_links":{"self":[{"href":"https:\/\/shop.nlq24.eu\/es\/wp-json\/wp\/v2\/product\/76462","targetHints":{"allow":["GET"]}}],"collection":[{"href":"https:\/\/shop.nlq24.eu\/es\/wp-json\/wp\/v2\/product"}],"about":[{"href":"https:\/\/shop.nlq24.eu\/es\/wp-json\/wp\/v2\/types\/product"}],"replies":[{"embeddable":true,"href":"https:\/\/shop.nlq24.eu\/es\/wp-json\/wp\/v2\/comments?post=76462"}],"wp:featuredmedia":[{"embeddable":true,"href":"https:\/\/shop.nlq24.eu\/es\/wp-json\/wp\/v2\/media\/10801"}],"wp:attachment":[{"href":"https:\/\/shop.nlq24.eu\/es\/wp-json\/wp\/v2\/media?parent=76462"}],"wp:term":[{"taxonomy":"product_brand","embeddable":true,"href":"https:\/\/shop.nlq24.eu\/es\/wp-json\/wp\/v2\/product_brand?post=76462"},{"taxonomy":"product_cat","embeddable":true,"href":"https:\/\/shop.nlq24.eu\/es\/wp-json\/wp\/v2\/product_cat?post=76462"},{"taxonomy":"product_tag","embeddable":true,"href":"https:\/\/shop.nlq24.eu\/es\/wp-json\/wp\/v2\/product_tag?post=76462"}],"curies":[{"name":"wp","href":"https:\/\/api.w.org\/{rel}","templated":true}]}}