{"id":76463,"date":"2018-09-18T13:50:02","date_gmt":"2018-09-18T13:50:02","guid":{"rendered":"https:\/\/shop.nlq24.eu\/produkt\/capsulas-vacias-resistentes-al-jugo-gastrico-talla-0\/"},"modified":"2023-01-05T11:28:02","modified_gmt":"2023-01-05T11:28:02","slug":"saeure-resistente-capsulas-vacias-grande-0","status":"publish","type":"product","link":"https:\/\/shop.nlq24.eu\/es\/ producto\/saeure-resistente-capsulas-vacias-grande-0\/","title":{"rendered":"C\u00e1psulas vac\u00edas resistentes al jugo g\u00e1strico, talla 0"},"content":{"rendered":"<p><strong>Lo siento, no disponible en este momento! Mira el <a href=\"https:\/\/shop.nlq24.eu\/es\/ producto\/capsulas-vacias-resistentes-al-gas-jugo-00\/\">tama\u00f1o de las c\u00e1psulas vac\u00edas resistentes al jugo g\u00e1strico \u00ab00\u00bb.<\/a><\/strong><\/p>\n<p>Estas c\u00e1psulas vac\u00edas gastrorresistentes transparentes <strong>no requieren gelatina,<\/strong> ya que est\u00e1n hechas de celulosa. As\u00ed que estas son c\u00e1psulas vegetarianas. Se empaquetan en un polybag y son <strong>de 0 tama\u00f1os.<\/strong> Este tama\u00f1o est\u00e1 en medio de posibles dimensiones y no es demasiado peque\u00f1o ni demasiado grande. Las c\u00e1psulas son resistentes al \u00e1cido. El largo <strong>tiempo de resistencia <\/strong>asegura que el contenido s\u00f3lo se libera en el intestino delgado. Por lo tanto, son solubles en el intestino delgado y gastrorresistentes. Despu\u00e9s de la experiencia de mis clientes, usted puede f\u00e1cilmente conseguir a trav\u00e9s del jugo g\u00e1strico y s\u00f3lo disolver all\u00ed. Consisten en HPMC (hidroxipropil metilcelulosa), es decir, celulosa.<\/p>\n<p>Si el tama\u00f1o \u00ab0\u00bb ya no est\u00e1 disponible, s\u00f3lo tiene que utilizar el tama\u00f1o ligeramente m\u00e1s grande \u00ab00\u00bb &#8211; <a href=\"https:\/\/shop.nlq24.eu\/es\/ producto\/capsulas-vacias-resistentes-al-gas-jugo-00\/\">tama\u00f1o vac\u00edo resistente al jugo g\u00e1strico \u00ab00\u00bb.<\/a><\/p>\n<p>Peso: <span style=\"color: #000000;\">96\u00b16 mg<\/span> \/piece<\/p>\n<div>\n<table style=\"border-collapse: collapse; width: 703px; height: 75px;\" border=\"1\">\n<tbody>\n<tr>\n<td style=\"width: 7.98414%; text-align: center;\"><strong>Tama\u00f1o <\/strong><\/td>\n<td style=\"width: 14.3396%; text-align: center;\"><strong>Altura cerrada<\/strong><\/td>\n<td style=\"width: 26.5542%; text-align: center;\"><strong>posible cantidad de llenado (seg\u00fan densidad)<\/strong><\/td>\n<td style=\"width: 14.9354%; text-align: center;\"><strong>Peso aprox.<\/strong><\/td>\n<td style=\"width: 10.4667%; text-align: center;\"><strong>Contenido<\/strong><\/td>\n<\/tr>\n<tr>\n<td style=\"width: 7.98414%; text-align: center;\"><strong>\u00ab0\u00bb<\/strong><\/td>\n<td style=\"width: 14.3396%; text-align: center;\"><strong>21,4 mm<\/strong><\/td>\n<td style=\"width: 26.5542%; text-align: center;\"><strong>  400 mg &#8211; 800 mg<\/strong><\/td>\n<td style=\"width: 14.9354%; text-align: center;\"><strong>aprox. 100 mg<\/strong><\/td>\n<td style=\"width: 10.4667%; text-align: center;\"><strong>aprox. 0,68 ml<\/strong><\/td>\n<\/tr>\n<\/tbody>\n<\/table>\n<\/div>\n<div><\/div>\n<div>El di\u00e1metro de la parte inferior es de aprox. 7,34 mm, desde la tapa 7,64 mm.<\/div>\n<div><\/div>\n<div>variantes:<\/div>\n<div>100, 200, 300, 400, 500, 600, 700, 800, 900, 1000 y 2000 piezas c\u00e1psulas vac\u00edas resistentes a los gastro<\/div>\n<div>Estas c\u00e1psulas no est\u00e1n destinadas a llenar con l\u00edquidos. Sin embargo, hab\u00eda usuarios que todav\u00eda los utilizaban para este prop\u00f3sito. Despu\u00e9s de su retroalimentaci\u00f3n, el tiempo de descomposici\u00f3n disminuye un poco durante este uso. Sin embargo, todav\u00eda debe ser sorprendentemente largo y suficiente.<\/div>\n<div><\/div>\n<div><strong>Campamentos<\/strong> las c\u00e1psulas vac\u00edas son secas, oscuras y frescas. La temperatura \u00f3ptima est\u00e1 entre 15-25 oC. La humedad relativa debe estar entre 35-65%. Debe evitar grandes fluctuaciones de temperatura.<\/div>\n<div><\/div>\n<div>Aqu\u00ed puede encontrar el <a href=\"https:\/\/shop.nlq24.eu\/wp-content\/uploads\/2018\/09\/Analysezertifkat-s%C3%A4ureresistente-Kapseln-Wiedergabe-Deutsch2.pdf\">certificado de an\u00e1lisis ingl\u00e9s con traducci\u00f3n al alem\u00e1n.<\/a><\/div>\n<div>El fabricante me present\u00f3 las siguientes certificaciones\/licencias:<br \/>\nLicencia para la producci\u00f3n de medicamentos de acuerdo con la ISO 14001:2004<br \/>\nISO 9001:2008<br \/>\nCertificado GMP de NSF para la norma NSF\/ANSI 173 secci\u00f3n 8 para complementos alimenticios<br \/>\nCertificado de archivo maestro de medicamentos (DMF)<br \/>\nCertificado de registro con la FDA (EE.UU.)<br \/>\nCertificado HALAL (Certificado de productor de alimentos Halal)<\/div>\n<div>Si usted es farmac\u00e9utico o distribuidor, solicite precios de reventa.<\/div>\n","protected":false},"excerpt":{"rendered":"<p>C\u00e1psulas vac\u00edas resistentes al jugo g\u00e1strico, tama\u00f1o \u00ab0\u00bb de celulosa (HPMC)<\/p>\n","protected":false},"featured_media":11103,"comment_status":"open","ping_status":"closed","template":"","meta":[],"product_brand":[],"product_cat":[1866,2337],"product_tag":[2744,2742,2743],"class_list":{"0":"post-76463","1":"product","2":"type-product","3":"status-publish","4":"has-post-thumbnail","6":"product_cat-todos-los-productos-resumen","7":"product_cat-magensaftresistente-leerkapseln-es","8":"product_tag-capsulas-vacias-resistentes-a-los-acidos","9":"product_tag-capsulas-vacias","10":"product_tag-capsulas-vacias-resistentes-al-gas","11":"product_shipping_class-1-paquete-de-envio-con-seguimiento","12":"pa_stueck-400-es","13":"pa_stueck-500-es","14":"pa_stueck-600-es","15":"pa_stueck-700-es","16":"pa_stueck-800-es","17":"pa_stueck-900-es","18":"pa_stueck-1000-es","19":"pa_stueck-2000-es","20":"pa_stueck-100-es","21":"pa_stueck-200-es","22":"pa_stueck-300-es","24":"first","25":"outofstock","26":"taxable","27":"shipping-taxable","28":"purchasable","29":"product-type-variable"},"_links":{"self":[{"href":"https:\/\/shop.nlq24.eu\/es\/wp-json\/wp\/v2\/product\/76463","targetHints":{"allow":["GET"]}}],"collection":[{"href":"https:\/\/shop.nlq24.eu\/es\/wp-json\/wp\/v2\/product"}],"about":[{"href":"https:\/\/shop.nlq24.eu\/es\/wp-json\/wp\/v2\/types\/product"}],"replies":[{"embeddable":true,"href":"https:\/\/shop.nlq24.eu\/es\/wp-json\/wp\/v2\/comments?post=76463"}],"wp:featuredmedia":[{"embeddable":true,"href":"https:\/\/shop.nlq24.eu\/es\/wp-json\/wp\/v2\/media\/11103"}],"wp:attachment":[{"href":"https:\/\/shop.nlq24.eu\/es\/wp-json\/wp\/v2\/media?parent=76463"}],"wp:term":[{"taxonomy":"product_brand","embeddable":true,"href":"https:\/\/shop.nlq24.eu\/es\/wp-json\/wp\/v2\/product_brand?post=76463"},{"taxonomy":"product_cat","embeddable":true,"href":"https:\/\/shop.nlq24.eu\/es\/wp-json\/wp\/v2\/product_cat?post=76463"},{"taxonomy":"product_tag","embeddable":true,"href":"https:\/\/shop.nlq24.eu\/es\/wp-json\/wp\/v2\/product_tag?post=76463"}],"curies":[{"name":"wp","href":"https:\/\/api.w.org\/{rel}","templated":true}]}}