{"id":76539,"date":"2021-05-19T09:09:40","date_gmt":"2021-05-19T09:09:40","guid":{"rendered":"https:\/\/shop.nlq24.eu\/?post_type=product&#038;p=76539"},"modified":"2025-06-19T07:32:31","modified_gmt":"2025-06-19T07:32:31","slug":"pipeta-para-botella-de-vidrio-din18-90-mm","status":"publish","type":"product","link":"https:\/\/shop.nlq24.eu\/es\/ producto\/pipeta-para-botella-de-vidrio-din18-90-mm\/","title":{"rendered":"Pipeta para botella de vidrio DIN18, 90 mm negro"},"content":{"rendered":"<p><strong>Pipeta para botella de vidrio DIN18, 90 mm negro<\/strong><\/p>\n<p><strong>Esta pipeta encaja perfectamente en la botella de vidrio DIN18 con volumen de 50 ml.  <\/strong><\/p>\n<p>Para usarlo, s\u00f3lo tiene que atornillar esta pipeta en su botella de vidrio DIN18. Para botellas m\u00e1s peque\u00f1as de 50 ml DIN18, esta pipeta no es adecuada. Tiene una longitud de 90 mm.<\/p>\n<p>El volumen posible por carrera es de aproximadamente <strong>0,6 ml<\/strong>. El cierre est\u00e1 hecho de PE. El fuelle de goma y el tubo de vidrio. El color del fuelle y la cabeza de la pipeta es<strong> negro.<\/strong><\/p>\n<p>Dimensiones: 7,25 x 90 mm<\/p>\n<p>&nbsp;<\/p>\n","protected":false},"excerpt":{"rendered":"<p>Pipeta para botella de vidrio DIN18, 90 mm negro Esta pipeta encaja perfectamente en la botella de vidrio DIN18 con volumen de 50 ml. Para usarlo, s\u00f3lo tiene que atornillar esta pipeta en su botella de vidrio DIN18. Para botellas m\u00e1s peque\u00f1as de 50 ml DIN18, esta pipeta no es adecuada. Tiene una longitud de [&#8230;]\n","protected":false},"featured_media":75934,"comment_status":"open","ping_status":"closed","template":"","meta":[],"product_brand":[],"product_cat":[1866,1876,1883,2323,2333,2359],"product_tag":[2638,2745,2765,2898,3194,3243,3244,2433],"class_list":{"0":"post-76539","1":"product","2":"type-product","3":"status-publish","4":"has-post-thumbnail","6":"product_cat-todos-los-productos-resumen","7":"product_cat-dosificacion-medicion","8":"product_cat-botellas-de-vidrio","9":"product_cat-pipetas","10":"product_cat-cierres-din18-para-botellas-de-vidrio","11":"product_cat-zubehoer-fuer-flaschen","12":"product_tag-vidrio","13":"product_tag-cuentagotas","14":"product_tag-delgado","15":"product_tag-glasflaschen-es","16":"product_tag-mm-es","17":"product_tag-90-mm-es","18":"product_tag-vario-es","19":"product_tag-din18-es","20":"product_shipping_class-1-paquete-de-envio-con-seguimiento","22":"first","23":"instock","24":"taxable","25":"shipping-taxable","26":"purchasable","27":"product-type-simple"},"_links":{"self":[{"href":"https:\/\/shop.nlq24.eu\/es\/wp-json\/wp\/v2\/product\/76539","targetHints":{"allow":["GET"]}}],"collection":[{"href":"https:\/\/shop.nlq24.eu\/es\/wp-json\/wp\/v2\/product"}],"about":[{"href":"https:\/\/shop.nlq24.eu\/es\/wp-json\/wp\/v2\/types\/product"}],"replies":[{"embeddable":true,"href":"https:\/\/shop.nlq24.eu\/es\/wp-json\/wp\/v2\/comments?post=76539"}],"wp:featuredmedia":[{"embeddable":true,"href":"https:\/\/shop.nlq24.eu\/es\/wp-json\/wp\/v2\/media\/75934"}],"wp:attachment":[{"href":"https:\/\/shop.nlq24.eu\/es\/wp-json\/wp\/v2\/media?parent=76539"}],"wp:term":[{"taxonomy":"product_brand","embeddable":true,"href":"https:\/\/shop.nlq24.eu\/es\/wp-json\/wp\/v2\/product_brand?post=76539"},{"taxonomy":"product_cat","embeddable":true,"href":"https:\/\/shop.nlq24.eu\/es\/wp-json\/wp\/v2\/product_cat?post=76539"},{"taxonomy":"product_tag","embeddable":true,"href":"https:\/\/shop.nlq24.eu\/es\/wp-json\/wp\/v2\/product_tag?post=76539"}],"curies":[{"name":"wp","href":"https:\/\/api.w.org\/{rel}","templated":true}]}}