{"id":76591,"date":"2019-01-07T17:00:18","date_gmt":"2019-01-07T17:00:18","guid":{"rendered":"https:\/\/shop.nlq24.eu\/produkt\/frasco-de-hdpe-20-410-con-cuentagotas-pulverizador-inserto-de-pulverizacion\/"},"modified":"2026-02-04T11:18:01","modified_gmt":"2026-02-04T11:18:01","slug":"pe-botellas-blanco-en-variantes","status":"publish","type":"product","link":"https:\/\/shop.nlq24.eu\/es\/ producto\/pe-botellas-blanco-en-variantes\/","title":{"rendered":"Frasco de HDPE 20-410 con cuentagotas, pulverizador, inserto de pulverizaci\u00f3n"},"content":{"rendered":"<p>Esta botella de polietileno de alta densidad 20-410 es de color blanco y ofrece una alta protecci\u00f3n contra la luz para el contenido. Est\u00e1 disponible en diferentes vol\u00famenes. El cierre es un<strong> pulverizador o uno con cierre de cuentagotas, as\u00ed como un inserto de pulverizaci\u00f3n con tapa redonda en la versi\u00f3n de 200 ml.<\/strong>Puede elegir los cierres de cuentagotas en diferentes colores. Puedes elegir entre los colores: <strong>blanco, negro <span style=\"color: #666699;\">o el color especial: plata metalizada.<\/span><\/strong><\/p>\n<p>Estas botellas de pl\u00e1stico est\u00e1n hechas de polietileno (PE) mediante el proceso de inyecci\u00f3n.<br \/>\nEl polietileno (PE) tiene una alta resistencia a \u00e1cidos, \u00e1lcalis y otros productos qu\u00edmicos.<\/p>\n<p>A diferencia de las botellas de PET, tal como las conocemos por el envasado de bebidas, esta botella HDPE 20-410 es m\u00e1s suave y flexible. Puede presionarlos juntos para dosificarlos o vaciarlos. No hay deformaci\u00f3n de la botella, as\u00ed como pliegues, abolladuras, etc. Estas botellas toman su forma original de nuevo despu\u00e9s de apretar.<\/p>\n<p>Las botellas de EP tienen un peso muerto bajo. Esto es especialmente importante cuando se env\u00eda, porque el bajo peso ahorra emisiones. Pero tambi\u00e9n para en la carretera, de vacaciones, y cuando se viaja, esto es muy beneficioso.<\/p>\n<p>La boca de la botella (el hilo) es 20-410.<\/p>\n<p><strong>Las siguientes variantes son posibles:<\/strong><\/p>\n<p><strong>30, 50, 100 o 200 ml<\/strong> Volumen con tapa blanca, negra, plateada o con accesorio de pulverizaci\u00f3n: cabezal de pulverizaci\u00f3n como <strong>botella de pulverizaci\u00f3n<\/strong>.<\/p>\n<p>La versi\u00f3n de 200 ml tambi\u00e9n est\u00e1 disponible con una <strong>plaquita en aerosol.<\/strong> Con esto bien puede <strong>rociar desinfectante.<\/strong> Hay una tapa redonda especial para la plaquita de pulverizaci\u00f3n.<\/p>\n<p>Sin embargo, no hay cierre de seguridad infantil para estas botellas. Si lo necesita, debe mirar las <a href=\"https:\/\/shop.nlq24.eu\/produkt\/pp-flaschen-bruchsicher-halbtransparent-mit-kindersicherheitsverschluss-div-groessen-farben\/\"><strong>botellas semitransparentes y a prueba de roturas del PP.<\/strong><\/p>\n<p><\/a><\/p>\n","protected":false},"excerpt":{"rendered":"<p>Frasco hdpe 20-410 con cuentagotas de colores o pulverizador<\/p>\n","protected":false},"featured_media":10881,"comment_status":"open","ping_status":"closed","template":"","meta":[],"product_brand":[],"product_cat":[1866,1882,1886,2329],"product_tag":[2633,2637,2721,2771,2775,3133,3156,2368,2389],"class_list":{"0":"post-76591","1":"product","2":"type-product","3":"status-publish","4":"has-post-thumbnail","6":"product_cat-todos-los-productos-resumen","7":"product_cat-botellas-tapones-accesorios","8":"product_cat-botellas-hdpe-de-color-solido","9":"product_cat-botellas-de-hdpe-accesorios","10":"product_tag-botella-de-pe","11":"product_tag-botella-de-pulverizador","12":"product_tag-botella","13":"product_tag-hdpe-es","14":"product_tag-punta-de-gotero","15":"product_tag-hdpe-flasche-20-410-es","16":"product_tag-spayerflasche-es","17":"product_tag-20-410-es","18":"product_tag-auftraegerspitze-es","19":"product_shipping_class-1-paquete-de-envio-con-seguimiento","20":"pa_milliliter-100-ml-es","21":"pa_milliliter-30-ml-es","22":"pa_milliliter-50-ml-es","23":"pa_milliliter-200-ml-es","25":"first","26":"instock","27":"taxable","28":"shipping-taxable","29":"purchasable","30":"product-type-variable"},"_links":{"self":[{"href":"https:\/\/shop.nlq24.eu\/es\/wp-json\/wp\/v2\/product\/76591","targetHints":{"allow":["GET"]}}],"collection":[{"href":"https:\/\/shop.nlq24.eu\/es\/wp-json\/wp\/v2\/product"}],"about":[{"href":"https:\/\/shop.nlq24.eu\/es\/wp-json\/wp\/v2\/types\/product"}],"replies":[{"embeddable":true,"href":"https:\/\/shop.nlq24.eu\/es\/wp-json\/wp\/v2\/comments?post=76591"}],"wp:featuredmedia":[{"embeddable":true,"href":"https:\/\/shop.nlq24.eu\/es\/wp-json\/wp\/v2\/media\/10881"}],"wp:attachment":[{"href":"https:\/\/shop.nlq24.eu\/es\/wp-json\/wp\/v2\/media?parent=76591"}],"wp:term":[{"taxonomy":"product_brand","embeddable":true,"href":"https:\/\/shop.nlq24.eu\/es\/wp-json\/wp\/v2\/product_brand?post=76591"},{"taxonomy":"product_cat","embeddable":true,"href":"https:\/\/shop.nlq24.eu\/es\/wp-json\/wp\/v2\/product_cat?post=76591"},{"taxonomy":"product_tag","embeddable":true,"href":"https:\/\/shop.nlq24.eu\/es\/wp-json\/wp\/v2\/product_tag?post=76591"}],"curies":[{"name":"wp","href":"https:\/\/api.w.org\/{rel}","templated":true}]}}