{"id":76608,"date":"2021-05-22T18:13:28","date_gmt":"2021-05-22T18:13:28","guid":{"rendered":"https:\/\/shop.nlq24.eu\/?post_type=product&#038;p=76608"},"modified":"2025-06-19T07:32:25","modified_gmt":"2025-06-19T07:32:25","slug":"messbecher-1000-ml-es","status":"publish","type":"product","link":"https:\/\/shop.nlq24.eu\/es\/ producto\/messbecher-1000-ml-es\/","title":{"rendered":"Jarra medidora de 1000 ml"},"content":{"rendered":"<p>Este vaso medidor de 1000 ml es ideal para dosificar, medir y mezclar hasta un volumen de 1000 ml.<\/p>\n<p>Muchas tazas de medir de uso dom\u00e9stico son escandalosamente inexactas. Esto es especialmente problem\u00e1tico en el \u00e1mbito de las mediciones qu\u00edmicas. Sin embargo, este vaso medidor le proporciona una escala muy precisa para medir.<\/p>\n<h3>Material del vaso medidor 1000 ml<\/h3>\n<p>La copa de medici\u00f3n est\u00e1 hecha <strong>de PP duradero<\/strong> y, por lo tanto, casi <strong>irrompible.<\/strong><\/p>\n<p>El material es <strong>muy transparente<\/strong> seg\u00fan la norma DIN 12.311 y permite una buena visi\u00f3n del material de relleno. Esto hace que el control de calidad visual durante el llenado sea muy f\u00e1cil. Tiene una superficie lisa y es universalmente utilizable. Debido a su alta resistencia, tambi\u00e9n es adecuado para CDH3000, DMSO, MKB, DMKB y muchos otros l\u00edquidos. Adem\u00e1s de su uso en el laboratorio, tambi\u00e9n se utiliza, por supuesto, en la industria, la artesan\u00eda, las cocinas y los establecimientos de restauraci\u00f3n a gran escala. Su ayudante preciso cuando se trata de medir con exactitud.<\/p>\n<p>La escala azul, resistente a los productos qu\u00edmicos, tiene una escala gruesa<strong>en pasos de 50 ml<\/strong>.<\/p>\n<p>La taza tambi\u00e9n se utiliza para la desinfecci\u00f3n caliente hasta al m\u00e1ximo. 135 \u00b0C durante un m\u00e1ximo de 20 minutos y, por lo tanto, es autoclavable.<\/p>\n<ul>\n<li><strong>La capacidad<\/strong> es de 1000 ml El vaso medidor tiene una altura de <strong>148 mm<\/strong>.<\/li>\n<li><strong>El di\u00e1metro exterior<\/strong> de la llanta es de 115 mm.<\/li>\n<li><strong>Con un peso de 87 g<\/strong>, se adapta bien a la mano.<\/li>\n<li>\n<\/li>\n<\/ul>\n","protected":false},"excerpt":{"rendered":"<p>Jarra medidora de 1000 ml.<\/p>\n","protected":false},"featured_media":44871,"comment_status":"open","ping_status":"closed","template":"","meta":[],"product_brand":[],"product_cat":[1866,2324],"product_tag":[3247,2467,2739,3139,3140,3238],"class_list":{"0":"post-76608","1":"product","2":"type-product","3":"status-publish","4":"has-post-thumbnail","6":"product_cat-todos-los-productos-resumen","7":"product_cat-jarra-medidora","8":"product_tag-jarra-medidora-de-1000-ml","9":"product_tag-dosierbecher-es","10":"product_tag-tazas-de-medicion","11":"product_tag-kueche-es","12":"product_tag-labor-es","13":"product_tag-irrompible","14":"product_shipping_class-1-paquete-de-envio-con-seguimiento","16":"first","17":"instock","18":"taxable","19":"shipping-taxable","20":"purchasable","21":"product-type-simple"},"_links":{"self":[{"href":"https:\/\/shop.nlq24.eu\/es\/wp-json\/wp\/v2\/product\/76608","targetHints":{"allow":["GET"]}}],"collection":[{"href":"https:\/\/shop.nlq24.eu\/es\/wp-json\/wp\/v2\/product"}],"about":[{"href":"https:\/\/shop.nlq24.eu\/es\/wp-json\/wp\/v2\/types\/product"}],"replies":[{"embeddable":true,"href":"https:\/\/shop.nlq24.eu\/es\/wp-json\/wp\/v2\/comments?post=76608"}],"wp:featuredmedia":[{"embeddable":true,"href":"https:\/\/shop.nlq24.eu\/es\/wp-json\/wp\/v2\/media\/44871"}],"wp:attachment":[{"href":"https:\/\/shop.nlq24.eu\/es\/wp-json\/wp\/v2\/media?parent=76608"}],"wp:term":[{"taxonomy":"product_brand","embeddable":true,"href":"https:\/\/shop.nlq24.eu\/es\/wp-json\/wp\/v2\/product_brand?post=76608"},{"taxonomy":"product_cat","embeddable":true,"href":"https:\/\/shop.nlq24.eu\/es\/wp-json\/wp\/v2\/product_cat?post=76608"},{"taxonomy":"product_tag","embeddable":true,"href":"https:\/\/shop.nlq24.eu\/es\/wp-json\/wp\/v2\/product_tag?post=76608"}],"curies":[{"name":"wp","href":"https:\/\/api.w.org\/{rel}","templated":true}]}}