{"id":76644,"date":"2021-05-26T13:01:32","date_gmt":"2021-05-26T13:01:32","guid":{"rendered":"https:\/\/shop.nlq24.eu\/?post_type=product&#038;p=76644"},"modified":"2025-05-12T08:22:47","modified_gmt":"2025-05-12T08:22:47","slug":"sujetador-prueba-nino-pp28-negro","status":"publish","type":"product","link":"https:\/\/shop.nlq24.eu\/es\/ producto\/sujetador-prueba-nino-pp28-negro\/","title":{"rendered":"Cierre, a prueba de ni\u00f1os para botella de vidrio PP28 negro"},"content":{"rendered":"<p><u><strong>Cierre, a prueba de ni\u00f1os para botellas de vidrio PP28<\/strong><\/u><\/p>\n<div>Este cierre tiene una junta de espuma de PE y un cierre de seguridad para ni\u00f1os.<\/div>\n<div><\/div>\n<div>Para abrir la botella, presione la tapa. Solo entonces gire la tapa para abrirla. <\/div>\n<div>La tapa le ofrece una estanqueidad \u00f3ptima, incluso cuando est\u00e1 en movimiento. Esto le brinda una buena protecci\u00f3n para el contenido. <\/div>\n<div><\/div>\n<h3>Idoneidad:<\/h3>\n<div>La tapa es adecuada para botellas PP 28 de vidrio o tambi\u00e9n de PET en los tama\u00f1os de 250, 500 y 1000 ml. Tambi\u00e9n puedes comprar las botellas vac\u00edas de vidrio <a href=\"https:\/\/shop.nlq24.eu\/produkt\/glasflasche-pp28-verschiedene-groessen-und-zubehoer\/\">aqu\u00ed<\/a> en la tienda.<\/div>\n<div><\/div>\n<h3>Accesorio de dosificaci\u00f3n disponible<\/h3>\n<div>Para reducir el di\u00e1metro de las botellas de PP28 en el cuello, puede combinarlo con este<strong><a href=\"https:\/\/shop.nlq24.eu\/de\/produkt\/doser-einsatz-fuer-doser-system\/\"> inserto Doser<\/a><\/strong> .<\/div>\n<div>El inserto Doser y este cierre a prueba de ni\u00f1os PP28 est\u00e1n emparejados entre s\u00ed, por lo que la estanqueidad se da cuando se usa el inserto Doser.<\/div>\n<div><\/div>\n<div>Es posible que tambi\u00e9n necesite este<strong><a href=\"https:\/\/shop.nlq24.eu\/es\/ producto\/doser-cdh-doser-10-ml-es\/\"> sistema de dosificaci\u00f3n<\/a><\/strong> completo. Contiene todo lo que necesitas para dosificar de forma limpia. <\/div>\n<div>\u00bfO est\u00e1 buscando una botella de vidrio completa con un sistema dosificador, como esta <strong><a href=\"https:\/\/shop.nlq24.eu\/es\/Produkt\/botella-del-sistema-dosificador\/\">botella con sistema dosificador<\/a><\/strong>?<\/div>\n<div><\/div>\n<div>El candado de seguridad para ni\u00f1os tambi\u00e9n est\u00e1 disponible <a href=\"https:\/\/shop.nlq24.eu\/es\/Produkt\/cierre-a-prueba-de-ninos-para-vidrio-botella-pp28-gran-apertura\/\">AQU\u00cd en color blanco<\/a>.<\/div>\n","protected":false},"excerpt":{"rendered":"<p><u><strong>Cierre, a prueba de ni\u00f1os para botellas de vidrio PP28, negro<\/strong><\/u><\/p>\n","protected":false},"featured_media":88209,"comment_status":"open","ping_status":"closed","template":"","meta":[],"product_brand":[],"product_cat":[1866,1883,2334,2359],"product_tag":[3136,3255,3256,2446,2770,2945],"class_list":{"0":"post-76644","1":"product","2":"type-product","3":"status-publish","4":"has-post-thumbnail","6":"product_cat-todos-los-productos-resumen","7":"product_cat-botellas-de-vidrio","8":"product_cat-tapones-para-botellas-de-vidrio-pp28","9":"product_cat-zubehoer-fuer-flaschen","10":"product_tag-kindersicherheitsverschluss-pp28-es","11":"product_tag-kisi-negro","12":"product_tag-cierre-a-prueba-de-ninos","13":"product_tag-deckel-fuer-pp28-glasflaschen-es","14":"product_tag-cerradura","15":"product_tag-pp28-es","16":"product_shipping_class-1-paquete-de-envio-con-seguimiento","18":"first","19":"instock","20":"taxable","21":"shipping-taxable","22":"purchasable","23":"product-type-simple"},"_links":{"self":[{"href":"https:\/\/shop.nlq24.eu\/es\/wp-json\/wp\/v2\/product\/76644","targetHints":{"allow":["GET"]}}],"collection":[{"href":"https:\/\/shop.nlq24.eu\/es\/wp-json\/wp\/v2\/product"}],"about":[{"href":"https:\/\/shop.nlq24.eu\/es\/wp-json\/wp\/v2\/types\/product"}],"replies":[{"embeddable":true,"href":"https:\/\/shop.nlq24.eu\/es\/wp-json\/wp\/v2\/comments?post=76644"}],"wp:featuredmedia":[{"embeddable":true,"href":"https:\/\/shop.nlq24.eu\/es\/wp-json\/wp\/v2\/media\/88209"}],"wp:attachment":[{"href":"https:\/\/shop.nlq24.eu\/es\/wp-json\/wp\/v2\/media?parent=76644"}],"wp:term":[{"taxonomy":"product_brand","embeddable":true,"href":"https:\/\/shop.nlq24.eu\/es\/wp-json\/wp\/v2\/product_brand?post=76644"},{"taxonomy":"product_cat","embeddable":true,"href":"https:\/\/shop.nlq24.eu\/es\/wp-json\/wp\/v2\/product_cat?post=76644"},{"taxonomy":"product_tag","embeddable":true,"href":"https:\/\/shop.nlq24.eu\/es\/wp-json\/wp\/v2\/product_tag?post=76644"}],"curies":[{"name":"wp","href":"https:\/\/api.w.org\/{rel}","templated":true}]}}