{"id":76837,"date":"2021-06-08T11:13:17","date_gmt":"2021-06-08T11:13:17","guid":{"rendered":"https:\/\/shop.nlq24.eu\/?post_type=product&#038;p=76837"},"modified":"2025-07-01T07:03:40","modified_gmt":"2025-07-01T07:03:40","slug":"cierre-cubierta-pp28-rojo","status":"publish","type":"product","link":"https:\/\/shop.nlq24.eu\/es\/ producto\/cierre-cubierta-pp28-rojo\/","title":{"rendered":"Tapa de cierre, PP28 rojo con inserto de sellado"},"content":{"rendered":"<p>Esta tapa de cierre, PP28 en 28 mm en <span style=\"color: #ff0000;\"><br \/>\n  <strong>rojo<\/strong><br \/>\n<\/span> es adecuada para el sistema dosificador PP28.<\/p>\n<p>Se trata de un tap\u00f3n de rosca con un anillo de sujeci\u00f3n de originalidad. Despu\u00e9s de cerrar la botella por primera vez, se desgarra por primera vez. Por lo tanto, es visible si la botella ya se ha abierto.<\/p>\n<p>La incrustaci\u00f3n de densidad en la tapa est\u00e1 hecha de espuma de PE muy resistente. Le ofrece buenas propiedades de sellado para la mayor\u00eda de los l\u00edquidos. Esta es tambi\u00e9n la raz\u00f3n por la que esta tapa se puede utilizar para soluciones de di\u00f3xido de cloro &lt; 0.3%.<\/p>\n<p>El cierre se adapta no s\u00f3lo a botellas de vidrio con hilos PP28, sino tambi\u00e9n a botellas de PET de este tama\u00f1o de hilo.<\/p>\n<h3>Datos t\u00e9cnicos de la cubierta de cierre PP28 para sistema dosificador:<\/h3>\n<p>Material: PP &#8211; resistente<br \/>\nColor: <span style=\"color: #ff0000;\">rojo<\/span><br \/>\nBozal\/Rosca: 28 mm (PP28)<br \/>\nDise\u00f1o: con anillo de calidad \/ anillo de desgarro<br \/>\nSello: Disco PEP<\/p>\n<p>A juego con el cierre, tambi\u00e9n existe el <strong><br \/>\n  <a href=\"https:\/\/shop.nlq24.eu\/es\/ producto\/doser-cdh-doser-10-ml-es\/\">sistema Doser<\/a><br \/>\n<\/strong>, un <strong><br \/>\n  <a href=\"https:\/\/shop.nlq24.eu\/de\/produkt\/doser-einsatz-fuer-doser-system\/\">inserto dosificador<\/a><br \/>\n<\/strong> para reducir el tama\u00f1o de la abertura. Esto incluso permite una gota del l\u00edquido de una botella PP28.<\/p>\n<p>Localice las botellas que est\u00e1n directamente equipadas con el sistema Doser, elija esta <strong> <a href=\"https:\/\/shop.nlq24.eu\/es\/Produkt\/botella-del-sistema-dosificador\/\">botella del sistema dosificador.<\/a><\/strong><\/p>\n","protected":false},"excerpt":{"rendered":"<p>Tapa de cierre, PP28 mm rojo con inserto de densidad<\/p>\n","protected":false},"featured_media":76840,"comment_status":"open","ping_status":"closed","template":"","meta":[],"product_brand":[],"product_cat":[1882,2317,2320,2326,2334,2359],"product_tag":[3213,3214],"class_list":{"0":"post-76837","1":"product","2":"type-product","3":"status-publish","4":"has-post-thumbnail","6":"product_cat-botellas-tapones-accesorios","7":"product_cat-cdh-components-es","8":"product_cat-botellas-de-vidrio-pp28","9":"product_cat-dosificador-para-botellas-pp28","10":"product_cat-tapones-para-botellas-de-vidrio-pp28","11":"product_cat-zubehoer-fuer-flaschen","12":"product_tag-cierre-pp28","13":"product_tag-cierre-28-mm","15":"first","16":"instock","17":"taxable","18":"shipping-taxable","19":"purchasable","20":"product-type-simple"},"_links":{"self":[{"href":"https:\/\/shop.nlq24.eu\/es\/wp-json\/wp\/v2\/product\/76837","targetHints":{"allow":["GET"]}}],"collection":[{"href":"https:\/\/shop.nlq24.eu\/es\/wp-json\/wp\/v2\/product"}],"about":[{"href":"https:\/\/shop.nlq24.eu\/es\/wp-json\/wp\/v2\/types\/product"}],"replies":[{"embeddable":true,"href":"https:\/\/shop.nlq24.eu\/es\/wp-json\/wp\/v2\/comments?post=76837"}],"wp:featuredmedia":[{"embeddable":true,"href":"https:\/\/shop.nlq24.eu\/es\/wp-json\/wp\/v2\/media\/76840"}],"wp:attachment":[{"href":"https:\/\/shop.nlq24.eu\/es\/wp-json\/wp\/v2\/media?parent=76837"}],"wp:term":[{"taxonomy":"product_brand","embeddable":true,"href":"https:\/\/shop.nlq24.eu\/es\/wp-json\/wp\/v2\/product_brand?post=76837"},{"taxonomy":"product_cat","embeddable":true,"href":"https:\/\/shop.nlq24.eu\/es\/wp-json\/wp\/v2\/product_cat?post=76837"},{"taxonomy":"product_tag","embeddable":true,"href":"https:\/\/shop.nlq24.eu\/es\/wp-json\/wp\/v2\/product_tag?post=76837"}],"curies":[{"name":"wp","href":"https:\/\/api.w.org\/{rel}","templated":true}]}}