{"id":76913,"date":"2019-01-19T21:46:15","date_gmt":"2019-01-19T21:46:15","guid":{"rendered":"https:\/\/shop.nlq24.eu\/produkt\/aceite-de-cuidado-de-la-piel-repelente-de-insectos-mosquitos\/"},"modified":"2025-11-15T21:23:35","modified_gmt":"2025-11-15T21:23:35","slug":"muecken-insect-protection-skin-careoel","status":"publish","type":"product","link":"https:\/\/shop.nlq24.eu\/es\/ producto\/muecken-insect-protection-skin-careoel\/","title":{"rendered":"Aceite de cuidado de la piel repelente de insectos mosquitos"},"content":{"rendered":"<div>\n<p>Por cierto, a los insectos no les gusta este aceite para el cuidado de la piel de lim\u00f3n y eucalipto \ud83d\ude09 .<\/p>\n<p>Este valioso aceite es producido por la empresa Naturgut en Alemania.<\/p>\n<p>&nbsp;<\/p>\n<h3>Con los aceites org\u00e1nicos particularmente valiosos para el cuidado de la piel, el aceite de arg\u00e1n y el aceite de onagra<\/h3>\n<p>Nutre tu piel simplemente aplic\u00e1ndolo ligeramente. Este aceite ha sido especialmente desarrollado para el sector outdoor. Este eficaz aceite para el cuidado de la piel tambi\u00e9n tiene un alto contenido de \u00e1cido oleico y \u00e1cido linoleico que nutren la piel. Esto deja la piel con una sensaci\u00f3n de flexibilidad. La fragancia natural consiste en aceite esencial y aporta una eficaz bola protectora de fragancia natural. Adem\u00e1s, simplemente mantiene la piel higi\u00e9nica. \u00a1Y todo esto sin colorantes ni conservantes!<\/p>\n<p>Una exquisita selecci\u00f3n de aceites de cuidado para la protecci\u00f3n y cuidado de la piel tambi\u00e9n incluye aceite de coco. Tiene un efecto calmante sobre la piel y huele agradable. El aceite de girasol, suave y nutritivo, se absorbe r\u00e1pidamente y protege la piel.<\/p>\n<p>El ingrediente activo de la planta pura PMD 19 de eucalipto de lim\u00f3n, tiene un aroma naturalmente fresco y c\u00edtrico y mantiene peque\u00f1os esp\u00edritus de plaga a distancia<\/p>\n<p>La fragancia vitalizante tiene muchas propiedades positivas para los seres humanos.<\/p>\n<p>&nbsp;<\/p>\n<p><b><br \/>\n  <strong>Aplicaci\u00f3n<\/strong><br \/>\n<\/b>: Agitar antes de su uso. Aplique el aceite para el cuidado de la piel en una fina y masajee ligeramente la piel.<\/p>\n<\/div>\n<div><\/div>\n<h3 class=\"Normal\"><strong><span class=\"tm5\">Variantes disponibles:<\/span><\/strong><\/h3>\n<p class=\"Normal\"><strong><span class=\"tm5\"><br \/>\n<\/span><\/strong>botella de 100 ml con cabezal de pulverizaci\u00f3n o<\/p>\n<p class=\"Normal\">Palillo enrollable de 50 ml<\/p>\n<p>Tambi\u00e9n uso esta maravillosa combinaci\u00f3n yo mismo y estoy muy satisfecho con ella. Me llev\u00f3 en ese entonces a Suecia<\/p>\n","protected":false},"excerpt":{"rendered":"<p>Aceite para el cuidado de la piel de eucalipto y lim\u00f3n<\/p>\n","protected":false},"featured_media":79369,"comment_status":"open","ping_status":"closed","template":"","meta":[],"product_brand":[],"product_cat":[1866,2360],"product_tag":[3144,3169,3186],"class_list":{"0":"post-76913","1":"product","2":"type-product","3":"status-publish","4":"has-post-thumbnail","6":"product_cat-todos-los-productos-resumen","7":"product_cat-aetherische-oele-es","8":"product_tag-mueckenschutz-es","9":"product_tag-stechmuecken-es","10":"product_tag-zeckenschutz-es","11":"product_shipping_class-1-paquete-de-envio-con-seguimiento","13":"first","14":"instock","15":"taxable","16":"shipping-taxable","17":"purchasable","18":"product-type-variable","19":"has-default-attributes"},"_links":{"self":[{"href":"https:\/\/shop.nlq24.eu\/es\/wp-json\/wp\/v2\/product\/76913","targetHints":{"allow":["GET"]}}],"collection":[{"href":"https:\/\/shop.nlq24.eu\/es\/wp-json\/wp\/v2\/product"}],"about":[{"href":"https:\/\/shop.nlq24.eu\/es\/wp-json\/wp\/v2\/types\/product"}],"replies":[{"embeddable":true,"href":"https:\/\/shop.nlq24.eu\/es\/wp-json\/wp\/v2\/comments?post=76913"}],"wp:featuredmedia":[{"embeddable":true,"href":"https:\/\/shop.nlq24.eu\/es\/wp-json\/wp\/v2\/media\/79369"}],"wp:attachment":[{"href":"https:\/\/shop.nlq24.eu\/es\/wp-json\/wp\/v2\/media?parent=76913"}],"wp:term":[{"taxonomy":"product_brand","embeddable":true,"href":"https:\/\/shop.nlq24.eu\/es\/wp-json\/wp\/v2\/product_brand?post=76913"},{"taxonomy":"product_cat","embeddable":true,"href":"https:\/\/shop.nlq24.eu\/es\/wp-json\/wp\/v2\/product_cat?post=76913"},{"taxonomy":"product_tag","embeddable":true,"href":"https:\/\/shop.nlq24.eu\/es\/wp-json\/wp\/v2\/product_tag?post=76913"}],"curies":[{"name":"wp","href":"https:\/\/api.w.org\/{rel}","templated":true}]}}