{"id":76914,"date":"2018-09-16T12:01:43","date_gmt":"2018-09-16T12:01:43","guid":{"rendered":"https:\/\/shop.nlq24.eu\/produkt\/cdh-starter-set-botella-del-sistema-dosificador-para-500-ml-dosificador-conjunto-de-dioxido-de-cloro-30-ml-taza-de-medicion\/"},"modified":"2026-04-02T18:33:50","modified_gmt":"2026-04-02T18:33:50","slug":"cdh-starter-set","status":"publish","type":"product","link":"https:\/\/shop.nlq24.eu\/es\/ producto\/cdh-starter-set\/","title":{"rendered":"CDH Starter Set &#8211; Botella del sistema dosificador para 500 ml, dosificador, conjunto de di\u00f3xido de cloro 30 ml + taza de medici\u00f3n"},"content":{"rendered":"<p class=\"Normal\">Este set de iniciaci\u00f3n CDH &#8211; botella del sistema dosificador para 500 ml, dosificador, set de di\u00f3xido de cloro 30 ml + vaso medidor contiene:<\/p>\n<p class=\"Normal\">1 x botella de vidrio \u00e1mbar de 500 ml de volumen, inserci\u00f3n de lata, tap\u00f3n de seguridad para ni\u00f1os, es decir, una <strong><span class=\"tm5\">\u00abBotella del sistema dosificador<\/span><\/strong>\u00ab.<br \/>\n1 Dosificador para dispensar y medir.<br \/>\n30 ml de soluci\u00f3n de clorito s\u00f3dico al 25 % en botella de HDPE<br \/>\n30 ml de soluci\u00f3n de \u00e1cido clorh\u00eddrico al 4 % en botella de HDPE<br \/>\n1 vaso medidor de 30 mm.<\/p>\n<p>&nbsp;<\/p>\n<p class=\"Normal\"><strong>Utiliza los productos qu\u00edmicos del CD Starter Set con cuidado y lee siempre la etiqueta y la informaci\u00f3n del producto antes de usarlo.<\/strong><\/p>\n<div>\n<p><span class=\"style7\"><strong>Clorito s\u00f3dico 25<\/strong><strong><br \/>\n<\/strong><strong><img loading=\"lazy\" decoding=\"async\" class=\"alignnone wp-image-34427\" src=\"https:\/\/shop.nlq24.eu\/wp-content\/uploads\/2019\/01\/Achtung-Gefahrzeichen-Pictogram.jpg\" alt=\"Atenci\u00f3n\" width=\"69\" height=\"69\"><br \/>\nAtenci\u00f3n <\/strong> <\/span><\/p>\n<\/div>\n<p class=\"Standard_1\"><span class=\"tm6\">Instrucciones de peligro y seguridad:<\/span><\/p>\n<p class=\"Standard_1\"><span class=\"tm6\">Lea siempre la etiqueta + informaci\u00f3n del producto antes de usar.<\/span><\/p>\n<p class=\"Standard_1\"><span class=\"tm6\">Desarrollado en contacto con gases \u00e1cidos muy t\u00f3xicos. Da\u00f1ino si se traga. Provoca irritaci\u00f3n ocular grave. Nocivo por inhalaci\u00f3n. No inhale gas\/niebla\/vapor\/aerosol. No debe ponerse en manos de ni\u00f1os.<\/span><\/p>\n<p class=\"Standard_1\"><span class=\"tm6\">Use guantes\/ropa de protecci\u00f3n, protecci\u00f3n ocular\/protecci\u00f3n facial. Almacene solo en su embalaje original bajo llave. En caso de ingesti\u00f3n: Llame a un centro de control de intoxicaciones o a un m\u00e9dico de inmediato.  En caso de contacto con los ojos: Enjuagar suavemente con agua durante unos minutos. Qu\u00edtese las lentes de contacto si es posible. Contin\u00fae enjuagando. Si se requiere consejo m\u00e9dico, tenga a mano la etiqueta de identificaci\u00f3n.<\/span><\/p>\n<p class=\"Standard_1\"><span class=\"tm8\">Esta mezcla no contiene ninguna sustancia que se eval\u00fae como sustancias PBT o mPmB.<\/span><\/p>\n<hr>\n<div>\n<p><span class=\"style7\"><strong>\u00c1cido clorh\u00eddrico 4%:<br \/>\n<\/strong><strong><img loading=\"lazy\" decoding=\"async\" class=\"alignnone wp-image-34427\" src=\"https:\/\/shop.nlq24.eu\/wp-content\/uploads\/2019\/01\/Achtung-Gefahrzeichen-Pictogram.jpg\" alt=\"Atenci\u00f3n\" width=\"68\" height=\"68\"><br \/>\nAtenci\u00f3n <\/strong><\/span><\/p>\n<p>Puede ser corrosivo para los metales. Provoca irritaci\u00f3n cut\u00e1nea. Provoca irritaci\u00f3n ocular grave. En caso de contacto con los ojos: Enjuague cuidadosamente con agua durante varios minutos. Qu\u00edtese las lentes de contacto existentes si es posible. Contin\u00fae enjuagando. Si se traga: Enjuague la boca. No induzca el v\u00f3mito. Use guantes protectores\/ropa protectora\/protecci\u00f3n para los ojos\/protecci\u00f3n para la cara.<\/p>\n<\/div>\n","protected":false},"excerpt":{"rendered":"<p>CDH Starter Set &#8211; Botella del sistema Dosificador para 500 ml, Dosificador, set de di\u00f3xido de cloro 30 ml + vaso medidor<b><br \/>\n<span class=\"style7\"><strong>Utiliza la soluci\u00f3n de di\u00f3xido de cloro CDH con cuidado y lee siempre la etiqueta y la informaci\u00f3n sobre el producto antes de usarlo. <\/strong><\/span><br \/>\n<\/b> <\/p>\n<p>&nbsp;<\/p>\n","protected":false},"featured_media":10641,"comment_status":"open","ping_status":"closed","template":"","meta":[],"product_brand":[],"product_cat":[1866,2317],"product_tag":[3168,1226,2406,2413,2414,2415],"class_list":{"0":"post-76914","1":"product","2":"type-product","3":"status-publish","4":"has-post-thumbnail","6":"product_cat-todos-los-productos-resumen","7":"product_cat-cdh-components-es","8":"product_tag-starterset-es","9":"product_tag-cdh-es","10":"product_tag-cdh-komponenten-es","11":"product_tag-cdh-starter-set-es","12":"product_tag-cdh-zubehoer-es","13":"product_tag-cdh-selbst-machen-es","14":"product_shipping_class-1-paquete-de-envio-con-seguimiento","16":"first","17":"instock","18":"taxable","19":"shipping-taxable","20":"purchasable","21":"product-type-variable"},"_links":{"self":[{"href":"https:\/\/shop.nlq24.eu\/es\/wp-json\/wp\/v2\/product\/76914","targetHints":{"allow":["GET"]}}],"collection":[{"href":"https:\/\/shop.nlq24.eu\/es\/wp-json\/wp\/v2\/product"}],"about":[{"href":"https:\/\/shop.nlq24.eu\/es\/wp-json\/wp\/v2\/types\/product"}],"replies":[{"embeddable":true,"href":"https:\/\/shop.nlq24.eu\/es\/wp-json\/wp\/v2\/comments?post=76914"}],"wp:featuredmedia":[{"embeddable":true,"href":"https:\/\/shop.nlq24.eu\/es\/wp-json\/wp\/v2\/media\/10641"}],"wp:attachment":[{"href":"https:\/\/shop.nlq24.eu\/es\/wp-json\/wp\/v2\/media?parent=76914"}],"wp:term":[{"taxonomy":"product_brand","embeddable":true,"href":"https:\/\/shop.nlq24.eu\/es\/wp-json\/wp\/v2\/product_brand?post=76914"},{"taxonomy":"product_cat","embeddable":true,"href":"https:\/\/shop.nlq24.eu\/es\/wp-json\/wp\/v2\/product_cat?post=76914"},{"taxonomy":"product_tag","embeddable":true,"href":"https:\/\/shop.nlq24.eu\/es\/wp-json\/wp\/v2\/product_tag?post=76914"}],"curies":[{"name":"wp","href":"https:\/\/api.w.org\/{rel}","templated":true}]}}