{"id":76992,"date":"2021-06-17T09:36:07","date_gmt":"2021-06-17T09:36:07","guid":{"rendered":"https:\/\/shop.nlq24.eu\/?post_type=product&#038;p=76992"},"modified":"2025-06-19T07:41:07","modified_gmt":"2025-06-19T07:41:07","slug":"avispa-parada","status":"publish","type":"product","link":"https:\/\/shop.nlq24.eu\/es\/ producto\/avispa-parada\/","title":{"rendered":"Avispas Parada 10 ml"},"content":{"rendered":"<div>\n<h3 class=\"tm5 tm6\"><strong><span class=\"tm7\">Wasp Stop 10 ml<\/span><\/strong><\/h3>\n<p class=\"Normal tm5 tm8\"><strong><span class=\"tm10\">Repelente para mantenerse alejado de las avispas<\/span><\/strong><\/p>\n<p class=\"Normal tm5 tm8\"><span class=\"tm9\">El verano es tambi\u00e9n la \u00e9poca de las avispas. Se sienten atra\u00eddos principalmente por los alimentos dulces, especialmente si quieres comer al aire libre. Pero tambi\u00e9n los alimentos que contienen prote\u00ednas y la carne a la parrilla son particularmente tentadores para estos peque\u00f1os animales.<\/span><\/p>\n<p class=\"Normal tm5 tm8\"><span class=\"tm9\">Si uno golpea despu\u00e9s de que usted para expulsarlos, pueden llegar a ser r\u00e1pidamente agresivos. Y si no tiene cuidado, puede conducir a puntos de sutura dolorosos. Para algunos, estos pueden tener consecuencias peligrosas.  <\/span><\/p>\n<p class=\"Normal tm5 tm8\"><span class=\"tm9\"> <\/span><\/p>\n<p class=\"Normal tm5 tm8\"><span class=\"tm9\">Para evitar esto y disfrutar de un relajante d\u00eda al aire libre, est\u00e1 la Parada de Avispas NaturGut. Sus ingredientes naturales consisten en<\/span> <strong><span class=\"tm10\">El clavo y el aceite de lim\u00f3n<\/span><\/p>\n<p><\/strong> suelen mantener las <span class=\"tm9\">avispas a gran distancia, sin da\u00f1arlas.<\/span><\/p>\n<p class=\"Normal tm5 tm8\"><span class=\"tm9\">La aplicaci\u00f3n de avispas Stop es muy sencilla. Basta con poner 5ml del concentrado en un cubo perfumado o un pedazo de madera y ponerlo en una almohadilla que no le importa el aceite.<\/span><\/p>\n<p class=\"Normal tm5 tm8\"><span class=\"tm9\"> <\/span><\/p>\n<p class=\"Normal tm5 tm8\">Los siguientes ingredientes est\u00e1n incluidos en <span class=\"tm9\">la parada de avispas:<\/span> <span class=\"tm9\">aceite de hoja de clavo, aceite de lim\u00f3n, extracto de Lavandula hybrida<\/span> <span class=\"tm11\">5.5% (V \/ V)<\/span><\/p>\n<p class=\"Normal tm5 tm8\"><strong><span class=\"tm10\">Repelente N-51206<\/span><span class=\"tm12\"><br \/>\n<\/span><span class=\"tm10\">Use los productos biocidas con precauci\u00f3n. Siempre lea la etiqueta y la informaci\u00f3n del producto antes de usarlo.<\/span><\/strong><\/p>\n<p><b>Clasificaci\u00f3n seg\u00fan el Reglamento CLP<\/b><\/p>\n<table class=\"lenz-clp-table\">\n<tbody>\n<tr>\n<td>S\u00edmbolos<\/td>\n<td>\n<table class=\"lenz-clp-table-symbol-table\">\n<tbody>\n<tr>\n<td class=\"symbol-image\"><img decoding=\"async\" title=\"GHS02: Llama\" src=\"https:\/\/naturgut.de\/custom\/plugins\/LenzCLP\/Resources\/views\/frontend\/_public\/src\/img\/lenz_clp\/60\/ghs02.gif\" alt=\"GHS02: Llama\"><\/td>\n<td class=\"symbol-name\">GHS02: Llama<\/td>\n<\/tr>\n<tr>\n<td class=\"symbol-image\"><img decoding=\"async\" title=\"GHS07: s\u00edmbolo de signo de exclamaci\u00f3n grueso\" src=\"https:\/\/naturgut.de\/custom\/plugins\/LenzCLP\/Resources\/views\/frontend\/_public\/src\/img\/lenz_clp\/60\/ghs07.gif\" alt=\"GHS07: s\u00edmbolo de signo de exclamaci\u00f3n grueso\"><\/td>\n<td class=\"symbol-name\">GHS07: s\u00edmbolo de signo de exclamaci\u00f3n grueso<\/td>\n<\/tr>\n<tr>\n<td class=\"symbol-image\"><img decoding=\"async\" title=\"GHS09: Medio ambiente\" src=\"https:\/\/naturgut.de\/custom\/plugins\/LenzCLP\/Resources\/views\/frontend\/_public\/src\/img\/lenz_clp\/60\/ghs09.gif\" alt=\"GHS09: Medio ambiente\"><\/td>\n<td class=\"symbol-name\">GHS09: Medio ambiente<\/td>\n<\/tr>\n<\/tbody>\n<\/table>\n<\/td>\n<\/tr>\n<\/tbody>\n<\/table>\n<p>&nbsp;<\/p>\n<p>L\u00edquido e vapor inflamable. Provoca irritaci\u00f3n cut\u00e1nea. Puede causar reacciones al\u00e9rgicas en la piel. Provoca irritaci\u00f3n ocular grave. T\u00f3xico para los organismos acu\u00e1ticos, con efecto a largo plazo.<\/p>\n<\/div>\n<p>Tambi\u00e9n uso esta maravillosa combinaci\u00f3n yo mismo y estoy muy satisfecho con ella.<\/p>\n","protected":false},"excerpt":{"rendered":"<p><strong>Avispas Parada 10 ml<\/strong><\/p>\n<p class=\"Normal tm5 tm6\"><span class=\"tm8\">Use los productos biocidas con precauci\u00f3n. Siempre lea la etiqueta y la informaci\u00f3n del producto antes de su uso&#8230;.<\/span><\/p>\n","protected":false},"featured_media":84817,"comment_status":"open","ping_status":"closed","template":"","meta":[],"product_brand":[],"product_cat":[1866,2360],"product_tag":[3317,3318,3319,3320,3315,3316],"class_list":{"0":"post-76992","1":"product","2":"type-product","3":"status-publish","4":"has-post-thumbnail","6":"product_cat-todos-los-productos-resumen","7":"product_cat-aetherische-oele-es","8":"product_tag-parada-de-avispas","9":"product_tag-aceite-de-hoja-de-clavo-de-olor","10":"product_tag-aceite-de-limon","11":"product_tag-extracto-de-lavandula-hybrida","12":"product_tag-parada-de-avispa","13":"product_tag-mantenga-avispas-lejos","14":"product_shipping_class-1-paquete-de-envio-con-seguimiento","16":"first","17":"instock","18":"taxable","19":"shipping-taxable","20":"purchasable","21":"product-type-simple"},"_links":{"self":[{"href":"https:\/\/shop.nlq24.eu\/es\/wp-json\/wp\/v2\/product\/76992","targetHints":{"allow":["GET"]}}],"collection":[{"href":"https:\/\/shop.nlq24.eu\/es\/wp-json\/wp\/v2\/product"}],"about":[{"href":"https:\/\/shop.nlq24.eu\/es\/wp-json\/wp\/v2\/types\/product"}],"replies":[{"embeddable":true,"href":"https:\/\/shop.nlq24.eu\/es\/wp-json\/wp\/v2\/comments?post=76992"}],"wp:featuredmedia":[{"embeddable":true,"href":"https:\/\/shop.nlq24.eu\/es\/wp-json\/wp\/v2\/media\/84817"}],"wp:attachment":[{"href":"https:\/\/shop.nlq24.eu\/es\/wp-json\/wp\/v2\/media?parent=76992"}],"wp:term":[{"taxonomy":"product_brand","embeddable":true,"href":"https:\/\/shop.nlq24.eu\/es\/wp-json\/wp\/v2\/product_brand?post=76992"},{"taxonomy":"product_cat","embeddable":true,"href":"https:\/\/shop.nlq24.eu\/es\/wp-json\/wp\/v2\/product_cat?post=76992"},{"taxonomy":"product_tag","embeddable":true,"href":"https:\/\/shop.nlq24.eu\/es\/wp-json\/wp\/v2\/product_tag?post=76992"}],"curies":[{"name":"wp","href":"https:\/\/api.w.org\/{rel}","templated":true}]}}