{"id":77219,"date":"2021-07-01T12:41:04","date_gmt":"2021-07-01T12:41:04","guid":{"rendered":"https:\/\/shop.nlq24.eu\/?post_type=product&#038;p=77219"},"modified":"2026-02-03T11:16:24","modified_gmt":"2026-02-03T11:16:24","slug":"cdh3000-ms-premium-cd-loesung-03","status":"publish","type":"product","link":"https:\/\/shop.nlq24.eu\/es\/ producto\/cdh3000-ms-premium-cd-loesung-03\/","title":{"rendered":"CDH3000-MS-PREMIUM &#8211; (CDL) 0.3%"},"content":{"rendered":"<p class=\"Normal\"><strong>CDH3000-MS-PREMIUM &#8211; CD Solution 0.3 %<\/strong> es una soluci\u00f3n de di\u00f3xido de cloro (CDS\/CDL) &lt; con un contenido de di\u00f3xido de cloro al 0.3 %. Se ha <strong>activado con \u00e1cido l\u00e1ctico diestro<\/strong> y viene en una <strong>botella de vidrio miron (vidrio violeta) que es particularmente protectora de la luz<\/strong> .<\/p>\n<h3><strong>CDH3000-MS-PREMIUM &#8211; Cd Solution 0,3 % <span class=\"tm6\">Notas:<\/span><\/strong><\/h3>\n<p class=\"Normal tm5\">El l\u00edquido CDH3000 puede decolorar el material org\u00e1nico sin diluir. Despu\u00e9s de inhalar el gas por encima del l\u00edquido, proporcione aire fresco. En caso de contacto con los ojos, enjuague el ojo con agua con el espacio del p\u00e1rpado abierto. Si se ingiere accidentalmente, beba mucha agua para diluirlo. Si tiene s\u00edntomas persistentes, consulte a un m\u00e9dico o natur\u00f3pata. No permita que grandes cantidades entren en el sistema de alcantarillado o cuerpos de agua. Gu\u00e1rdelo en un lugar fresco en la botella cerrada.<\/p>\n<h3 class=\"Normal\"><strong><span class=\"tm6\">Est\u00e1n disponibles las siguientes variantes de CDH3000-MS:<\/span><\/strong><\/h3>\n<p class=\"Normal\">La versi\u00f3n de <strong><span class=\"tm6\">100 ml<\/span><\/strong> est\u00e1 disponible en HDPE o en frasco de vidrio DIN18, cada uno con gotero. Para la botella de vidrio de 100 ml, ahora tambi\u00e9n hay un <strong><a href=\"https:\/\/shop.nlq24.eu\/es\/Produkt\/doser-system-din18\/\">sistema de dosificaci\u00f3n DIN18<\/a><\/strong> (sistema de dosificaci\u00f3n).<\/p>\n<p class=\"Normal\">La variante de 250 y 500 ml te la ofrezco en la botella de vidrio PP28. Opcionalmente, puede elegir un dosificador con el inserto adecuado para extraer y medir esta botella. Sin pedir un Dosificador no entregar\u00e9 un inserto de Dosificador. Adem\u00e1s, la tapa cuando se realiza un pedido sin el sistema Doser no se ajusta a la <strong><a href=\"https:\/\/shop.nlq24.eu\/es\/Produkt\/cierre-tapa-pp28-negro\/\">tapa del sistema Doser PP28.<\/a><\/strong><\/p>\n<p><strong>El sistema dosificador<\/strong><\/p>\n<p>est\u00e1 disponible para las siguientes botellas:<\/p>\n<p>&#8211; En di\u00e1metro de cuello de botella DIN18 para la variante de 100 ml &#8211; con jeringa de 10 ml (est\u00e1ndar) o la<a href=\"https:\/\/shop.nlq24.eu\/es\/?post_type=product&#038;p=84317\"> jeringa de 6 ml m\u00e1s duradera (MD6-18)<\/a><br \/>\n &#8211; En di\u00e1metro de cuello de botella de 28 mm para 250 ml y 500 ml &#8211; con jeringa de 10 ml (est\u00e1ndar) o la <a href=\"https:\/\/shop.nlq24.eu\/es\/?post_type=product&#038;p=84144\">jeringa de 6 ml m\u00e1s duradera (MD6-28)<\/a><\/p>\n<p>Un producto de calidad de <a href=\"https:\/\/www.natao.org\/cdh3000-cdl-wasserdesinfektion.htm\">OX-IT<\/a>.<\/p>\n","protected":false},"excerpt":{"rendered":"<p><span style=\"font-size: 110%;\"><span class=\"tm6\">CDH3000 &#8211; Por favor, utilice MS Premium con cuidado. Siempre lea la etiqueta y la informaci\u00f3n del producto antes de usarlo.<\/span><\/span><\/p>\n","protected":false},"featured_media":87117,"comment_status":"open","ping_status":"closed","template":"","meta":[],"product_brand":[],"product_cat":[1866,1867],"product_tag":[3149,1226,3333,1282,1290,2403,2408],"class_list":{"0":"post-77219","1":"product","2":"type-product","3":"status-publish","4":"has-post-thumbnail","6":"product_cat-todos-los-productos-resumen","7":"product_cat-cdh3000-solucion-de-dioxido-de-cloro-cdl-cds","8":"product_tag-premium-es","9":"product_tag-cdh-es","10":"product_tag-cdh3000-ms-premium-es","11":"product_tag-cds-cdl-es","12":"product_tag-solucion-de-dioxido-de-cloro-es","13":"product_tag-cdh3000-ms-es","14":"product_tag-cdh-milchsaeure-es","15":"product_shipping_class-1-paquete-de-envio-con-seguimiento","16":"pa_flaschenart-botella-de-hdpe","17":"pa_flaschenart-botella-de-vidrio-din18","18":"pa_flaschenart-botella-de-vidrio-miron-28-mm","19":"pa_flaschenart-botella-de-vidrio-pp28","20":"pa_flaschenart-botella-de-vidrio-miron","21":"pa_milliliter-2-x-500-ml-es","22":"pa_milliliter-100-ml-es","23":"pa_milliliter-250-ml-es","24":"pa_milliliter-500-ml-es","25":"pa_milliliter-1000-ml-es","27":"first","28":"instock","29":"taxable","30":"shipping-taxable","31":"purchasable","32":"product-type-variable"},"_links":{"self":[{"href":"https:\/\/shop.nlq24.eu\/es\/wp-json\/wp\/v2\/product\/77219","targetHints":{"allow":["GET"]}}],"collection":[{"href":"https:\/\/shop.nlq24.eu\/es\/wp-json\/wp\/v2\/product"}],"about":[{"href":"https:\/\/shop.nlq24.eu\/es\/wp-json\/wp\/v2\/types\/product"}],"replies":[{"embeddable":true,"href":"https:\/\/shop.nlq24.eu\/es\/wp-json\/wp\/v2\/comments?post=77219"}],"wp:featuredmedia":[{"embeddable":true,"href":"https:\/\/shop.nlq24.eu\/es\/wp-json\/wp\/v2\/media\/87117"}],"wp:attachment":[{"href":"https:\/\/shop.nlq24.eu\/es\/wp-json\/wp\/v2\/media?parent=77219"}],"wp:term":[{"taxonomy":"product_brand","embeddable":true,"href":"https:\/\/shop.nlq24.eu\/es\/wp-json\/wp\/v2\/product_brand?post=77219"},{"taxonomy":"product_cat","embeddable":true,"href":"https:\/\/shop.nlq24.eu\/es\/wp-json\/wp\/v2\/product_cat?post=77219"},{"taxonomy":"product_tag","embeddable":true,"href":"https:\/\/shop.nlq24.eu\/es\/wp-json\/wp\/v2\/product_tag?post=77219"}],"curies":[{"name":"wp","href":"https:\/\/api.w.org\/{rel}","templated":true}]}}