{"id":78424,"date":"2021-10-16T22:19:31","date_gmt":"2021-10-16T22:19:31","guid":{"rendered":"https:\/\/shop.nlq24.eu\/produkt\/dioxido-de-cloro-conjunto-completo-iew\/"},"modified":"2025-11-15T19:24:34","modified_gmt":"2025-11-15T19:24:34","slug":"dioxido-de-cloro-completo-set-iew","status":"publish","type":"product","link":"https:\/\/shop.nlq24.eu\/es\/ producto\/dioxido-de-cloro-completo-set-iew\/","title":{"rendered":"Juego completo de IEW"},"content":{"rendered":"<p>Aqu\u00ed puedes obtener el juego completo del IEW. El IEW es el grupo de inter\u00e9s para la nutrici\u00f3n y el bienestar.<\/p>\n<p>Fue compilado especialmente por <strong>la Verlag f\u00fcr Gesundheit<\/strong> para sus lectores.<\/p>\n<p><strong>El conjunto de CDS\/CDL autofabricado consta de:<\/strong><\/p>\n<ul>\n<li>una <strong><br \/>\n  <a href=\"https:\/\/shop.nlq24.eu\/es\/Produkt\/mironglass-botella-de-cuello-ancho-1-litro\/\">botella de vidrio Miron de cuello ancho<\/a><br \/>\n<\/strong> y una tapa pulida.<\/li>\n<li>1 x di\u00f3xido de cloro ensaparado en botellas de vidrio marr\u00f3n. Consiste en soluci\u00f3n de clorito de <strong style=\"color: #555555;\"><br \/>\n  <a href=\"https:\/\/shop.nlq24.eu\/es\/Produkt\/chlordioxid-set-typ-mms\/\">sodio al 25% y \u00e1cido clorh\u00eddrico al 4%,<\/a><br \/>\n<\/strong><span style=\"color: #555555;\">cada uno de 100 ml.<\/span><\/li>\n<li>1 x <strong style=\"color: #555555;\"><a href=\"https:\/\/shop.nlq24.eu\/es\/Produkt\/mess-cup-100-ml-bribe-pp-blue-scale\/\">taza medidora de 100 ml<\/a>\n<p><\/strong> <span style=\"color: #555555;\">y<\/span><\/li>\n<li>1 x <strong style=\"color: #555555;\"> <a href=\"https:\/\/shop.nlq24.eu\/es\/Produkt\/botella-del-sistema-dosificador\/\">botella del sistema dosificador<\/a>\n<p><\/strong><span style=\"color: #555555;\">  con 250 ml de volumen incl. Jeringa dosificadora<\/span><\/li>\n<li>1 x frasco interior de 100 ml con tapa. La tapa no es necesaria durante el uso.<\/li>\n<\/ul>\n<h1>Los componentes de un vistazo:<\/h1>\n<hr>\n<h3>Juego de clorito de sodio 25 % + \u00e1cido clorh\u00eddrico 4 %<\/h3>\n<p><span class=\"style7\">Conjunto de soluci\u00f3n de clorito s\u00f3dico 25% + \u00e1cido clorh\u00eddrico 4% Utilizar con precauci\u00f3n y leer siempre la etiqueta y la informaci\u00f3n del producto antes de usarlo. <\/span><\/p>\n<p><strong>Soluci\u00f3n de clorito de sodio 25<\/strong><strong>:<\/strong><\/p>\n<p><strong><img loading=\"lazy\" decoding=\"async\" class=\"alignnone size-full wp-image-55159\" src=\"https:\/\/shop.nlq24.eu\/wp-content\/uploads\/2019\/01\/Achtung-Ausrufezeichen-71x71-1.jpg\" alt=\"\" width=\"71\" height=\"71\">   <\/strong><strong><br \/>\nAtenci\u00f3n <\/strong><\/p>\n<p class=\"Standard_1\"><span class=\"tm6\">Instrucciones de peligro y seguridad:<\/span><\/p>\n<p class=\"Standard_1\"><span class=\"tm6\">Lea siempre la etiqueta + informaci\u00f3n del producto antes de usar.<\/span><\/p>\n<p class=\"Standard_1\"><span class=\"tm6\">Desarrollado en contacto con gases \u00e1cidos muy t\u00f3xicos. Da\u00f1ino si se traga. Provoca irritaci\u00f3n ocular grave. Nocivo por inhalaci\u00f3n. No inhale gas\/niebla\/vapor\/aerosol. No debe ponerse en manos de ni\u00f1os.<\/span><\/p>\n<p class=\"Standard_1\"><span class=\"tm6\">Use guantes\/ropa de protecci\u00f3n, protecci\u00f3n ocular\/protecci\u00f3n facial. Almacene solo en su embalaje original bajo llave. En caso de ingesti\u00f3n: Llame a un centro de control de intoxicaciones o a un m\u00e9dico de inmediato.  En caso de contacto con los ojos: Enjuagar suavemente con agua durante unos minutos. Qu\u00edtese las lentes de contacto si es posible. Contin\u00fae enjuagando. Si se requiere consejo m\u00e9dico, tenga a mano la etiqueta de identificaci\u00f3n.<\/span><\/p>\n<p class=\"Normal tm7\"><span class=\"tm8\">Esta mezcla no contiene ninguna sustancia que se eval\u00fae como sustancias PBT o mPmB.<\/span><\/p>\n<hr>\n<p><span class=\"style7\"><strong>\u00c1cido clorh\u00eddrico 4% de:<br \/>\n<\/strong> <strong><img loading=\"lazy\" decoding=\"async\" class=\"alignnone size-full wp-image-55159\" src=\"https:\/\/shop.nlq24.eu\/wp-content\/uploads\/2019\/01\/Achtung-Ausrufezeichen-71x71-1.jpg\" alt=\"\" width=\"71\" height=\"71\"><br \/>\nAtenci\u00f3n<br \/>\n<\/strong><\/span>Puede ser corrosivo para los metales. Provoca irritaci\u00f3n cut\u00e1nea. Provoca irritaci\u00f3n ocular grave. En caso de contacto con los ojos: Enjuague cuidadosamente con agua durante varios minutos. Qu\u00edtese las lentes de contacto existentes si es posible. Contin\u00fae enjuagando. Si se traga: Enjuague la boca. No induzca el v\u00f3mito. Use guantes protectores\/ropa protectora\/protecci\u00f3n para los ojos\/protecci\u00f3n para la cara.<\/p>\n<p>La mezcla de clorito de sodio al 25% y \u00e1cido produce gas di\u00f3xido de cloro.<\/p>\n<hr>\n<h3>Informaci\u00f3n sobre el contenido del conjunto<\/h3>\n<p>con amable ejecuci\u00f3n por Verlag f\u00fcr Gesundheit.<\/p>\n<h3>La botella de cuello ancho Mironglas<\/h3>\n<p>Esta botella especial tambi\u00e9n se puede utilizar para preparar una soluci\u00f3n utilizando el llamado m\u00e9todo del frasco de pepino. Sin embargo, esta es una variante premium. La soluci\u00f3n de di\u00f3xido de cloro sensible a la luz est\u00e1 <strong>protegida de la mejor manera posible<\/strong> por el <strong><a href=\"https:\/\/shop.nlq24.eu\/es\/el-vidrio-miron-protege-sus-sustancias\/\">vidrio Miron<\/a><\/strong>.<\/p>\n<p>Esta es su ventaja particular cuando se utiliza esta botella de cuello ancho Mironglas. Tiene una capacidad de 1 litro.<\/p>\n<p>La<strong> peque\u00f1a botella transparente (100 ml) <\/strong>se suministra como <strong>recipiente interior<\/strong>.<\/p>\n<p>El vidrio miron de alta calidad protege todas las sustancias que se descomponen m\u00e1s r\u00e1pido cuando cae la luz. Ejemplos.B incluyen el almacenamiento de hierbas, as\u00ed como cremas, pero tambi\u00e9n muchos otros ingredientes.<\/p>\n<h3>Botella de vidrio miron de cuello ancho para una vida \u00fatil m\u00e1s larga<\/h3>\n<p>Esta botella de boticario es una botella de vidrio MIRON Violet \u00fanica y lujosa. Ha sido especialmente desarrollado y act\u00faa como un filtro \u00f3ptimo contra los rayos de luz da\u00f1inos y destructivos. Est\u00e1n bloqueados por este vidrio en particular. La protecci\u00f3n del vidrio garantiza, por un lado, que el sabor, as\u00ed como el olor, el color, as\u00ed como la bioenerg\u00eda y las propiedades correspondientes del producto se conserven por m\u00e1s tiempo,<\/p>\n<p>Los productos almacenados en tales botellas de Mironglas conservan sus propiedades \u00fanicas. Y esto incluso durante un per\u00edodo m\u00e1s largo. Las pruebas lo han demostrado de manera impresionante.<\/p>\n<p>Soluci\u00f3n de di\u00f3xido de cloro seg\u00fan el m\u00e9todo de vidrio de pepino<\/p>\n<p>Las soluciones mixtas tambi\u00e9n son sensibles a la luz. Y esto no solo se aplica a la activaci\u00f3n. Por lo tanto, este vidrio Miron es particularmente adecuado para esto.<\/p>\n<p>Un punto d\u00e9bil en el llamado \u00abm\u00e9todo de vidrio de pepino\u00bb era el sello de goma. Este sello fue atacado por di\u00f3xido de cloro.<\/p>\n<p>Esta botella, por otro lado, est\u00e1 equipada con un tap\u00f3n de vidrio pulido. Este no tiene material org\u00e1nico que pueda ser atacado.<\/p>\n<p>La botella es casi herm\u00e9tica al gas. No puede producirse una sobrepresurizaci\u00f3n en la botella durante la activaci\u00f3n con \u00e1cido clorh\u00eddrico.<\/p>\n<p>Se incluye como accesorio una botella m\u00e1s peque\u00f1a en la que puede activar el clorito s\u00f3dico con el \u00e1cido clorh\u00eddrico. Despu\u00e9s de mezclar los l\u00edquidos, coloque esta botella en la botella grande Mironglas de cuello ancho. <\/p>\n<h3>Activaci\u00f3n seg\u00fan el m\u00e9todo del tarro de pepino Deluxe<\/h3>\n<p>Esta botella de cuello ancho, <strong>vidrio miron que protege la luz y las frecuencias,<\/strong> se llenar\u00e1 primero con 700 ml de agua desmineralizada. El agua de un <a href=\"https:\/\/shop.nlq24.eu\/es\/?post_type=product&#038;p=82606\"><br \/>\n  <strong>sistema de \u00f3smosis inversa<\/strong><br \/>\n<\/a>es la m\u00e1s adecuada para esto. Hay dos modelos en la tienda,<\/p>\n<p>Despu\u00e9s de eso, se colocan 30 ml <strong> <a href=\"https:\/\/shop.nlq24.eu\/es\/Produkt\/natriumchlorit-25-loesung-es\/\">de soluci\u00f3n de clorito de sodio al 25%,<\/a> <\/strong>y luego 70 ml <strong><a href=\"https:\/\/shop.nlq24.eu\/es\/Produkt\/salzsaeure-4\/\">de \u00e1cido clorh\u00eddrico al 4%<\/a><\/p>\n<p><\/strong> en la botella peque\u00f1a. Para medir, utilice el <strong><a href=\"https:\/\/shop.nlq24.eu\/es\/Produkt\/mess-cup-100-ml-bribe-pp-blue-scale\/\">vaso medidor de 100 ml<\/a><\/strong> incluido en el juego. Aseg\u00farese de enjuagar bien la taza medidora antes de medir el segundo componente con ella para que las dos sustancias no se activen en la taza medidora. <\/p>\n<p>Si el clorito de sodio y el \u00e1cido clorh\u00eddrico se llenan en el vial peque\u00f1o, se coloca inmediatamente en la botella m\u00e1s grande de cuello ancho. La botella peque\u00f1a con la mezcla NO debe cerrarse para que el gas pueda pasar sin obst\u00e1culos al agua en la botella de boca ancha. Cierre inmediatamente la botella de cuello ancho con la tapa grande lijada simplemente coloc\u00e1ndola sobre ella.<\/p>\n<h3>Activaci\u00f3n<\/h3>\n<p>Despu\u00e9s de un per\u00edodo de espera de aproximadamente 24 horas a temperatura ambiente, el gas de la botella cerrada pasa al agua presente en el interior. Por cierto, el agua solo absorbe un m\u00e1ximo de 3000 ppm del gas de forma m\u00e1s permanente. Ese es el 0,3%. En otras palabras, exactamente lo que necesitamos.   <\/p>\n<p>S\u00f3lo despu\u00e9s de esta activaci\u00f3n, coloque cuidadosamente la botella de cuello ancho y su contenido en el frigor\u00edfico. En \u00e9l, la mezcla puede enfriarse por debajo de los 9 grados cent\u00edgrados durante aproximadamente 6 horas. Despu\u00e9s de este tiempo, el gas di\u00f3xido de cloro se disuelve en el agua de la mejor manera posible y se gase menos r\u00e1pidamente en el aire. El gas se licua en gran medida por debajo de esta temperatura. Por lo tanto, permanece unido en el l\u00edquido durante la transferencia posterior.<\/p>\n<h3>Procesamiento posterior de la soluci\u00f3n<\/h3>\n<p>Despu\u00e9s de este tiempo, la soluci\u00f3n fr\u00eda se puede desllenar en otros recipientes. Para hacer esto, abra la botella de cuello ancho de vidrio Miron y retire la botella peque\u00f1a. Despu\u00e9s de eso, se cerrar\u00e1 inmediatamente. Luego puede transferir la soluci\u00f3n (CDS) a botellas m\u00e1s peque\u00f1as. Vuelve a poner el resto en el frigor\u00edfico.    <\/p>\n<p>Aqu\u00ed encontrar\u00e1 m\u00e1s botellas <strong><a href=\"https:\/\/shop.nlq24.eu\/es\/Produkt\/botella-de-vidrio-miron\/\">Mironglas para rellenar<\/a><\/strong>. Por supuesto, tambi\u00e9n puede decantar el CDL en <strong><a href=\"https:\/\/shop.nlq24.eu\/es\/categoria-producto\/botellas-tapones-accesorios\/\">botellas de vidrio \u00e1mbar<\/a><\/strong> <\/p>\n<p>&nbsp;<\/p>\n<hr>\n<h3><strong>La taza medidora 100 ml<\/strong><\/h3>\n<p>Esta taza de medici\u00f3n es ideal para dosificar, medir y mezclar hasta 100 ml de volumen.<br \/>\nEst\u00e1 hecho <strong>de PP duradero<\/strong> y, por lo tanto, es casi <strong>irrompible.<\/strong> El material es altamente transparente y proporciona una buena visi\u00f3n del material de llenado. Por lo tanto, una inspecci\u00f3n visual de calidad durante el llenado es muy bien posible. Esta taza medidora tiene una superficie lisa y es universalmente utilizable. Debido a su durabilidad.B, tambi\u00e9n es adecuado para <strong><a href=\"https:\/\/shop.nlq24.eu\/de\/produkt\/cdh3000-chlordioxid-loesung\/\">CDH3000,<\/a><\/p>\n<p><\/strong> <span style=\"color: #333399;\"> <strong><a style=\"color: #333399;\" href=\"https:\/\/shop.nlq24.eu\/es\/Produkt\/dmso100-dimethylsulfoxid-es\/\">DMSO,<\/a><\/strong> <\/span> <a href=\"https:\/\/shop.nlq24.eu\/es\/Produkt\/mkb-magnesium-kalium-borax-mischung-in-glasflasche-100-ml-es\/\">MKB,<\/a> <a href=\"https:\/\/shop.nlq24.eu\/es\/Produkt\/dmkb-dmso-magnesium-potasio-borax-loesung\/\">DMKB<\/a> y muchos otros l\u00edquidos. Ideal para su uso tanto en la cocina como en el laboratorio. La escama azul resistente a los productos qu\u00edmicos tiene una incrustaci\u00f3n rugosa en pasos de 10 ml y tambi\u00e9n una incrustaci\u00f3n fina en pasos de 2 ml. Esto permite un dise\u00f1o preciso.<br \/>\nEsta copa tambi\u00e9n es adecuada para la desinfecci\u00f3n en caliente hasta m\u00e1x. 121 \u00b0C durante un tiempo de hasta 20 minutos y, por lo tanto, autoclavable.<\/p>\n<h4><strong>Las mediciones:<\/strong><br \/>\nEl di\u00e1metro en la zona del borde superior es de 50 mm, en la inferior de 40 mm. La altura es de 80 mm.<\/h4>\n<p>&nbsp;<\/p>\n<hr>\n<h3><strong>El frasco Doser-System 250 ml<\/strong><\/h3>\n<p>La botella Doser System se puede seleccionar con un sistema de muestreo. Despu\u00e9s de llenar la botella, un tap\u00f3n de pl\u00e1stico, el <strong><a href=\"https:\/\/shop.nlq24.eu\/de\/produkt\/doser-einsatz-fuer-doser-system\/\">llamado inserto dosificador<\/a><\/strong>, se presiona firmemente en el cuello de la botella con el pulgar hasta el tope. La plaquita dosificador, por otro lado, se combina con precisi\u00f3n con el dosificador (jeringa dosificador). Es el acoplamiento entre el inserto del <strong><a href=\"https:\/\/shop.nlq24.eu\/es\/Produkt\/jeringa-dosificadora-dosificadora-10-ml-para-frascos-pp28\/\">dosificador y el dosificador<\/a><\/strong>. La jeringa dosificadora conocida como \u00abDosificador\u00bb es adecuada para la eliminaci\u00f3n limpia y sin p\u00e9rdidas de la botella de vidrio. La eliminaci\u00f3n es muy simple:<\/p>\n<p><strong>1.<\/strong> Abra la botella.<br \/>\n<strong>2.<\/strong> Inserte el <strong><a href=\"https:\/\/shop.nlq24.eu\/es\/Produkt\/jeringa-dosificadora-dosificadora-10-ml-para-frascos-pp28\/\">dosificador<\/a><\/strong> (jeringa dosificadora) firmemente en e<strong>l<a href=\"https:\/\/shop.nlq24.eu\/de\/produkt\/doser-einsatz-fuer-doser-system\/\"> inserto del dosificador<\/a><\/strong> (acoplamiento).<br \/>\n<strong>3. <\/strong>Ahora inclina la botella boca abajo.<br \/>\n<b>4. <\/b>Utilice el dosificador para extraer la cantidad que necesite y vuelva a dar la vuelta a la botella.<br \/>\n<strong>5. <\/strong>verschlie\u00dfe die Flasche sofort wieder.<\/p>\n<p>Ahora puedes usar la soluci\u00f3n.<\/p>\n<p>Durch seine Graduierung (Skala) kannst du die F\u00fcllmenge w\u00e4hrend des Aufziehens der Fl\u00fcssigkeit gleichzeitig abmessen.<\/p>\n<h4><strong>Especificaciones de la botella del sistema Doser PP28:<\/strong><\/h4>\n<p>El cuerpo de vidrio de la <strong><a href=\"https:\/\/shop.nlq24.eu\/es\/Produkt\/botella-del-sistema-dosificador\/\">botella del sistema dosificador<\/a><\/strong> PP28 est\u00e1 hecho de vidrio \u00e1mbar de clase hidrol\u00edtica 3. Con su coloraci\u00f3n a trav\u00e9s, ofrece a su producto en botella una buena protecci\u00f3n contra la luz. La rosca tiene un tama\u00f1o de 28 mm (PP28). Esta botella es incluso resistente a \u00e1cidos y otras sustancias agresivas. Como resultado, tiene excelentes propiedades de barrera y tambi\u00e9n tiene un aspecto de alta calidad. Tambi\u00e9n puede usarlos muy bien para rellenar con <strong><a href=\"https:\/\/shop.nlq24.eu\/es\/Produkt\/cds-cdl-solucion-de-dioxido-de-cloro-cdh3000\/\">CDH3000<\/a><\/strong> .<\/p>\n<p>Las <strong><a href=\"https:\/\/shop.nlq24.eu\/es\/categoria-producto\/miron-glasflaschen-es\/\">botellas de vidrio Miron<\/a><\/strong> ofrecen una protecci\u00f3n contra la luz a\u00fan mayor y, por lo tanto, una vida \u00fatil a\u00fan m\u00e1s larga. Estas son las botellas m\u00e1s \u00f3ptimas para soluciones CDL \/ CDS. <\/p>\n","protected":false},"excerpt":{"rendered":"<p>IEW Juego completo: Tarro de pepino Miron +<span class=\"style7\"> Clorito de sodio + \u00c1cido clorh\u00eddrico 100 ml cada uno +<\/span>, Taza medidora + Botella con sistema dosificador 250 ml<\/p>\n","protected":false},"featured_media":78258,"comment_status":"open","ping_status":"closed","template":"","meta":[],"product_brand":[],"product_cat":[2317,2829],"product_tag":[3366,3367],"class_list":{"0":"post-78424","1":"product","2":"type-product","3":"status-publish","4":"has-post-thumbnail","6":"product_cat-cdh-components-es","7":"product_cat-iew-es","8":"product_tag-metodo-de-vidrio-de-pepino-iew-set","9":"product_tag-dioxido-de-cloro-conjunto-completo-iew","10":"product_shipping_class-1-paquete-de-envio-con-seguimiento","12":"first","13":"instock","14":"taxable","15":"shipping-taxable","16":"purchasable","17":"product-type-simple"},"_links":{"self":[{"href":"https:\/\/shop.nlq24.eu\/es\/wp-json\/wp\/v2\/product\/78424","targetHints":{"allow":["GET"]}}],"collection":[{"href":"https:\/\/shop.nlq24.eu\/es\/wp-json\/wp\/v2\/product"}],"about":[{"href":"https:\/\/shop.nlq24.eu\/es\/wp-json\/wp\/v2\/types\/product"}],"replies":[{"embeddable":true,"href":"https:\/\/shop.nlq24.eu\/es\/wp-json\/wp\/v2\/comments?post=78424"}],"wp:featuredmedia":[{"embeddable":true,"href":"https:\/\/shop.nlq24.eu\/es\/wp-json\/wp\/v2\/media\/78258"}],"wp:attachment":[{"href":"https:\/\/shop.nlq24.eu\/es\/wp-json\/wp\/v2\/media?parent=78424"}],"wp:term":[{"taxonomy":"product_brand","embeddable":true,"href":"https:\/\/shop.nlq24.eu\/es\/wp-json\/wp\/v2\/product_brand?post=78424"},{"taxonomy":"product_cat","embeddable":true,"href":"https:\/\/shop.nlq24.eu\/es\/wp-json\/wp\/v2\/product_cat?post=78424"},{"taxonomy":"product_tag","embeddable":true,"href":"https:\/\/shop.nlq24.eu\/es\/wp-json\/wp\/v2\/product_tag?post=78424"}],"curies":[{"name":"wp","href":"https:\/\/api.w.org\/{rel}","templated":true}]}}